{"id":14072,"date":"2021-02-21T14:19:45","date_gmt":"2021-02-21T14:19:45","guid":{"rendered":"https:\/\/www.autonvaraosahaku.fi\/?product=ridex-7o0057-oljynsuodatin"},"modified":"2021-02-21T14:19:47","modified_gmt":"2021-02-21T14:19:47","slug":"ridex-7o0057-oljynsuodatin","status":"publish","type":"product","link":"https:\/\/www.autonvaraosahaku.fi\/?product=ridex-7o0057-oljynsuodatin","title":{"rendered":"RIDEX 7O0057 \u00d6ljynsuodatin"},"content":{"rendered":"<p>Korkeus (mm): 120; Kierremitta: M 26 X 1.5; Ulkol\u00e4pimitta [mm]: 94; Korvaava tuote\/korvaava tiedote 2: yhdell\u00e4 peruutuksenestoventtiilill\u00e4; Ulkol\u00e4pimitta 2 [mm]: 72; Sis\u00e4l\u00e4pimitta 2 [mm]: 62; Avauspaine ohitusventtiili [bar]: 1,0; Valmistusvuosi alkaen: 06\/2000; KIA: SORENTO I JC,CARNIVAL II GQ,CARNIVAL \/ GRAND CARNIVAL III VQ,PREGIO Kasten TB,K2700 SD,PREGIO Bus,K2500 SD,K2900,BONGO Pritsche\/Fahrgestell; HYUNDAI: TERRACAN HP,H-1 Travel TQ,GALLOPER II JK-01,H-1 Kasten,H-1 Cargo TQ,H-1 \/ STAREX,GALLOPER I,H-1 Pritsche\/Fahrgestell,H350 Bus,H350 Kasten,PORTER Pick-up,H350 Pritsche\/Fahrgestell,HD LIGHT; 2630042030, 2630042040, 2630042060, 263104A000, 263104A010, 263304A000, 263304A001, 263304X000, 0K55114302, 263104A000, 263104A010, 263304X000, K55114302, OK55114302<\/p>\n","protected":false},"excerpt":{"rendered":"<p>RIDEX \u00d6ljynsuodatin 7O0057  KIA,HYUNDAI,SORENTO I JC,CARNIVAL II GQ,CARNIVAL \/ GRAND CARNIVAL III VQ,PREGIO Kasten TB,K2700 SD,PREGIO Bus,K2500 SD<\/p>\n","protected":false},"featured_media":0,"template":"","meta":{"site-sidebar-layout":"default","site-content-layout":"default","ast-global-header-display":"","ast-main-header-display":"","ast-hfb-above-header-display":"","ast-hfb-below-header-display":"","ast-hfb-mobile-header-display":"","site-post-title":"","ast-breadcrumbs-content":"","ast-featured-img":"","footer-sml-layout":"","theme-transparent-header-meta":"","adv-header-id-meta":"","stick-header-meta":"","header-above-stick-meta":"","header-main-stick-meta":"","header-below-stick-meta":""},"pwb-brand":[157],"product_cat":[30],"product_tag":[],"class_list":{"0":"post-14072","1":"product","2":"type-product","3":"status-publish","5":"pwb-brand-ridex","6":"product_cat-oljynsuodatin","7":"desktop-align-left","8":"tablet-align-left","9":"mobile-align-left","11":"first","12":"instock","13":"product-type-external"},"brands":[{"id":157,"name":"RIDEX","slug":"ridex"}],"_links":{"self":[{"href":"https:\/\/www.autonvaraosahaku.fi\/index.php?rest_route=\/wp\/v2\/product\/14072","targetHints":{"allow":["GET"]}}],"collection":[{"href":"https:\/\/www.autonvaraosahaku.fi\/index.php?rest_route=\/wp\/v2\/product"}],"about":[{"href":"https:\/\/www.autonvaraosahaku.fi\/index.php?rest_route=\/wp\/v2\/types\/product"}],"wp:attachment":[{"href":"https:\/\/www.autonvaraosahaku.fi\/index.php?rest_route=%2Fwp%2Fv2%2Fmedia&parent=14072"}],"wp:term":[{"taxonomy":"pwb-brand","embeddable":true,"href":"https:\/\/www.autonvaraosahaku.fi\/index.php?rest_route=%2Fwp%2Fv2%2Fpwb-brand&post=14072"},{"taxonomy":"product_cat","embeddable":true,"href":"https:\/\/www.autonvaraosahaku.fi\/index.php?rest_route=%2Fwp%2Fv2%2Fproduct_cat&post=14072"},{"taxonomy":"product_tag","embeddable":true,"href":"https:\/\/www.autonvaraosahaku.fi\/index.php?rest_route=%2Fwp%2Fv2%2Fproduct_tag&post=14072"}],"curies":[{"name":"wp","href":"https:\/\/api.w.org\/{rel}","templated":true}]}}