{"id":14081,"date":"2021-02-21T14:19:49","date_gmt":"2021-02-21T14:19:49","guid":{"rendered":"https:\/\/www.autonvaraosahaku.fi\/?product=febi-bilstein-06161-muut-luokat"},"modified":"2021-02-21T14:19:50","modified_gmt":"2021-02-21T14:19:50","slug":"febi-bilstein-06161-muut-luokat","status":"publish","type":"product","link":"https:\/\/www.autonvaraosahaku.fi\/?product=febi-bilstein-06161-muut-luokat","title":{"rendered":"FEBI BILSTEIN 06161 Muut luokat"},"content":{"rendered":"<p>V\u00e4ri: Vihre\u00e4; Tilavuus (litra): 1; Paino [kg]: 0,96; Huomioi huolto-ohjeet: , ; CITRO\u00cbN: C5 III Break TD_,C5 II Break RE_,C5 I DC_,C5 I Break DE_,C5 III RD_,C5 II RC_,C6 TD_; G002000, G002500, G004000M2, 81229407758, 82110148132, 82111468041, 83290429576, 00MS10838, 0MS11655b, MS10838, MS11655b, 9730A1, 9730A5, 997964, 997969, 9979A3, 1786432, 955550AG3, TUTELLAGIR, 1384110, M2C204A, M2C204A2, 0023219017, o023219017, PSF4, LR003401, 09110030427, 3289, M3289, 83290429576, 01940715, 01940766, 1940715, 1940766, S712710, 00004320333, 00004320489, 00004320656, 99991755100, 90392706, 93160548, 93165227, G002000, G002500, G004000M2, G002000, G002500, G004000M2, 093160548, 93160548, 1161317, 1161529, 30741424, 8713081, G002000, G004000M2; Hydrauli\u00f6ljy,\u00d6ljyt<\/p>\n","protected":false},"excerpt":{"rendered":"<p>FEBI BILSTEIN Hydrauliikka\u00f6ljy 06161 Hydrauli\u00f6ljy,\u00d6ljyt CITRO\u00cbN,C5 III Break TD_,C5 II Break RE_,C5 I DC_,C5 I Break DE_,C5 III RD_,C5 II RC_,C6 TD_<\/p>\n","protected":false},"featured_media":0,"template":"","meta":{"site-sidebar-layout":"default","site-content-layout":"default","ast-global-header-display":"","ast-main-header-display":"","ast-hfb-above-header-display":"","ast-hfb-below-header-display":"","ast-hfb-mobile-header-display":"","site-post-title":"","ast-breadcrumbs-content":"","ast-featured-img":"","footer-sml-layout":"","theme-transparent-header-meta":"","adv-header-id-meta":"","stick-header-meta":"","header-above-stick-meta":"","header-main-stick-meta":"","header-below-stick-meta":""},"pwb-brand":[50],"product_cat":[37],"product_tag":[],"class_list":{"0":"post-14081","1":"product","2":"type-product","3":"status-publish","5":"pwb-brand-febi-bilstein","6":"product_cat-muut-luokat","7":"desktop-align-left","8":"tablet-align-left","9":"mobile-align-left","11":"first","12":"instock","13":"product-type-external"},"brands":[{"id":50,"name":"FEBI BILSTEIN","slug":"febi-bilstein"}],"_links":{"self":[{"href":"https:\/\/www.autonvaraosahaku.fi\/index.php?rest_route=\/wp\/v2\/product\/14081","targetHints":{"allow":["GET"]}}],"collection":[{"href":"https:\/\/www.autonvaraosahaku.fi\/index.php?rest_route=\/wp\/v2\/product"}],"about":[{"href":"https:\/\/www.autonvaraosahaku.fi\/index.php?rest_route=\/wp\/v2\/types\/product"}],"wp:attachment":[{"href":"https:\/\/www.autonvaraosahaku.fi\/index.php?rest_route=%2Fwp%2Fv2%2Fmedia&parent=14081"}],"wp:term":[{"taxonomy":"pwb-brand","embeddable":true,"href":"https:\/\/www.autonvaraosahaku.fi\/index.php?rest_route=%2Fwp%2Fv2%2Fpwb-brand&post=14081"},{"taxonomy":"product_cat","embeddable":true,"href":"https:\/\/www.autonvaraosahaku.fi\/index.php?rest_route=%2Fwp%2Fv2%2Fproduct_cat&post=14081"},{"taxonomy":"product_tag","embeddable":true,"href":"https:\/\/www.autonvaraosahaku.fi\/index.php?rest_route=%2Fwp%2Fv2%2Fproduct_tag&post=14081"}],"curies":[{"name":"wp","href":"https:\/\/api.w.org\/{rel}","templated":true}]}}