{"id":14083,"date":"2021-02-21T14:19:49","date_gmt":"2021-02-21T14:19:49","guid":{"rendered":"https:\/\/www.autonvaraosahaku.fi\/?product=a-b-s-17541-jarrulevyt"},"modified":"2021-02-21T14:19:50","modified_gmt":"2021-02-21T14:19:50","slug":"a-b-s-17541-jarrulevyt","status":"publish","type":"product","link":"https:\/\/www.autonvaraosahaku.fi\/?product=a-b-s-17541-jarrulevyt","title":{"rendered":"A.B.S. 17541 Jarrulevyt"},"content":{"rendered":"<p>Ulkol\u00e4pimitta [mm]: 260; Jarrulevyn paksuus (mm): 22; V\u00e4himm\u00e4ispaksuus (mm): 20; Korkeus (mm): 44; Vanne, aukkoja: 4; Jarrulevytyyppi: Tuuletettu; keskitt\u00e4misl\u00e4pimitta [mm]: 60,8; Reik\u00e4ympyr\u00e4-\u00d8 [mm]: 100; Pinta: pinnoitettu; Paino [kg]: 5,58; Tuotelinja: COATED; Asennuspuoli: Vorderachse; NISSAN: MICRA III K12,NOTE E11,MICRA C+C K12,MICRA V K14,BLUEBIRD SYLPHY G11; DACIA: SANDERO,LOGAN MCV KS_,LOGAN EXPRESS FS_,LOGAN Pick-up US_; RENAULT: CLIO III BR0\/1, CR0\/1,MODUS \/ GRAND MODUS F\/JP0_,MEGANE II BM0\/1_, CM0\/1_,CLIO Grandtour KR0\/1_,MEGANE II Stufenheck LM0\/1_,CLIO III Kasten SB_, SR_,LOGAN I Kombi KS_,LOGAN EXPRESS; 402064911R, 7701207795, 8671016813, 7701207795, 4020600Q1M, 402064AA1A, 402066478R, 40206AX600, 40206AX602, 40206AX603, 40206AX60A, D0206AX60MRV, 402064911R, 7701207795, 8671016813; Jarrulevy<\/p>\n","protected":false},"excerpt":{"rendered":"<p>A.B.S. Jarrulevyt 17541 Jarrulevy NISSAN,DACIA,RENAULT,MICRA III K12,NOTE E11,MICRA C+C K12,MICRA V K14,BLUEBIRD SYLPHY G11,SANDERO,LOGAN MCV KS_<\/p>\n","protected":false},"featured_media":0,"template":"","meta":{"site-sidebar-layout":"default","site-content-layout":"default","ast-global-header-display":"","ast-main-header-display":"","ast-hfb-above-header-display":"","ast-hfb-below-header-display":"","ast-hfb-mobile-header-display":"","site-post-title":"","ast-breadcrumbs-content":"","ast-featured-img":"","footer-sml-layout":"","theme-transparent-header-meta":"","adv-header-id-meta":"","stick-header-meta":"","header-above-stick-meta":"","header-main-stick-meta":"","header-below-stick-meta":""},"pwb-brand":[326],"product_cat":[66],"product_tag":[],"class_list":{"0":"post-14083","1":"product","2":"type-product","3":"status-publish","5":"pwb-brand-a-b-s","6":"product_cat-jarrulevyt","7":"desktop-align-left","8":"tablet-align-left","9":"mobile-align-left","11":"first","12":"instock","13":"product-type-external"},"brands":[{"id":326,"name":"A.B.S.","slug":"a-b-s"}],"_links":{"self":[{"href":"https:\/\/www.autonvaraosahaku.fi\/index.php?rest_route=\/wp\/v2\/product\/14083","targetHints":{"allow":["GET"]}}],"collection":[{"href":"https:\/\/www.autonvaraosahaku.fi\/index.php?rest_route=\/wp\/v2\/product"}],"about":[{"href":"https:\/\/www.autonvaraosahaku.fi\/index.php?rest_route=\/wp\/v2\/types\/product"}],"wp:attachment":[{"href":"https:\/\/www.autonvaraosahaku.fi\/index.php?rest_route=%2Fwp%2Fv2%2Fmedia&parent=14083"}],"wp:term":[{"taxonomy":"pwb-brand","embeddable":true,"href":"https:\/\/www.autonvaraosahaku.fi\/index.php?rest_route=%2Fwp%2Fv2%2Fpwb-brand&post=14083"},{"taxonomy":"product_cat","embeddable":true,"href":"https:\/\/www.autonvaraosahaku.fi\/index.php?rest_route=%2Fwp%2Fv2%2Fproduct_cat&post=14083"},{"taxonomy":"product_tag","embeddable":true,"href":"https:\/\/www.autonvaraosahaku.fi\/index.php?rest_route=%2Fwp%2Fv2%2Fproduct_tag&post=14083"}],"curies":[{"name":"wp","href":"https:\/\/api.w.org\/{rel}","templated":true}]}}