{"id":14094,"date":"2021-02-21T14:19:49","date_gmt":"2021-02-21T14:19:49","guid":{"rendered":"https:\/\/www.autonvaraosahaku.fi\/?product=herthbuss-elparts-50267017-muut-luokat"},"modified":"2021-02-21T14:19:51","modified_gmt":"2021-02-21T14:19:51","slug":"herthbuss-elparts-50267017-muut-luokat","status":"publish","type":"product","link":"https:\/\/www.autonvaraosahaku.fi\/?product=herthbuss-elparts-50267017-muut-luokat","title":{"rendered":"HERTH+BUSS ELPARTS 50267017 Muut luokat"},"content":{"rendered":"<p>Versio: BMW, 3er, 5er, 7er, E34, E36, E39, E46, E60, E61, E65, E66, E81, E82, E87, E88, E90, E91, E92, E93, F01, F02, X5, X6, Z4, Citroen, Partner, Xantia, Peugeot, 307, 407, 806, BX, ZX, Expert 1, Expert 2, Seat, Leon, Mercedes-Benz, Atego, 170, 220, W124, W164, W202, W461, Renault, VAG, Audi, A6, S6; OE-numerolle: 51 16 1 881 149, 6972.10, 1L0 853 934, 000 990 34 92, 77 03 072 116, N 10259301; Asennuspuoli: Sis\u00e4verhoilu, Py\u00f6r\u00e4n puoli; Korkeus 1 (mm): 11,5; Korkeus 2 (mm): 23,5; L\u00e4pimitta [mm]: 10; Reik\u00e4l\u00e4pimitalle alkaen [mm]: 5; Reik\u00e4l\u00e4pimitta enint. [mm]: 5,5; Materiaali: Muovi, Polyamidi 6; 51161881149, 7903072170, 0009903492, 1409940048, A0009903492, A1409940048, 697210, 7703072116, 1L0853934, N10259301<\/p>\n","protected":false},"excerpt":{"rendered":"<p>HERTH+BUSS ELPARTS Levitysniitti 50267017<\/p>\n","protected":false},"featured_media":0,"template":"","meta":{"site-sidebar-layout":"default","site-content-layout":"default","ast-global-header-display":"","ast-main-header-display":"","ast-hfb-above-header-display":"","ast-hfb-below-header-display":"","ast-hfb-mobile-header-display":"","site-post-title":"","ast-breadcrumbs-content":"","ast-featured-img":"","footer-sml-layout":"","theme-transparent-header-meta":"","adv-header-id-meta":"","stick-header-meta":"","header-above-stick-meta":"","header-main-stick-meta":"","header-below-stick-meta":""},"pwb-brand":[232],"product_cat":[37],"product_tag":[],"class_list":{"0":"post-14094","1":"product","2":"type-product","3":"status-publish","5":"pwb-brand-herthbuss-elparts","6":"product_cat-muut-luokat","7":"desktop-align-left","8":"tablet-align-left","9":"mobile-align-left","11":"first","12":"instock","13":"product-type-external"},"brands":[{"id":232,"name":"HERTH+BUSS ELPARTS","slug":"herthbuss-elparts"}],"_links":{"self":[{"href":"https:\/\/www.autonvaraosahaku.fi\/index.php?rest_route=\/wp\/v2\/product\/14094","targetHints":{"allow":["GET"]}}],"collection":[{"href":"https:\/\/www.autonvaraosahaku.fi\/index.php?rest_route=\/wp\/v2\/product"}],"about":[{"href":"https:\/\/www.autonvaraosahaku.fi\/index.php?rest_route=\/wp\/v2\/types\/product"}],"wp:attachment":[{"href":"https:\/\/www.autonvaraosahaku.fi\/index.php?rest_route=%2Fwp%2Fv2%2Fmedia&parent=14094"}],"wp:term":[{"taxonomy":"pwb-brand","embeddable":true,"href":"https:\/\/www.autonvaraosahaku.fi\/index.php?rest_route=%2Fwp%2Fv2%2Fpwb-brand&post=14094"},{"taxonomy":"product_cat","embeddable":true,"href":"https:\/\/www.autonvaraosahaku.fi\/index.php?rest_route=%2Fwp%2Fv2%2Fproduct_cat&post=14094"},{"taxonomy":"product_tag","embeddable":true,"href":"https:\/\/www.autonvaraosahaku.fi\/index.php?rest_route=%2Fwp%2Fv2%2Fproduct_tag&post=14094"}],"curies":[{"name":"wp","href":"https:\/\/api.w.org\/{rel}","templated":true}]}}