{"id":14105,"date":"2021-02-21T14:19:53","date_gmt":"2021-02-21T14:19:53","guid":{"rendered":"https:\/\/www.autonvaraosahaku.fi\/?product=mahle-original-kx-338-22d-polttoainesuodatin"},"modified":"2021-02-21T14:19:54","modified_gmt":"2021-02-21T14:19:54","slug":"mahle-original-kx-338-22d-polttoainesuodatin","status":"publish","type":"product","link":"https:\/\/www.autonvaraosahaku.fi\/?product=mahle-original-kx-338-22d-polttoainesuodatin","title":{"rendered":"MAHLE ORIGINAL KX 338\/22D Polttoainesuodatin"},"content":{"rendered":"<p>Suodatintyyppi: Suodatinpanos; L\u00e4pimitta [mm]: 89,2; Kopan l\u00e4pimitta (mm): 88,7; Korkeus (mm): 141,8; L\u00e4pimitta 4 [mm]: 31,1, 31,1; Moottorinumero: M9T 870; MERCEDES-BENZ: VITO Tourer W447,VITO Kasten W447,VITO Mixto W447,X-CLASS 470,X-CLASS Pritsche\/Fahrgestell 470; OPEL: MOVANO B Kasten,MOVANO B Bus,MOVANO B Pritsche\/Fahrgestell,VIVARO Combi,VIVARO Kasten,VIVARO Pritsche\/Fahrgestell; RENAULT: MASTER III Kasten FV,MASTER III Bus JV,MASTER III Pritsche\/Fahrgestell EV, HV, UV,TRAFIC III Kasten,TRAFIC III Bus,TRAFIC III Pritsche\/Fahrgestell EG_; FIAT: TALENTO Kasten 296_,TALENTO Bus 296_,TALENTO Pritsche\/Fahrgestell 296_; NISSAN: NAVARA D40,NV400 Kasten,NV400 Bus,NAVARA Pick-up D23,NV400 Pritsche\/Fahrgestell,NV300 Kasten X82,NAVARA Pritsche\/Fahrgestell,NV300 Kombi X82; VAUXHALL: MOVANO Mk II B VAN,VIVARO Kasten,VIVARO Combi,MOVANO Mk II B Chassis\/Cab; 0006000619764, 6000619764, 95514381, 95514383, 95519312, 95519313, 0000900100, 0000900200, 4474770000, 4474770101, A0000900100, A0000900200, A4474770000, A4474770101, 1640000Q1D, 1640000Q2C, 1640000Q2E, 164004JA0A, 1640500Q0E, 1640500Q0F, 4406452, 4406453, 4423887, 4423888, 95514381, 95514383, 95519312, 95519313, 95528460, 164000708R, 164003263R, 164004005R, 164004169R, 164005797R, 164006863R, 164007105R, 164009320R, 164031219R, 164038899R, 164039560R, 7485145678, 95514381, 95514383, 95519312, 95519313, 95528460<\/p>\n","protected":false},"excerpt":{"rendered":"<p>MAHLE ORIGINAL Polttoainesuodatin KX 338\/22D  MERCEDES-BENZ,OPEL,RENAULT,VITO Tourer W447,VITO Kasten W447,VITO Mixto W447,X-CLASS 470<\/p>\n","protected":false},"featured_media":0,"template":"","meta":{"site-sidebar-layout":"default","site-content-layout":"default","ast-global-header-display":"","ast-main-header-display":"","ast-hfb-above-header-display":"","ast-hfb-below-header-display":"","ast-hfb-mobile-header-display":"","site-post-title":"","ast-breadcrumbs-content":"","ast-featured-img":"","footer-sml-layout":"","theme-transparent-header-meta":"","adv-header-id-meta":"","stick-header-meta":"","header-above-stick-meta":"","header-main-stick-meta":"","header-below-stick-meta":""},"pwb-brand":[153],"product_cat":[29],"product_tag":[],"class_list":{"0":"post-14105","1":"product","2":"type-product","3":"status-publish","5":"pwb-brand-mahle-original","6":"product_cat-polttoainesuodatin","7":"desktop-align-left","8":"tablet-align-left","9":"mobile-align-left","11":"first","12":"instock","13":"product-type-external"},"brands":[{"id":153,"name":"MAHLE ORIGINAL","slug":"mahle-original"}],"_links":{"self":[{"href":"https:\/\/www.autonvaraosahaku.fi\/index.php?rest_route=\/wp\/v2\/product\/14105","targetHints":{"allow":["GET"]}}],"collection":[{"href":"https:\/\/www.autonvaraosahaku.fi\/index.php?rest_route=\/wp\/v2\/product"}],"about":[{"href":"https:\/\/www.autonvaraosahaku.fi\/index.php?rest_route=\/wp\/v2\/types\/product"}],"wp:attachment":[{"href":"https:\/\/www.autonvaraosahaku.fi\/index.php?rest_route=%2Fwp%2Fv2%2Fmedia&parent=14105"}],"wp:term":[{"taxonomy":"pwb-brand","embeddable":true,"href":"https:\/\/www.autonvaraosahaku.fi\/index.php?rest_route=%2Fwp%2Fv2%2Fpwb-brand&post=14105"},{"taxonomy":"product_cat","embeddable":true,"href":"https:\/\/www.autonvaraosahaku.fi\/index.php?rest_route=%2Fwp%2Fv2%2Fproduct_cat&post=14105"},{"taxonomy":"product_tag","embeddable":true,"href":"https:\/\/www.autonvaraosahaku.fi\/index.php?rest_route=%2Fwp%2Fv2%2Fproduct_tag&post=14105"}],"curies":[{"name":"wp","href":"https:\/\/api.w.org\/{rel}","templated":true}]}}