{"id":14106,"date":"2021-02-21T14:19:53","date_gmt":"2021-02-21T14:19:53","guid":{"rendered":"https:\/\/www.autonvaraosahaku.fi\/?product=corteco-20034710b-muut-luokat"},"modified":"2021-02-21T14:19:54","modified_gmt":"2021-02-21T14:19:54","slug":"corteco-20034710b-muut-luokat","status":"publish","type":"product","link":"https:\/\/www.autonvaraosahaku.fi\/?product=corteco-20034710b-muut-luokat","title":{"rendered":"CORTECO 20034710B Muut luokat"},"content":{"rendered":"<p>Sis\u00e4l\u00e4pimitta 1 [mm]: 23; Ulkol\u00e4pimitta 1 [mm]: 47; Ulkol\u00e4pimitta 2 [mm]: 72,5; Korkeus 1 (mm): 64,5; Materiaali: ACM (polyakryyli-kautsu); Versio: Clutch Guide Tube; Korvaava tuote\/korvaava tiedote 2: Akselitiivisteell\u00e4; Moottorinumero: 5FS (EP6C); LANCIA: PHEDRA 179,ZETA 220; FIAT: SCUDO 270_,ULYSSE 179AX,SCUDO Kasten 270_,ULYSSE 220,SCUDO Kasten 220L,SCUDO Combinato 220P,SCUDO Pritsche\/Fahrgestell 270_,SCUDO Pritsche\/Fahrgestell 220_; CITRO\u00cbN: BERLINGO MF,XSARA PICASSO N68,C2 JM_,C3 I FC_,BERLINGO B9,C5 III Break TD_,C4 Grand Picasso I UA_,C8 EA_, EB_,C4 I LC_,DS3,BERLINGO Kasten M_,C5 II Break RE_,C3 Picasso,C5 I DC_,C5 I Break DE_,C5 III RD_,C3 II,XSARA N1,C4 Coupe LA_,C3 Pluriel HB_,C4 II B7,C5 II RC_,XSARA Break N2,JUMPY,BERLINGO Kasten B9,JUMPY Kasten,C4 Grand Picasso II,XM Y4,DS4,XSARA Coupe N0,XANTIA X1,EVASION 22, U6,C4 Stufenheck L,ZX N2,BX XB-_,JUMPY Kasten BS_, BT_, BY_, BZ_,XM Y3,DS3 Cabriolet,XANTIA Break X1,ZX Break N2,XM Break Y4,BX Break XB-_,C15 VD-_,BERLINGO Pritsche\/Fahrgestell B9,JUMPY Pritsche\/Fahrgestell BU_, BV_, BW_, BX_,C-ELYSEE,XM Break Y3,C4 CACTUS,C15 Kombi,XSARA Kasten,SPACETOURER; PEUGEOT: 206 Schr\u00e4gheck 2A\/C,206 CC 2D,207 WA_, WC_,307 SW 3H,207 CC WD_,307 CC 3B,407 SW 6E_,307 3A\/C,207 SW WK_,308 SW,206 SW 2E\/K,208,807 E,308 4A_, 4C_,5008,307 Break 3E,508 SW,306 Schr\u00e4gheck 7A, 7C, N3, N5,306 Cabriolet 7D, N3, N5,407 6D_,3008,406 Break 8E\/F,PARTNER Tepee,308 CC,1007 KM_,PARTNER Combispace 5F,205 II 20A\/C,2008,PARTNER Kasten 5,406 Coupe 8C,306 Break 7E, N3, N5,406 8B,806 221,508,EXPERT Tepee VF3V_,EXPERT Kasten VF3A_, VF3U_, VF3X_,306 7B, N3, N5,307 Stufenheck,PARTNER Kasten,207 Stufenheck,EXPERT Kasten 222,308 II,309 II 3C, 3A,405 I 15B,206 Van,605 6B,EXPERT 224,405 II 4B,309 I 10C, 10A,306 Van N_, 7_,405 II Break 4E,405 I Break 15E,301,EXPERT Pritsche\/Fahrgestell 223,308 SW II,207 Van,EXPERT Pritsche\/Fahrgestell,PARTNER Pritsche\/Fahrgestell,EXPERT Kasten,TRAVELLER,208 Kasten; 210535, 9629860480, 9629860480, 210535<\/p>\n","protected":false},"excerpt":{"rendered":"<p>CORTECO Ohjainhylsy, Kytkin 20034710B  LANCIA,FIAT,CITRO\u00cbN,PHEDRA 179,ZETA 220,SCUDO 270_,ULYSSE 179AX,SCUDO Kasten 270_,ULYSSE 220,SCUDO Kasten 220L<\/p>\n","protected":false},"featured_media":0,"template":"","meta":{"site-sidebar-layout":"default","site-content-layout":"default","ast-global-header-display":"","ast-main-header-display":"","ast-hfb-above-header-display":"","ast-hfb-below-header-display":"","ast-hfb-mobile-header-display":"","site-post-title":"","ast-breadcrumbs-content":"","ast-featured-img":"","footer-sml-layout":"","theme-transparent-header-meta":"","adv-header-id-meta":"","stick-header-meta":"","header-above-stick-meta":"","header-main-stick-meta":"","header-below-stick-meta":""},"pwb-brand":[53],"product_cat":[37],"product_tag":[],"class_list":{"0":"post-14106","1":"product","2":"type-product","3":"status-publish","5":"pwb-brand-corteco","6":"product_cat-muut-luokat","7":"desktop-align-left","8":"tablet-align-left","9":"mobile-align-left","11":"first","12":"instock","13":"product-type-external"},"brands":[{"id":53,"name":"CORTECO","slug":"corteco"}],"_links":{"self":[{"href":"https:\/\/www.autonvaraosahaku.fi\/index.php?rest_route=\/wp\/v2\/product\/14106","targetHints":{"allow":["GET"]}}],"collection":[{"href":"https:\/\/www.autonvaraosahaku.fi\/index.php?rest_route=\/wp\/v2\/product"}],"about":[{"href":"https:\/\/www.autonvaraosahaku.fi\/index.php?rest_route=\/wp\/v2\/types\/product"}],"wp:attachment":[{"href":"https:\/\/www.autonvaraosahaku.fi\/index.php?rest_route=%2Fwp%2Fv2%2Fmedia&parent=14106"}],"wp:term":[{"taxonomy":"pwb-brand","embeddable":true,"href":"https:\/\/www.autonvaraosahaku.fi\/index.php?rest_route=%2Fwp%2Fv2%2Fpwb-brand&post=14106"},{"taxonomy":"product_cat","embeddable":true,"href":"https:\/\/www.autonvaraosahaku.fi\/index.php?rest_route=%2Fwp%2Fv2%2Fproduct_cat&post=14106"},{"taxonomy":"product_tag","embeddable":true,"href":"https:\/\/www.autonvaraosahaku.fi\/index.php?rest_route=%2Fwp%2Fv2%2Fproduct_tag&post=14106"}],"curies":[{"name":"wp","href":"https:\/\/api.w.org\/{rel}","templated":true}]}}