{"id":14114,"date":"2021-02-21T14:19:53","date_gmt":"2021-02-21T14:19:53","guid":{"rendered":"https:\/\/www.autonvaraosahaku.fi\/?product=ate-13-0460-7195-2-jarrupalat"},"modified":"2021-02-21T14:19:55","modified_gmt":"2021-02-21T14:19:55","slug":"ate-13-0460-7195-2-jarrupalat","status":"publish","type":"product","link":"https:\/\/www.autonvaraosahaku.fi\/?product=ate-13-0460-7195-2-jarrupalat","title":{"rendered":"ATE 13.0460-7195.2 Jarrupalat"},"content":{"rendered":"<p>Leveys (mm): 123,0; Korkeus (mm): 52,0; Paksuus [mm]: 16,6; Kulumisenilmaisimen liitos: Ei kulumisenilmaisimelle, Ilman kulumisenilmaisinta; Huomioi asennusoohje: ; Jarruj\u00e4rjestelm\u00e4: ATE; Tarkistuskilpi: E9 90R-02A1382\/2272; MAPP-koodi saatavilla: , ; M\u00e4\u00e4r\u00e4yksikk\u00f6: Akselisarja; Asennuspuoli: Hinterachse; MAZDA: 5 CR19,3 BK,3 BL,5 CW,3 Stufenheck BK,3 Stufenheck BL; VOLVO: V50 MW,C30,S40 II MS,C70 II Cabriolet,V40 Schr\u00e4gheck; SAAB: 9-3 YS3F,9-3 Kombi YS3F,9-3 Cabriolet YS3F,9-3X; OPEL: VECTRA C Caravan,SIGNUM,VECTRA C,VECTRA C GTS,GT Cabriolet; FORD: FOCUS II Kombi DA_,FOCUS II DA_,FOCUS III Turnier,FOCUS C-MAX,C-MAX DM2,FOCUS III,C-MAX II,KUGA II DM2,GRAND C-MAX,FOCUS II Stufenheck DA_,FOCUS II Cabriolet,FOCUS III Stufenheck,TOURNEO CONNECT \/ GRAND TOURNEO CONNECT Kombi,TRANSIT CONNECT Kasten,GRAND C-MAX Van,C-MAX II Van,TRANSIT CONNECT Kombi,KUGA II Van,FOCUS III Kasten\/Schr\u00e4gheck; VAUXHALL: VECTRA Mk II C CC,VECTRA Mk II C Estate,VECTRA Mk II C,SIGNUM; 1233679, 1324300, 1360254, 1360306, 1566096, 1683374, 1753860, 1765765, 1809458, 2039739, 2271380, 3M512M008AA, 3M512M008AB, 3M512M008AC, 3M5J2M008A1A, 5134101, AV612M008AA, AV612M008AB, BV612M007BA, BV612M007CB, ME3M5J2M008AA, MEAV6J2M008CA, BPYK2648Z, BPYK2648ZA, BPYK2648ZA9C, BPYK2648ZB, 13322091, 1605065, 1605196, 93190338, 13322091, 93190338, 13322091, 1605065, 1605196, 93190338, 30736610, 30742031, 31341327, 31341331, 8683615; Jarrupalasarja,Jarrupala, Levyjarru<\/p>\n","protected":false},"excerpt":{"rendered":"<p>ATE Jarrupalat 13.0460-7195.2 Jarrupalasarja,Jarrupala, Levyjarru MAZDA,VOLVO,SAAB,5 CR19,3 BK,3 BL,5 CW,3 Stufenheck BK,3 Stufenheck BL,V50 MW,C30<\/p>\n","protected":false},"featured_media":0,"template":"","meta":{"site-sidebar-layout":"default","site-content-layout":"default","ast-global-header-display":"","ast-main-header-display":"","ast-hfb-above-header-display":"","ast-hfb-below-header-display":"","ast-hfb-mobile-header-display":"","site-post-title":"","ast-breadcrumbs-content":"","ast-featured-img":"","footer-sml-layout":"","theme-transparent-header-meta":"","adv-header-id-meta":"","stick-header-meta":"","header-above-stick-meta":"","header-main-stick-meta":"","header-below-stick-meta":""},"pwb-brand":[108],"product_cat":[100],"product_tag":[],"class_list":{"0":"post-14114","1":"product","2":"type-product","3":"status-publish","5":"pwb-brand-ate","6":"product_cat-jarrupalat","7":"desktop-align-left","8":"tablet-align-left","9":"mobile-align-left","11":"first","12":"instock","13":"product-type-external"},"brands":[{"id":108,"name":"ATE","slug":"ate"}],"_links":{"self":[{"href":"https:\/\/www.autonvaraosahaku.fi\/index.php?rest_route=\/wp\/v2\/product\/14114","targetHints":{"allow":["GET"]}}],"collection":[{"href":"https:\/\/www.autonvaraosahaku.fi\/index.php?rest_route=\/wp\/v2\/product"}],"about":[{"href":"https:\/\/www.autonvaraosahaku.fi\/index.php?rest_route=\/wp\/v2\/types\/product"}],"wp:attachment":[{"href":"https:\/\/www.autonvaraosahaku.fi\/index.php?rest_route=%2Fwp%2Fv2%2Fmedia&parent=14114"}],"wp:term":[{"taxonomy":"pwb-brand","embeddable":true,"href":"https:\/\/www.autonvaraosahaku.fi\/index.php?rest_route=%2Fwp%2Fv2%2Fpwb-brand&post=14114"},{"taxonomy":"product_cat","embeddable":true,"href":"https:\/\/www.autonvaraosahaku.fi\/index.php?rest_route=%2Fwp%2Fv2%2Fproduct_cat&post=14114"},{"taxonomy":"product_tag","embeddable":true,"href":"https:\/\/www.autonvaraosahaku.fi\/index.php?rest_route=%2Fwp%2Fv2%2Fproduct_tag&post=14114"}],"curies":[{"name":"wp","href":"https:\/\/api.w.org\/{rel}","templated":true}]}}