{"id":14157,"date":"2021-02-21T14:20:00","date_gmt":"2021-02-21T14:20:00","guid":{"rendered":"https:\/\/www.autonvaraosahaku.fi\/?product=ufi-23-196-00-oljynsuodatin"},"modified":"2021-02-21T14:20:02","modified_gmt":"2021-02-21T14:20:02","slug":"ufi-23-196-00-oljynsuodatin","status":"publish","type":"product","link":"https:\/\/www.autonvaraosahaku.fi\/?product=ufi-23-196-00-oljynsuodatin","title":{"rendered":"UFI 23.196.00 \u00d6ljynsuodatin"},"content":{"rendered":"<p>Ulkol\u00e4pimitta [mm]: 76,0; Sis\u00e4l\u00e4pimitta 1 [mm]: 62,0; Ulkol\u00e4pimitta 2 [mm]: 72,0; Ulkol\u00e4pimitta 1 [mm]: 79,0; Kierremitta: M 20 X 1,5; Korkeus (mm): 101,5; Avauspaine ohitusventtiili [bar]: 1,0; Korvaava tuote\/korvaava tiedote 2: yhdell\u00e4 peruutuksenestoventtiilill\u00e4; Valmistusvuosi alkaen: 10\/1994; LANCIA: Y 840A,LYBRA SW 839BX,LYBRA 839AX,DELTA II 836,DEDRA 835,Y10 156,DEDRA SW 835; FIAT: PUNTO 188,STILO 192,SEICENTO 187,DOBLO Cargo 223,PUNTO 176,STILO Multi Wagon 192,DOBLO 119,CINQUECENTO 170,PANDA 141A_,MULTIPLA 186,PUNTO Van 188AX,BRAVO I 182,BRAVA 182,PUNTO Cabriolet 176C,SCUDO Kasten 220L,MAREA Weekend 185,UNO 146A\/E,SCUDO Combinato 220P,PALIO Weekend 178DX,FIORINO Kasten 146,SEICENTO Van 187,TIPO 160,PANDA Van 141_,MAREA 185,TEMPRA 159,PUNTO Van 176L,TEMPRA S.W. 159,FIORINO Pick up 146,PALIO 178BX,SIENA 178_,ELBA 146_; CITRO\u00cbN: JUMPY U6U,JUMPY Kasten BS_, BT_, BY_, BZ_; PEUGEOT: EXPERT Kasten 222,EXPERT 224,EXPERT Pritsche\/Fahrgestell 223; AUTOBIANCHI: Y10; INNOCENTI: ELBA 146; 1109AR, 1109C6, 1109K9, 1608076280, 46542140, 46548755, 46787007, 5973928, 5984044, 71736157, 71753738, 71754569, 7689285, 5017814, 5984044, 1109K8, 1608076280<\/p>\n","protected":false},"excerpt":{"rendered":"<p>UFI \u00d6ljynsuodatin 23.196.00  LANCIA,FIAT,CITRO\u00cbN,Y 840A,LYBRA SW 839BX,LYBRA 839AX,DELTA II 836,DEDRA 835,Y10 156,DEDRA SW 835,PUNTO 188,STILO 192<\/p>\n","protected":false},"featured_media":0,"template":"","meta":{"site-sidebar-layout":"default","site-content-layout":"default","ast-global-header-display":"","ast-main-header-display":"","ast-hfb-above-header-display":"","ast-hfb-below-header-display":"","ast-hfb-mobile-header-display":"","site-post-title":"","ast-breadcrumbs-content":"","ast-featured-img":"","footer-sml-layout":"","theme-transparent-header-meta":"","adv-header-id-meta":"","stick-header-meta":"","header-above-stick-meta":"","header-main-stick-meta":"","header-below-stick-meta":""},"pwb-brand":[109],"product_cat":[30],"product_tag":[],"class_list":{"0":"post-14157","1":"product","2":"type-product","3":"status-publish","5":"pwb-brand-ufi","6":"product_cat-oljynsuodatin","7":"desktop-align-left","8":"tablet-align-left","9":"mobile-align-left","11":"first","12":"instock","13":"product-type-external"},"brands":[{"id":109,"name":"UFI","slug":"ufi"}],"_links":{"self":[{"href":"https:\/\/www.autonvaraosahaku.fi\/index.php?rest_route=\/wp\/v2\/product\/14157","targetHints":{"allow":["GET"]}}],"collection":[{"href":"https:\/\/www.autonvaraosahaku.fi\/index.php?rest_route=\/wp\/v2\/product"}],"about":[{"href":"https:\/\/www.autonvaraosahaku.fi\/index.php?rest_route=\/wp\/v2\/types\/product"}],"wp:attachment":[{"href":"https:\/\/www.autonvaraosahaku.fi\/index.php?rest_route=%2Fwp%2Fv2%2Fmedia&parent=14157"}],"wp:term":[{"taxonomy":"pwb-brand","embeddable":true,"href":"https:\/\/www.autonvaraosahaku.fi\/index.php?rest_route=%2Fwp%2Fv2%2Fpwb-brand&post=14157"},{"taxonomy":"product_cat","embeddable":true,"href":"https:\/\/www.autonvaraosahaku.fi\/index.php?rest_route=%2Fwp%2Fv2%2Fproduct_cat&post=14157"},{"taxonomy":"product_tag","embeddable":true,"href":"https:\/\/www.autonvaraosahaku.fi\/index.php?rest_route=%2Fwp%2Fv2%2Fproduct_tag&post=14157"}],"curies":[{"name":"wp","href":"https:\/\/api.w.org\/{rel}","templated":true}]}}