{"id":14160,"date":"2021-02-21T14:20:04","date_gmt":"2021-02-21T14:20:04","guid":{"rendered":"https:\/\/www.autonvaraosahaku.fi\/?product=ngk-2412-sytytystulpat"},"modified":"2021-02-21T14:20:04","modified_gmt":"2021-02-21T14:20:04","slug":"ngk-2412-sytytystulpat","status":"publish","type":"product","link":"https:\/\/www.autonvaraosahaku.fi\/?product=ngk-2412-sytytystulpat","title":{"rendered":"NGK 2412 Sytytystulpat"},"content":{"rendered":"<p>Avainv\u00e4li: 20,8 mm; Ulkokierre [mm]: 14,0; Kierteen pituus (mm): 19,0; Sytytystulppa: Kierre-SAE-liitin, Nikkeli-keskielektrodi, 1-maaelektroodi, Ei h\u00e4iri\u00f6npoistoa, suoralla istukalla; Kipin\u00e4et\u00e4isyys [mm]: 3,0; TECDOC-moottorinumero: 36; VW: GOLF I Cabriolet 155,TRANSPORTER III Bus,SCIROCCO 53B,GOLF I 17,PASSAT Variant 32B,PASSAT 32B,SCIROCCO 53,JETTA I 16,PASSAT Variant 33,SANTANA 32B; AUDI: 80 81, 85, B2,COUPE 81, 85,100 C1,100 Coupe C1,100 43, C2,100 Avant 43, C2; SEAT: 124,131,128,132,RONDA 022A; SAAB: 900 I Combi Coupe,900 I AC4, AM4,99 Combi Coupe; MERCEDES-BENZ: S-CLASS W108, W109,COUPE W111,HECKFLOSSE W111, W112,CABRIOLET W111,SL W121,SL R198; JAGUAR: XJ; FIAT: 850 Spider,850,850 Coupe,125,124 Coupe; ALFA ROMEO: GTV 916C_,75 162B,164 164,GTV 116,33 905,6 119,90 162; RENAULT: CLIO I B\/C57_, 5\/357_,19 II B\/C53_,19 II Cabriolet D53_, 853_,SUPER 5 B\/C40_,19 I B\/C53_,TRAFIC Kasten TXX,9 L42_,TRAFIC Bus TXW,11 B\/C37_,21 Stufenheck L48_,19 I Chamade L53_,TRAFIC Kasten T1, T3, T4,19 I Cabriolet D53_,TRAFIC Bus T5, T6, T7,21 Kombi K48_,21 B48_,TRAFIC Pritsche\/Fahrgestell P6,TRAFIC Pritsche\/Fahrgestell PXX,21 Kasten S48_; PORSCHE: 924; 596294, 596298, 5962A1, 5962AO, 5962G8, MKP00073, ZCT000012, 7700737459, 7700861471, 7701366087, 7701366268, 9807957811, 980795781101, 9807957841, 22401W8917, B2401W8917, 9909822695, 0021591803, 0021592703, 0031591403, 0031595603, A0021591803, A0021592703, A0031591403, A0031595603, 074518110, 0021591803, 0021592703, 0031591403, 0031595603, A0021591803, A0021592703, A0031591403, A0031595603, MS851024, MS851184, MS851215, MS851439, 22401W8917, B2401W8917, 596294, 596298, 5962A1, 5962AO, 5962G8, MKP00073, ZCT000012, 7700737459, 7700861471, 7701366087, 7701366268, 0021591803, 0021592703, 0031591403, 0031595603, A0021591803, A0021592703, A0031591403, A0031595603, 0021591803, 0021592703, 0031591403, 0031595603, A0021591803, A0021592703, A0031591403, A0031595603, 22401AA090, 0948200139, 0948200226, 0948200385, 0948200434, 9909822695; Tulpat,Sytytystulppa<\/p>\n","protected":false},"excerpt":{"rendered":"<p>NGK Sytytystulpat 2412 Tulpat,Sytytystulppa VW,AUDI,SEAT,GOLF I Cabriolet 155,TRANSPORTER III Bus,SCIROCCO 53B,GOLF I 17,PASSAT Variant 32B,PASSAT 32B<\/p>\n","protected":false},"featured_media":0,"template":"","meta":{"site-sidebar-layout":"default","site-content-layout":"default","ast-global-header-display":"","ast-main-header-display":"","ast-hfb-above-header-display":"","ast-hfb-below-header-display":"","ast-hfb-mobile-header-display":"","site-post-title":"","ast-breadcrumbs-content":"","ast-featured-img":"","footer-sml-layout":"","theme-transparent-header-meta":"","adv-header-id-meta":"","stick-header-meta":"","header-above-stick-meta":"","header-main-stick-meta":"","header-below-stick-meta":""},"pwb-brand":[189],"product_cat":[165],"product_tag":[],"class_list":{"0":"post-14160","1":"product","2":"type-product","3":"status-publish","5":"pwb-brand-ngk","6":"product_cat-sytytystulpat","7":"desktop-align-left","8":"tablet-align-left","9":"mobile-align-left","11":"first","12":"instock","13":"product-type-external"},"brands":[{"id":189,"name":"NGK","slug":"ngk"}],"_links":{"self":[{"href":"https:\/\/www.autonvaraosahaku.fi\/index.php?rest_route=\/wp\/v2\/product\/14160","targetHints":{"allow":["GET"]}}],"collection":[{"href":"https:\/\/www.autonvaraosahaku.fi\/index.php?rest_route=\/wp\/v2\/product"}],"about":[{"href":"https:\/\/www.autonvaraosahaku.fi\/index.php?rest_route=\/wp\/v2\/types\/product"}],"wp:attachment":[{"href":"https:\/\/www.autonvaraosahaku.fi\/index.php?rest_route=%2Fwp%2Fv2%2Fmedia&parent=14160"}],"wp:term":[{"taxonomy":"pwb-brand","embeddable":true,"href":"https:\/\/www.autonvaraosahaku.fi\/index.php?rest_route=%2Fwp%2Fv2%2Fpwb-brand&post=14160"},{"taxonomy":"product_cat","embeddable":true,"href":"https:\/\/www.autonvaraosahaku.fi\/index.php?rest_route=%2Fwp%2Fv2%2Fproduct_cat&post=14160"},{"taxonomy":"product_tag","embeddable":true,"href":"https:\/\/www.autonvaraosahaku.fi\/index.php?rest_route=%2Fwp%2Fv2%2Fproduct_tag&post=14160"}],"curies":[{"name":"wp","href":"https:\/\/api.w.org\/{rel}","templated":true}]}}