{"id":14164,"date":"2021-02-21T14:20:04","date_gmt":"2021-02-21T14:20:04","guid":{"rendered":"https:\/\/www.autonvaraosahaku.fi\/?product=topran-109-764-pissapojan-suutin"},"modified":"2021-02-21T14:20:05","modified_gmt":"2021-02-21T14:20:05","slug":"topran-109-764-pissapojan-suutin","status":"publish","type":"product","link":"https:\/\/www.autonvaraosahaku.fi\/?product=topran-109-764-pissapojan-suutin","title":{"rendered":"TOPRAN 109 764 Pissapojan suutin"},"content":{"rendered":"<p>Pesusuutinmalli: L\u00e4mmitt\u00e4m\u00e4t\u00f6n, Yksireik\u00e4inen suutin; V\u00e4ri: Musta; Korvaava tuote\/korvaava tiedote 2: tuulilasinpuhdistukseen; Asennuspuoli: Konepelti, Molemminpuolin; Materiaali: 184; Moottorinumero: ALM; VW: GOLF IV 1J1,POLO 9N_,PASSAT Variant 3B6,LUPO 6X1, 6E1,POLO 6R, 6C,GOLF IV Variant 1J5,POLO 6N2,PASSAT Variant 3B5,TRANSPORTER V Bus 7HB, 7HJ, 7EB, 7EJ, 7EF,FOX 5Z1, 5Z3,TOUAREG 7LA, 7L6, 7L7,UP,BORA 1J2,PASSAT 3B2,TRANSPORTER V Kasten 7HA, 7HH, 7EA, 7EH,NEW BEETLE 9C1, 1C1,PASSAT 3B3,BORA Kombi 1J6,NEW BEETLE Cabriolet 1Y7,POLO Stufenheck,TRANSPORTER V Pritsche\/Fahrgestell 7JD, 7JE, 7JL, 7JY, 7JZ,,POLO Stufenheck 9A4,POLO Stufenheck 9N4; SKODA: SUPERB 3U4,RAPID Spaceback NH1,RAPID NH3,RAPID NA2; SEAT: IBIZA IV 6L1,AROSA 6H,IBIZA II 6K1,Mii KF1_,CORDOBA 6K1, 6K2,CORDOBA 6L2,TOLEDO IV KG3; 6E0955985, 6E0955985A, 6E0955985B, 6E0955985, 6E0955985A, 6E0955985B, 6E0955985, 6E0955985A, 6E0955985B; Lasinpesimen Suutin,Pesusuutin, Lasinpesulaite<\/p>\n","protected":false},"excerpt":{"rendered":"<p>TOPRAN Pissapojan Suutin 109 764 Lasinpesimen Suutin,Pesusuutin, Lasinpesulaite VW,SKODA,SEAT,GOLF IV 1J1,POLO 9N_,PASSAT Variant 3B6,LUPO 6X1, 6E1<\/p>\n","protected":false},"featured_media":0,"template":"","meta":{"site-sidebar-layout":"default","site-content-layout":"default","ast-global-header-display":"","ast-main-header-display":"","ast-hfb-above-header-display":"","ast-hfb-below-header-display":"","ast-hfb-mobile-header-display":"","site-post-title":"","ast-breadcrumbs-content":"","ast-featured-img":"","footer-sml-layout":"","theme-transparent-header-meta":"","adv-header-id-meta":"","stick-header-meta":"","header-above-stick-meta":"","header-main-stick-meta":"","header-below-stick-meta":""},"pwb-brand":[18],"product_cat":[133],"product_tag":[],"class_list":{"0":"post-14164","1":"product","2":"type-product","3":"status-publish","5":"pwb-brand-topran","6":"product_cat-pissapojan-suutin","7":"desktop-align-left","8":"tablet-align-left","9":"mobile-align-left","11":"first","12":"instock","13":"product-type-external"},"brands":[{"id":18,"name":"TOPRAN","slug":"topran"}],"_links":{"self":[{"href":"https:\/\/www.autonvaraosahaku.fi\/index.php?rest_route=\/wp\/v2\/product\/14164","targetHints":{"allow":["GET"]}}],"collection":[{"href":"https:\/\/www.autonvaraosahaku.fi\/index.php?rest_route=\/wp\/v2\/product"}],"about":[{"href":"https:\/\/www.autonvaraosahaku.fi\/index.php?rest_route=\/wp\/v2\/types\/product"}],"wp:attachment":[{"href":"https:\/\/www.autonvaraosahaku.fi\/index.php?rest_route=%2Fwp%2Fv2%2Fmedia&parent=14164"}],"wp:term":[{"taxonomy":"pwb-brand","embeddable":true,"href":"https:\/\/www.autonvaraosahaku.fi\/index.php?rest_route=%2Fwp%2Fv2%2Fpwb-brand&post=14164"},{"taxonomy":"product_cat","embeddable":true,"href":"https:\/\/www.autonvaraosahaku.fi\/index.php?rest_route=%2Fwp%2Fv2%2Fproduct_cat&post=14164"},{"taxonomy":"product_tag","embeddable":true,"href":"https:\/\/www.autonvaraosahaku.fi\/index.php?rest_route=%2Fwp%2Fv2%2Fproduct_tag&post=14164"}],"curies":[{"name":"wp","href":"https:\/\/api.w.org\/{rel}","templated":true}]}}