{"id":14185,"date":"2021-02-21T14:20:09","date_gmt":"2021-02-21T14:20:09","guid":{"rendered":"https:\/\/www.autonvaraosahaku.fi\/?product=swag-62-92-1175-pyoranpultit"},"modified":"2021-02-21T14:20:10","modified_gmt":"2021-02-21T14:20:10","slug":"swag-62-92-1175-pyoranpultit","status":"publish","type":"product","link":"https:\/\/www.autonvaraosahaku.fi\/?product=swag-62-92-1175-pyoranpultit","title":{"rendered":"SWAG 62 92 1175 Py\u00f6r\u00e4npultit"},"content":{"rendered":"<p>Pituus (mm): 47; Ulkol\u00e4pimitta [mm]: 19,0; Ulkokierre [mm]: M12 x 1,25; Kierteen pituus (mm): 18; Laatu \/ luokka: 10.9; Avainv\u00e4li: 17; Ruuvikanta\/mutteriprofiili: Kuusioruuvi \/-mutteri; Py\u00f6r\u00e4n kiinnitys: Kartiolaippa F; Materiaali: Ter\u00e4s; Pinta: Sinkki-liuska-pinnoite; Ruuvin pituus ilman p\u00e4\u00e4t\u00e4: 26; Asennuspuoli: Etuakseli, Taka-akseli; Paino [kg]: 0,05; Huomioi huolto-ohjeet: , ; Organisaationumerosta: 09429; OPEL: CROSSLAND X; FIAT: SCUDO 270_,SCUDO Kasten 270_,SCUDO Pritsche\/Fahrgestell 270_; CITRO\u00cbN: BERLINGO MF,XSARA PICASSO N68,C2 JM_,C3 I FC_,BERLINGO B9,SAXO S0, S1,DS3,BERLINGO Kasten M_,C3 Picasso,C3 II,XSARA N1,C3 Pluriel HB_,XSARA Break N2,JUMPY,BERLINGO Kasten B9,JUMPY Kasten,C4 Grand Picasso II,C4 Picasso II,XSARA Coupe N0,DS3 Cabriolet,C2 ENTERPRISE,C15 VD-_,BERLINGO Pritsche\/Fahrgestell B9,C-ELYSEE,C4 CACTUS,XSARA Kasten,C3 III SX,C3 AIRCROSS II,JUMPY Pritsche\/Fahrgestell,SAXO Hatchback van S3_,XSARA Kasten\/Schr\u00e4gheck,C3 AIRCROSS; PEUGEOT: 206 Schr\u00e4gheck 2A\/C,206 CC 2D,207 WA_, WC_,307 SW 3H,207 CC WD_,307 CC 3B,307 3A\/C,207 SW WK_,206 SW 2E\/K,208,106 II 1,206+ T3E,308 4A_, 4C_,307 Break 3E,406 Break 8E\/F,PARTNER Tepee,308 CC,1007 KM_,PARTNER Combispace 5F,2008,PARTNER Kasten 5,406 Coupe 8C,406 8B,EXPERT Tepee VF3V_,EXPERT Kasten VF3A_, VF3U_, VF3X_,307 Stufenheck,PARTNER Kasten,207 Stufenheck,206 Stufenheck,308 II,206 Van,301,308 SW II,207 Van,EXPERT Pritsche\/Fahrgestell,PARTNER Pritsche\/Fahrgestell,3008 SUV,5008 II,208 Kasten; DS: DS 3,DS 3 Cabriolet; VAUXHALL: CROSSLAND X; 540566, 540584, 540566, 9682405480, 03637362, 3637362, 540566, 540584, 03637362, 3637362; Py\u00f6r\u00e4nruuvi<\/p>\n","protected":false},"excerpt":{"rendered":"<p>SWAG Py\u00f6r\u00e4npultit 62 92 1175 Py\u00f6r\u00e4nruuvi OPEL,FIAT,CITRO\u00cbN,CROSSLAND X,SCUDO 270_,SCUDO Kasten 270_,SCUDO Pritsche\/Fahrgestell 270_,BERLINGO MF<\/p>\n","protected":false},"featured_media":0,"template":"","meta":{"site-sidebar-layout":"default","site-content-layout":"default","ast-global-header-display":"","ast-main-header-display":"","ast-hfb-above-header-display":"","ast-hfb-below-header-display":"","ast-hfb-mobile-header-display":"","site-post-title":"","ast-breadcrumbs-content":"","ast-featured-img":"","footer-sml-layout":"","theme-transparent-header-meta":"","adv-header-id-meta":"","stick-header-meta":"","header-above-stick-meta":"","header-main-stick-meta":"","header-below-stick-meta":""},"pwb-brand":[103],"product_cat":[51],"product_tag":[],"class_list":{"0":"post-14185","1":"product","2":"type-product","3":"status-publish","5":"pwb-brand-swag","6":"product_cat-pyoranpultit","7":"desktop-align-left","8":"tablet-align-left","9":"mobile-align-left","11":"first","12":"instock","13":"product-type-external"},"brands":[{"id":103,"name":"SWAG","slug":"swag"}],"_links":{"self":[{"href":"https:\/\/www.autonvaraosahaku.fi\/index.php?rest_route=\/wp\/v2\/product\/14185","targetHints":{"allow":["GET"]}}],"collection":[{"href":"https:\/\/www.autonvaraosahaku.fi\/index.php?rest_route=\/wp\/v2\/product"}],"about":[{"href":"https:\/\/www.autonvaraosahaku.fi\/index.php?rest_route=\/wp\/v2\/types\/product"}],"wp:attachment":[{"href":"https:\/\/www.autonvaraosahaku.fi\/index.php?rest_route=%2Fwp%2Fv2%2Fmedia&parent=14185"}],"wp:term":[{"taxonomy":"pwb-brand","embeddable":true,"href":"https:\/\/www.autonvaraosahaku.fi\/index.php?rest_route=%2Fwp%2Fv2%2Fpwb-brand&post=14185"},{"taxonomy":"product_cat","embeddable":true,"href":"https:\/\/www.autonvaraosahaku.fi\/index.php?rest_route=%2Fwp%2Fv2%2Fproduct_cat&post=14185"},{"taxonomy":"product_tag","embeddable":true,"href":"https:\/\/www.autonvaraosahaku.fi\/index.php?rest_route=%2Fwp%2Fv2%2Fproduct_tag&post=14185"}],"curies":[{"name":"wp","href":"https:\/\/api.w.org\/{rel}","templated":true}]}}