{"id":14192,"date":"2021-02-21T14:20:09","date_gmt":"2021-02-21T14:20:09","guid":{"rendered":"https:\/\/www.autonvaraosahaku.fi\/?product=trw-jgt218t-iskunvaimennin"},"modified":"2021-02-21T14:20:10","modified_gmt":"2021-02-21T14:20:10","slug":"trw-jgt218t-iskunvaimennin","status":"publish","type":"product","link":"https:\/\/www.autonvaraosahaku.fi\/?product=trw-jgt218t-iskunvaimennin","title":{"rendered":"TRW JGT218T Iskunvaimennin"},"content":{"rendered":"<p>Lukum\u00e4\u00e4r\u00e4 akselille: 1; Asennuspuoli: Taka-akseli; Iskunvaimennin tyyppi: Kaasupaine; Iskunvaimennin asennustapa: Tappi ylh\u00e4\u00e4ll\u00e4, Silmukka alhaalla; Huomioi tekniset tiedot: ; Tuotelinja: TWIN; PR-numerolle: 1JM; VW: GOLF IV 1J1,GOLF IV Variant 1J5,BORA 1J2,BORA Kombi 1J6; AUDI: A3 8L1; SKODA: OCTAVIA Combi 1U5,OCTAVIA 1Z3,OCTAVIA 1U2; SEAT: LEON 1M1,TOLEDO II 1M2; 1J0512011AS, 1J0513025AD, 1J0513025AG, 1J0513025AJ, 1J0513025AQ, 1J0513025BK, 1J0513025BN, 1J0513025BQ, 1J0513025CB, 1J0513025CD, 1J0513025DJ, 1J0513025P, 1J0513025Q, 1JO513025C, 1J0513025AD, 1J0513025AG, 1J0513025AJ, 1J0513025AQ, 1J0513025BK, 1J0513025BN, 1J0513025BQ, 1J0513025CB, 1J0513025CD, 1J0513025DJ, 1J0513025P, 1J0513025Q, 1J0513025AD, 1J0513025AG, 1J0513025AJ, 1J0513025AQ, 1J0513025BK, 1J0513025BN, 1J0513025BQ, 1J0513025CB, 1J0513025CD, 1J0513025DJ, 1J0513025E, 1J0513025F, 1J0513025P, 1J0513025Q, JZW513025A, 1J0513025AD, 1J0513025AG, 1J0513025AJ, 1J0513025AQ, 1J0513025BF, 1J0513025BK, 1J0513025BN, 1J0513025BQ, 1J0513025CB, 1J0513025CD, 1J0513025DJ, 1J0513025E, 1J0513025F, 1J0513025P, 1J0513025Q, JZW513025A; Iskarit,Iskunvaimennin<\/p>\n","protected":false},"excerpt":{"rendered":"<p>TRW Iskunvaimentimet JGT218T Iskarit,Iskunvaimennin VW,AUDI,SKODA,GOLF IV 1J1,GOLF IV Variant 1J5,BORA 1J2,BORA Kombi 1J6,A3 8L1,OCTAVIA Combi 1U5<\/p>\n","protected":false},"featured_media":0,"template":"","meta":{"site-sidebar-layout":"default","site-content-layout":"default","ast-global-header-display":"","ast-main-header-display":"","ast-hfb-above-header-display":"","ast-hfb-below-header-display":"","ast-hfb-mobile-header-display":"","site-post-title":"","ast-breadcrumbs-content":"","ast-featured-img":"","footer-sml-layout":"","theme-transparent-header-meta":"","adv-header-id-meta":"","stick-header-meta":"","header-above-stick-meta":"","header-main-stick-meta":"","header-below-stick-meta":""},"pwb-brand":[332],"product_cat":[80],"product_tag":[],"class_list":{"0":"post-14192","1":"product","2":"type-product","3":"status-publish","5":"pwb-brand-trw","6":"product_cat-iskunvaimennin","7":"desktop-align-left","8":"tablet-align-left","9":"mobile-align-left","11":"first","12":"instock","13":"product-type-external"},"brands":[{"id":332,"name":"TRW","slug":"trw"}],"_links":{"self":[{"href":"https:\/\/www.autonvaraosahaku.fi\/index.php?rest_route=\/wp\/v2\/product\/14192","targetHints":{"allow":["GET"]}}],"collection":[{"href":"https:\/\/www.autonvaraosahaku.fi\/index.php?rest_route=\/wp\/v2\/product"}],"about":[{"href":"https:\/\/www.autonvaraosahaku.fi\/index.php?rest_route=\/wp\/v2\/types\/product"}],"wp:attachment":[{"href":"https:\/\/www.autonvaraosahaku.fi\/index.php?rest_route=%2Fwp%2Fv2%2Fmedia&parent=14192"}],"wp:term":[{"taxonomy":"pwb-brand","embeddable":true,"href":"https:\/\/www.autonvaraosahaku.fi\/index.php?rest_route=%2Fwp%2Fv2%2Fpwb-brand&post=14192"},{"taxonomy":"product_cat","embeddable":true,"href":"https:\/\/www.autonvaraosahaku.fi\/index.php?rest_route=%2Fwp%2Fv2%2Fproduct_cat&post=14192"},{"taxonomy":"product_tag","embeddable":true,"href":"https:\/\/www.autonvaraosahaku.fi\/index.php?rest_route=%2Fwp%2Fv2%2Fproduct_tag&post=14192"}],"curies":[{"name":"wp","href":"https:\/\/api.w.org\/{rel}","templated":true}]}}