{"id":14203,"date":"2021-02-21T14:20:13","date_gmt":"2021-02-21T14:20:13","guid":{"rendered":"https:\/\/www.autonvaraosahaku.fi\/?product=topran-206-622-kierretulppa"},"modified":"2021-02-21T14:20:13","modified_gmt":"2021-02-21T14:20:13","slug":"topran-206-622-kierretulppa","status":"publish","type":"product","link":"https:\/\/www.autonvaraosahaku.fi\/?product=topran-206-622-kierretulppa","title":{"rendered":"TOPRAN 206 622 Kierretulppa"},"content":{"rendered":"<p>Materiaali: NBR (nitriili-butadi-kumi); Ulkol\u00e4pimitta [mm]: 20,5; Sis\u00e4l\u00e4pimitta [mm]: 11; Vuosimallista: 2011; OPEL: ZAFIRA B A05,ZAFIRA A F75_,ASTRA G CC F48_, F08_,ASTRA J Sports Tourer,ASTRA G Caravan F35_,INSIGNIA Caravan,VECTRA C Caravan,ASTRA J,MERIVA B,SIGNUM,VECTRA C,ZAFIRA TOURER C P12,VECTRA B 36_,MOKKA,ADAM,VECTRA C GTS,ANTARA,VECTRA B Caravan 31_,INSIGNIA,ASTRA G Cabriolet F67,INSIGNIA Stufenheck,ASTRA G Coupe F07_,ASTRA G Stufenheck F69_,ASTRA GTC J,VECTRA B CC 38_,ASTRA J Stufenheck,CASCADA W13,CORSA E,ASTRA K,ASTRA K Caravan,KARL,INSIGNIA A Country Tourer G09,INSIGNIA CC,INSIGNIA B Country Tourer Z18; CHEVROLET: CAPTIVA C100, C140,ORLANDO J309,CRUZE J300,CRUZE Station Wagon J308,CRUZE Schr\u00e4gheck J305,MALIBU V300; VAUXHALL: INSIGNIA Mk I A,ZAFIRA Mk II B M75,VECTRA Mk II C CC,ZAFIRA Mk I A F75,ADAM,INSIGNIA Mk I A Estate,ZAFIRA Mk III P12,VECTRA Mk II C Estate,ASTRA Mk IV G CC,ASTRA Mk VI J CC,VECTRA Mk II C,ANTARA J26, H26,ASTRA Mk VI J,INSIGNIA Mk I A Sedan,SIGNUM,MERIVA Mk II B,VECTRA B CC,ASTRA Mk VI J Estate,VECTRA B Estate,VECTRA B,MOKKA,ASTRA Mk IV G Coupe F67,INSIGNIA Mk II B Country Tourer Z18,INSIGNIA Mk I A Country Tourer G09,ASTRA Mk VII K Estate,ASTRA Mk VII K,CORSA Mk IV E,ASTRA Mk IV G Convertible,ASTRA Mk IV G Estate; 03536966, 12616850, 0652526, 0652544, 652526, 652544, 03536966, 12616850; Tiiviste, \u00d6ljynlaskutulppa<\/p>\n","protected":false},"excerpt":{"rendered":"<p>TOPRAN \u00d6ljytulpan Tiiviste 206 622 Tiiviste, \u00d6ljynlaskutulppa OPEL,CHEVROLET,VAUXHALL,ZAFIRA B A05,ZAFIRA A F75_,ASTRA G CC F48_, F08_<\/p>\n","protected":false},"featured_media":0,"template":"","meta":{"site-sidebar-layout":"default","site-content-layout":"default","ast-global-header-display":"","ast-main-header-display":"","ast-hfb-above-header-display":"","ast-hfb-below-header-display":"","ast-hfb-mobile-header-display":"","site-post-title":"","ast-breadcrumbs-content":"","ast-featured-img":"","footer-sml-layout":"","theme-transparent-header-meta":"","adv-header-id-meta":"","stick-header-meta":"","header-above-stick-meta":"","header-main-stick-meta":"","header-below-stick-meta":""},"pwb-brand":[18],"product_cat":[40],"product_tag":[],"class_list":{"0":"post-14203","1":"product","2":"type-product","3":"status-publish","5":"pwb-brand-topran","6":"product_cat-kierretulppa","7":"desktop-align-left","8":"tablet-align-left","9":"mobile-align-left","11":"first","12":"instock","13":"product-type-external"},"brands":[{"id":18,"name":"TOPRAN","slug":"topran"}],"_links":{"self":[{"href":"https:\/\/www.autonvaraosahaku.fi\/index.php?rest_route=\/wp\/v2\/product\/14203","targetHints":{"allow":["GET"]}}],"collection":[{"href":"https:\/\/www.autonvaraosahaku.fi\/index.php?rest_route=\/wp\/v2\/product"}],"about":[{"href":"https:\/\/www.autonvaraosahaku.fi\/index.php?rest_route=\/wp\/v2\/types\/product"}],"wp:attachment":[{"href":"https:\/\/www.autonvaraosahaku.fi\/index.php?rest_route=%2Fwp%2Fv2%2Fmedia&parent=14203"}],"wp:term":[{"taxonomy":"pwb-brand","embeddable":true,"href":"https:\/\/www.autonvaraosahaku.fi\/index.php?rest_route=%2Fwp%2Fv2%2Fpwb-brand&post=14203"},{"taxonomy":"product_cat","embeddable":true,"href":"https:\/\/www.autonvaraosahaku.fi\/index.php?rest_route=%2Fwp%2Fv2%2Fproduct_cat&post=14203"},{"taxonomy":"product_tag","embeddable":true,"href":"https:\/\/www.autonvaraosahaku.fi\/index.php?rest_route=%2Fwp%2Fv2%2Fproduct_tag&post=14203"}],"curies":[{"name":"wp","href":"https:\/\/api.w.org\/{rel}","templated":true}]}}