{"id":14206,"date":"2021-02-21T14:20:13","date_gmt":"2021-02-21T14:20:13","guid":{"rendered":"https:\/\/www.autonvaraosahaku.fi\/?product=ridex-9f0043-polttoainesuodatin"},"modified":"2021-02-21T14:20:14","modified_gmt":"2021-02-21T14:20:14","slug":"ridex-9f0043-polttoainesuodatin","status":"publish","type":"product","link":"https:\/\/www.autonvaraosahaku.fi\/?product=ridex-9f0043-polttoainesuodatin","title":{"rendered":"RIDEX 9F0043 Polttoainesuodatin"},"content":{"rendered":"<p>Lis\u00e4tarvike\/lis\u00e4tieto: Tiivisteill\u00e4, Tiivisteill\u00e4, Tiivisteill\u00e4, Tiivisteill\u00e4, Tiivisteill\u00e4, Tiivisteill\u00e4, Tiivisteill\u00e4, Tiivisteill\u00e4, Tiivisteill\u00e4, Tiivisteill\u00e4, Tiivisteill\u00e4, Tiivisteill\u00e4, Tiivisteill\u00e4; Korkeus (mm): 71,5; Sis\u00e4l\u00e4pimitta [mm]: 19; Ulkol\u00e4pimitta [mm]: 85; Ulkol\u00e4pimitta 1 [mm]: 88; Sis\u00e4l\u00e4pimitta 1 [mm]: 18; Valmistusvuosi alkaen: 01\/1987; VW: TRANSPORTER III Bus,LT 28-35 I Kasten 281-363,GOLF I 17,JETTA II 19E, 1G2, 165,PASSAT Variant 32B,TRANSPORTER III Kasten,LT 28-35 I Pritsche\/Fahrgestell 281-363,TRANSPORTER III Pritsche\/Fahrgestell,PASSAT 32B,JETTA I 16,PASSAT 32,PASSAT Stufenheck 32B,PASSAT Variant 33,SANTANA 32B,DELIVERY; AUDI: 80 81, 85, B2; MAZDA: 121 III JASM, JBSM; DAEWOO: LUBLIN II Pritsche\/Fahrgestell,LUBLIN II Bus,LUBLIN II Kasten; LADA: NIVA 2121; SUZUKI: SAMURAI SJ,VITARA ET, TA,VITARA Cabrio ET, TA,BALENO Kombi EG,BALENO EG,BALENO Schr\u00e4gheck EG; SEAT: IBIZA I 021A,MALAGA 023A,131,RONDA 022A,RITMO 138; LAND ROVER: 90\/110 DHMC,88\/109,88\/109 Hardtop; OPEL: REKORD D,REKORD D Caravan; IVECO: DAILY II Pritsche\/Fahrgestell,DAILY II Kasten\/Kombi,DAILY I Pritsche\/Fahrgestell,DAILY I Kasten\/Kombi,M,MK,ZETA; 10564040600102, 105640606001, 105640606002, 140600406100, 6371716, 7371716, 7965190, 7965880, 7984267, 7988149, 190632, 1906C9, 32143065, 321430650, 5470709, 5470709D, 9401906138, 95551283, 95575783, 95608917, ND14365, ND14665, PD14365, PD14365A, 0494251, 10601980, 494251, 1901687, 1909100, 4561986, 4612227, 4621540, 4621739, 4621740, 4651986, 4669550, 4669551, 4680444, 5983298, 5983958, 62775368, 70251397, 74680444, 9280124, 9819500, 9918114, 9918144, 9918184, 9924318, 1423477, 1582261, 1635103, 1823491, 2116723, 3914074, 5010518, 5029459, 6149716, 6149717, 6161789, 7235770, 825F9150A2B, C5NE9176A, C5NE9176C, D0NN9N074B, D8NN9N074AA, DONN9N074B, EDL6744A2, EDPN9N074AA, WD5T9W365, 1901629, 1901687, 1901929, 1909100, 4261739, 4621740, 500038745, 7984428, 9918114, 9918144, 9918184, 9924318, 212151117015, 243190601, 90517711, RTC6079, 81125030038, 86120006009, 486823570, 98800030, 813561, 813562, 190608, 190613, 1906C9, 0855589600, 6005000894, 600507409, 7700858863, 7701010100, 77010161&#8230;<\/p>\n","protected":false},"excerpt":{"rendered":"<p>RIDEX Polttoainesuodatin 9F0043  VW,AUDI,MAZDA,TRANSPORTER III Bus,LT 28-35 I Kasten 281-363,GOLF I 17,JETTA II 19E, 1G2, 165,PASSAT Variant 32B<\/p>\n","protected":false},"featured_media":0,"template":"","meta":{"site-sidebar-layout":"default","site-content-layout":"default","ast-global-header-display":"","ast-main-header-display":"","ast-hfb-above-header-display":"","ast-hfb-below-header-display":"","ast-hfb-mobile-header-display":"","site-post-title":"","ast-breadcrumbs-content":"","ast-featured-img":"","footer-sml-layout":"","theme-transparent-header-meta":"","adv-header-id-meta":"","stick-header-meta":"","header-above-stick-meta":"","header-main-stick-meta":"","header-below-stick-meta":""},"pwb-brand":[157],"product_cat":[29],"product_tag":[],"class_list":{"0":"post-14206","1":"product","2":"type-product","3":"status-publish","5":"pwb-brand-ridex","6":"product_cat-polttoainesuodatin","7":"desktop-align-left","8":"tablet-align-left","9":"mobile-align-left","11":"first","12":"instock","13":"product-type-external"},"brands":[{"id":157,"name":"RIDEX","slug":"ridex"}],"_links":{"self":[{"href":"https:\/\/www.autonvaraosahaku.fi\/index.php?rest_route=\/wp\/v2\/product\/14206","targetHints":{"allow":["GET"]}}],"collection":[{"href":"https:\/\/www.autonvaraosahaku.fi\/index.php?rest_route=\/wp\/v2\/product"}],"about":[{"href":"https:\/\/www.autonvaraosahaku.fi\/index.php?rest_route=\/wp\/v2\/types\/product"}],"wp:attachment":[{"href":"https:\/\/www.autonvaraosahaku.fi\/index.php?rest_route=%2Fwp%2Fv2%2Fmedia&parent=14206"}],"wp:term":[{"taxonomy":"pwb-brand","embeddable":true,"href":"https:\/\/www.autonvaraosahaku.fi\/index.php?rest_route=%2Fwp%2Fv2%2Fpwb-brand&post=14206"},{"taxonomy":"product_cat","embeddable":true,"href":"https:\/\/www.autonvaraosahaku.fi\/index.php?rest_route=%2Fwp%2Fv2%2Fproduct_cat&post=14206"},{"taxonomy":"product_tag","embeddable":true,"href":"https:\/\/www.autonvaraosahaku.fi\/index.php?rest_route=%2Fwp%2Fv2%2Fproduct_tag&post=14206"}],"curies":[{"name":"wp","href":"https:\/\/api.w.org\/{rel}","templated":true}]}}