{"id":14242,"date":"2021-02-21T14:20:20","date_gmt":"2021-02-21T14:20:20","guid":{"rendered":"https:\/\/www.autonvaraosahaku.fi\/?product=ridex-82b0393-jarrulevyt"},"modified":"2021-02-21T14:20:21","modified_gmt":"2021-02-21T14:20:21","slug":"ridex-82b0393-jarrulevyt","status":"publish","type":"product","link":"https:\/\/www.autonvaraosahaku.fi\/?product=ridex-82b0393-jarrulevyt","title":{"rendered":"RIDEX 82B0393 Jarrulevyt"},"content":{"rendered":"<p>Asennuspuoli: Etuakseli, Vorderachse links; L\u00e4pimitta [mm]: 280; Jarrulevytyyppi: Tuuletettu, sis\u00e4; Jarrulevyn paksuus (mm): 26; Reikien m\u00e4\u00e4r\u00e4: 5; Reik\u00e4ympyr\u00e4-\u00d8 [mm]: 114,3; M\u00e4\u00e4r\u00e4tty kiertosuunta: ; ei sidoksissa kulkusuuntaan: ; Korkeus (mm): 47,3; V\u00e4himm\u00e4ispaksuus (mm): 24,4; Napa-\u00d8 (mm): 152,5; keskitt\u00e4misl\u00e4pimitta [mm]: 69; Sis\u00e4l\u00e4pimitta [mm]: 143,6; Py\u00f6r\u00e4npulttireik\u00e4-\u00d8 [mm]: 12,5; KIA: SPORTAGE SL,CEE&#8217;D SW ED,CEE&#8217;D Schr\u00e4gheck ED,SPORTAGE JE_, KM_,VENGA YN,CEE&#8217;D JD,CARENS III UN,PRO CEE&#8217;D ED,SOUL AM,MAGENTIS MG,PRO CEE\u00b4D JD,SOUL II PS,CERATO YD Stufenheck,CERATO KOUP TD; HYUNDAI: ix35 LM, EL, ELH,i30 FD,TUCSON JM,i30 CW FD,i30 GD,ix20 JC,i30 CW GD,COUPE GK,SONATA V NF,i30 Coupe,TIBURON Coupe,SONATA VI YF; MITSUBISHI: OUTLANDER XL II CW_W; 517122C000, 517122E300, 517121D100, 517121F000, 517121H000, 517121H100, 517123K050; Jarrulevy<\/p>\n","protected":false},"excerpt":{"rendered":"<p>RIDEX Jarrulevyt 82B0393 Jarrulevy KIA,HYUNDAI,MITSUBISHI,SPORTAGE SL,CEE&#8217;D SW ED,CEE&#8217;D Schr\u00e4gheck ED,SPORTAGE JE_, KM_,VENGA YN,CEE&#8217;D JD<\/p>\n","protected":false},"featured_media":0,"template":"","meta":{"site-sidebar-layout":"default","site-content-layout":"default","ast-global-header-display":"","ast-main-header-display":"","ast-hfb-above-header-display":"","ast-hfb-below-header-display":"","ast-hfb-mobile-header-display":"","site-post-title":"","ast-breadcrumbs-content":"","ast-featured-img":"","footer-sml-layout":"","theme-transparent-header-meta":"","adv-header-id-meta":"","stick-header-meta":"","header-above-stick-meta":"","header-main-stick-meta":"","header-below-stick-meta":""},"pwb-brand":[157],"product_cat":[66],"product_tag":[],"class_list":{"0":"post-14242","1":"product","2":"type-product","3":"status-publish","5":"pwb-brand-ridex","6":"product_cat-jarrulevyt","7":"desktop-align-left","8":"tablet-align-left","9":"mobile-align-left","11":"first","12":"instock","13":"product-type-external"},"brands":[{"id":157,"name":"RIDEX","slug":"ridex"}],"_links":{"self":[{"href":"https:\/\/www.autonvaraosahaku.fi\/index.php?rest_route=\/wp\/v2\/product\/14242","targetHints":{"allow":["GET"]}}],"collection":[{"href":"https:\/\/www.autonvaraosahaku.fi\/index.php?rest_route=\/wp\/v2\/product"}],"about":[{"href":"https:\/\/www.autonvaraosahaku.fi\/index.php?rest_route=\/wp\/v2\/types\/product"}],"wp:attachment":[{"href":"https:\/\/www.autonvaraosahaku.fi\/index.php?rest_route=%2Fwp%2Fv2%2Fmedia&parent=14242"}],"wp:term":[{"taxonomy":"pwb-brand","embeddable":true,"href":"https:\/\/www.autonvaraosahaku.fi\/index.php?rest_route=%2Fwp%2Fv2%2Fpwb-brand&post=14242"},{"taxonomy":"product_cat","embeddable":true,"href":"https:\/\/www.autonvaraosahaku.fi\/index.php?rest_route=%2Fwp%2Fv2%2Fproduct_cat&post=14242"},{"taxonomy":"product_tag","embeddable":true,"href":"https:\/\/www.autonvaraosahaku.fi\/index.php?rest_route=%2Fwp%2Fv2%2Fproduct_tag&post=14242"}],"curies":[{"name":"wp","href":"https:\/\/api.w.org\/{rel}","templated":true}]}}