{"id":14245,"date":"2021-02-21T14:20:20","date_gmt":"2021-02-21T14:20:20","guid":{"rendered":"https:\/\/www.autonvaraosahaku.fi\/?product=ajusa-22007100-kierretulppa"},"modified":"2021-02-21T14:20:21","modified_gmt":"2021-02-21T14:20:21","slug":"ajusa-22007100-kierretulppa","status":"publish","type":"product","link":"https:\/\/www.autonvaraosahaku.fi\/?product=ajusa-22007100-kierretulppa","title":{"rendered":"AJUSA 22007100 Kierretulppa"},"content":{"rendered":"<p>Paksuus [mm]: 2; Sis\u00e4l\u00e4pimitta [mm]: 14; Ulkol\u00e4pimitta [mm]: 20; TECDOC-moottorinumero: 25636; HYUNDAI: ix35 LM, EL, ELH,i30 FD,GETZ TB,i10 PA,i20 PB, PBT,TUCSON JM,i30 CW FD,i40 CW VF,SANTA F\u00c9 I SM,SANTA F\u00c9 II CM,i30 GD,ix20 JC,MATRIX FC,TERRACAN HP,i30 CW GD,COUPE GK,H-1 Travel TQ,ATOS MX,TRAJET FO,SONATA V NF,ix55,SANTA F\u00c9 III DM,i30 Coupe,SONATA IV EF,GENESIS Coupe,ACCENT II LC,COUPE RD,VELOSTER FS,i40 VF,H-1 Kasten,H-1 Cargo TQ,ACCENT III MC,H-1 \/ STAREX,ELANTRA XD,ACCENT III Stufenheck MC,ELANTRA Stufenheck XD,ACCENT I X-3,ACCENT II Stufenheck LC,GRANDEUR TG,XG XG,LANTRA II Wagon J-2,GRAND SANTA F\u00c9,LANTRA II J-2,SANTAMO,ACCENT Stufenheck X-3,SONATA III Y-3,GALLOPER I,TUCSON,i10 IA,ELANTRA Stufenheck MD, UD,ACCENT IV RB,i20 GB,HIGHWAY VAN,H100 Kasten,SONATA VI YF,ELANTRA Stufenheck HD,GENESIS BH,H-1 Pritsche\/Fahrgestell,ACCENT IV Stufenheck RB,i30 PDE,PORTER Pritsche\/Fahrgestell,ELANTRA Coupe,GRANDEUR HG,H350 Bus,i30 Kombi PDE,H350 Kasten,i20 ACTIVE GB,i20 Coupe,i10 Stufenheck,KONA OS,PORTER Pick-up,GENESIS DH,i30 FASTBACK PDE,ELA; KIA: SORENTO I JC,PICANTO BA,SPORTAGE SL,CEE&#8217;D SW ED,CEE&#8217;D Schr\u00e4gheck ED,SPORTAGE JE_, KM_,VENGA YN,SORENTO II XM,CARENS II FJ,RIO III UB,RIO II JB,CEE&#8217;D JD,CARENS III UN,CARNIVAL \/ GRAND CARNIVAL III VQ,PICANTO TA,CEE`D Sportswagon JD,PRO CEE&#8217;D ED,CARENS IV,SOUL AM,CERATO LD,MAGENTIS GD,MAGENTIS MG,PRO CEE\u00b4D JD,OPIRUS GH,CERATO Stufenheck LD,RIO II Stufenheck JB,OPTIMA,SHUMA II FB,RIO III Stufenheck UB,SHUMA FB,SHUMA II Stufenheck FB,PREGIO Kasten TB,SPORTAGE QL,PREGIO Bus,K2500 SD,CERATO II Stufenheck TD,SORENTO III,SOUL II PS,BORREGO,BONGO Pritsche\/Fahrgestell,OPTIMA Sportswagon,CERATO YD Stufenheck,CERATO KOUP TD,CADENZA,RIO IV YB,CEE&#8217;D Combi Van JD,PICANTO JA,STONIC YB,RIO IV Stufenheck SC, FB; GENESIS: G90; 2151323001, 2151321000, 2151323000; Tiiviste, \u00d6ljynlaskutulppa<\/p>\n","protected":false},"excerpt":{"rendered":"<p>AJUSA \u00d6ljytulpan Tiiviste 22007100 Tiiviste, \u00d6ljynlaskutulppa HYUNDAI,KIA,GENESIS,ix35 LM, EL, ELH,i30 FD,GETZ TB,i10 PA,i20 PB, PBT,TUCSON JM<\/p>\n","protected":false},"featured_media":0,"template":"","meta":{"site-sidebar-layout":"default","site-content-layout":"default","ast-global-header-display":"","ast-main-header-display":"","ast-hfb-above-header-display":"","ast-hfb-below-header-display":"","ast-hfb-mobile-header-display":"","site-post-title":"","ast-breadcrumbs-content":"","ast-featured-img":"","footer-sml-layout":"","theme-transparent-header-meta":"","adv-header-id-meta":"","stick-header-meta":"","header-above-stick-meta":"","header-main-stick-meta":"","header-below-stick-meta":""},"pwb-brand":[211],"product_cat":[40],"product_tag":[],"class_list":{"0":"post-14245","1":"product","2":"type-product","3":"status-publish","5":"pwb-brand-ajusa","6":"product_cat-kierretulppa","7":"desktop-align-left","8":"tablet-align-left","9":"mobile-align-left","11":"first","12":"instock","13":"product-type-external"},"brands":[{"id":211,"name":"AJUSA","slug":"ajusa"}],"_links":{"self":[{"href":"https:\/\/www.autonvaraosahaku.fi\/index.php?rest_route=\/wp\/v2\/product\/14245","targetHints":{"allow":["GET"]}}],"collection":[{"href":"https:\/\/www.autonvaraosahaku.fi\/index.php?rest_route=\/wp\/v2\/product"}],"about":[{"href":"https:\/\/www.autonvaraosahaku.fi\/index.php?rest_route=\/wp\/v2\/types\/product"}],"wp:attachment":[{"href":"https:\/\/www.autonvaraosahaku.fi\/index.php?rest_route=%2Fwp%2Fv2%2Fmedia&parent=14245"}],"wp:term":[{"taxonomy":"pwb-brand","embeddable":true,"href":"https:\/\/www.autonvaraosahaku.fi\/index.php?rest_route=%2Fwp%2Fv2%2Fpwb-brand&post=14245"},{"taxonomy":"product_cat","embeddable":true,"href":"https:\/\/www.autonvaraosahaku.fi\/index.php?rest_route=%2Fwp%2Fv2%2Fproduct_cat&post=14245"},{"taxonomy":"product_tag","embeddable":true,"href":"https:\/\/www.autonvaraosahaku.fi\/index.php?rest_route=%2Fwp%2Fv2%2Fproduct_tag&post=14245"}],"curies":[{"name":"wp","href":"https:\/\/api.w.org\/{rel}","templated":true}]}}