{"id":14262,"date":"2021-02-21T14:20:24","date_gmt":"2021-02-21T14:20:24","guid":{"rendered":"https:\/\/www.autonvaraosahaku.fi\/?product=ridex-251t0039-tukivarren-hela"},"modified":"2021-02-21T14:20:25","modified_gmt":"2021-02-21T14:20:25","slug":"ridex-251t0039-tukivarren-hela","status":"publish","type":"product","link":"https:\/\/www.autonvaraosahaku.fi\/?product=ridex-251t0039-tukivarren-hela","title":{"rendered":"RIDEX 251T0039 Tukivarren hela"},"content":{"rendered":"<p>Asennuspuoli: Takana, Etuakseli, ala; Kokonaispituus (mm): 41; Sis\u00e4l\u00e4pimitta [mm]: 13.2; Ulkol\u00e4pimitta [mm]: 60.2; Ohjausmalli: Poikittaistukivarsi; Kiinnitysmalli: Kumimetallilaakeri; Varustelumahdollisuudet: REINFORCED; VW: GOLF IV 1J1,GOLF IV Variant 1J5,BORA 1J2,NEW BEETLE 9C1, 1C1,BORA Kombi 1J6,NEW BEETLE Cabriolet 1Y7,GOLF IV Van 1J1; AUDI: A3 8L1,TT 8N3,A1 8X1, 8XF,TT Roadster 8N9,A1 Sportback 8XA, 8XK; SKODA: FABIA,OCTAVIA Combi 1U5,FABIA Combi,OCTAVIA 1U2; SEAT: IBIZA V 6J5, 6P5,LEON 1M1,IBIZA V ST 6J8, 6P8,TOLEDO II 1M2,IBIZA V SPORTCOUPE 6J1, 6P1; 8N0407181B, 6R0407181B, 8N0407181B, 6R0407181B, 6R0407181B<\/p>\n","protected":false},"excerpt":{"rendered":"<p>RIDEX Tukivarren Hela 251T0039  VW,AUDI,SKODA,GOLF IV 1J1,GOLF IV Variant 1J5,BORA 1J2,NEW BEETLE 9C1, 1C1,BORA Kombi 1J6,NEW BEETLE Cabriolet 1Y7<\/p>\n","protected":false},"featured_media":0,"template":"","meta":{"site-sidebar-layout":"default","site-content-layout":"default","ast-global-header-display":"","ast-main-header-display":"","ast-hfb-above-header-display":"","ast-hfb-below-header-display":"","ast-hfb-mobile-header-display":"","site-post-title":"","ast-breadcrumbs-content":"","ast-featured-img":"","footer-sml-layout":"","theme-transparent-header-meta":"","adv-header-id-meta":"","stick-header-meta":"","header-above-stick-meta":"","header-main-stick-meta":"","header-below-stick-meta":""},"pwb-brand":[157],"product_cat":[115],"product_tag":[],"class_list":{"0":"post-14262","1":"product","2":"type-product","3":"status-publish","5":"pwb-brand-ridex","6":"product_cat-tukivarren-hela","7":"desktop-align-left","8":"tablet-align-left","9":"mobile-align-left","11":"first","12":"instock","13":"product-type-external"},"brands":[{"id":157,"name":"RIDEX","slug":"ridex"}],"_links":{"self":[{"href":"https:\/\/www.autonvaraosahaku.fi\/index.php?rest_route=\/wp\/v2\/product\/14262","targetHints":{"allow":["GET"]}}],"collection":[{"href":"https:\/\/www.autonvaraosahaku.fi\/index.php?rest_route=\/wp\/v2\/product"}],"about":[{"href":"https:\/\/www.autonvaraosahaku.fi\/index.php?rest_route=\/wp\/v2\/types\/product"}],"wp:attachment":[{"href":"https:\/\/www.autonvaraosahaku.fi\/index.php?rest_route=%2Fwp%2Fv2%2Fmedia&parent=14262"}],"wp:term":[{"taxonomy":"pwb-brand","embeddable":true,"href":"https:\/\/www.autonvaraosahaku.fi\/index.php?rest_route=%2Fwp%2Fv2%2Fpwb-brand&post=14262"},{"taxonomy":"product_cat","embeddable":true,"href":"https:\/\/www.autonvaraosahaku.fi\/index.php?rest_route=%2Fwp%2Fv2%2Fproduct_cat&post=14262"},{"taxonomy":"product_tag","embeddable":true,"href":"https:\/\/www.autonvaraosahaku.fi\/index.php?rest_route=%2Fwp%2Fv2%2Fproduct_tag&post=14262"}],"curies":[{"name":"wp","href":"https:\/\/api.w.org\/{rel}","templated":true}]}}