{"id":14268,"date":"2021-02-21T14:20:24","date_gmt":"2021-02-21T14:20:24","guid":{"rendered":"https:\/\/www.autonvaraosahaku.fi\/?product=beru-z27-sytytystulpat"},"modified":"2021-02-21T14:20:25","modified_gmt":"2021-02-21T14:20:25","slug":"beru-z27-sytytystulpat","status":"publish","type":"product","link":"https:\/\/www.autonvaraosahaku.fi\/?product=beru-z27-sytytystulpat","title":{"rendered":"BERU Z27 Sytytystulpat"},"content":{"rendered":"<p>K\u00e4rkiv\u00e4li (mm): 0,8; Liittimet: SAE\/M4; Kierremitta: M14x1,25; Avainv\u00e4li: 21 mm; Sytytystulppa: 1-maaelektroodi, suoralla istukalla; Kierteen pituus (mm): 19; Teknisten tietojen numero: 14 R-6 DU; Itsepalvelupakattu, katso osaluettelo: ; Kiristysmomentti > [Nm]: 20; Kiristysmomentti enint\u00e4\u00e4n [Nm]: 30; Tuotelinja: ULTRA; Tarvittava kappalem\u00e4\u00e4r\u00e4: 4; VW: GOLF IV 1J1,LUPO 6X1, 6E1,GOLF III 1H1,POLO 6N1,PASSAT Variant 3A5, 35I,GOLF I Cabriolet 155,GOLF III Cabriolet 1E7,GOLF Mk III Cabriolet 1E7,GOLF III Variant 1H5,PASSAT 3A2, 35I,CORRADO 53I,CADDY II Kasten 9K9A,POLO Variant 6KV5,POLO CLASSIC 6KV2,SCIROCCO 53B,VENTO 1H2,GOLF I 17,PASSAT Variant 32B,CADDY II Kombi 9K9B,PASSAT 32B,CADDY II Pick-up 9U7,SCIROCCO 53,JETTA I 16,DERBY 86C, 80,PASSAT 32,PASSAT Variant 33,SANTANA 32B; AUDI: 80 89, 89Q, 8A, B3,CABRIOLET 8G7, B4,80 Avant 8C, B4,A6 Avant 4A, C4,A6 4A, C4,COUPE 89, 8B,80 81, 85, B2,COUPE 81, 85,80 80, 82, B1,100 43, C2,100 Avant 43, C2,SUPER 90; SKODA: OCTAVIA Combi 1U5,OCTAVIA 1U2,FELICIA I 6U1,FELICIA II 6U1,FELICIA I Fun 797,FELICIA I Kombi 6U5,FELICIA II Kombi 6U5; SEAT: AROSA 6H,IBIZA II 6K1,CORDOBA 6K1, 6K2,CORDOBA Vario 6K1,TOLEDO I 1L,INCA 6K9,TERRA Kasten 024A,TERRA 24,131; CHEVROLET: KALOS,AVEO Schr\u00e4gheck T300,TRAX,KALOS Stufenheck,AVEO Stufenheck T300; DAEWOO: KALOS KLAS,NEXIA KLETN,NEXIA Stufenheck KLETN; LADA: NIVA 2121,KALINA Kombi 1117,KALINA Schr\u00e4gheck 1119,111 2111,110 2110,SAMARA 2108, 2109, 2115, 2113, 2114,NOVA 2105,KALINA Stufenheck 1118,112 2112,TOSCANA 2107,SAMARA Stufenheck 21099, 2115; NISSAN: PICK UP 720,URVAN Kasten E24; KIA: MAGENTIS GD,JOICE,PRIDE DA; LAND ROVER: RANGE ROVER II LP; 5894585, 60800325, 71711639, 7554436, 7760381, 1L45JR, 4346797, 4347776, 4401552, 60800325, 71711639, 71736278, 7554436, 7554437, 7554449, 7760381, 7772515, 7FYSSR, V45LSR, 1518878, 5099950, 5099962, 6073379, 78GB12405CA, 78GB12405HA, 78IF12405AA, 78IF12405BA, 78TF12405AA, 79OF12405ACA, 79OF12405YA, 80GB12405AA, 80OF12405DA, 81GB12405AA, D3PF12405BA, 5894585, 60800325, 71711639, 7554436, 7760381, 0001595403, 0001599403, MS851234, MS851413, 1214108, 1214112, 1214119, 1214122, 1214132, 1214702, 1214802, 1214806, 7700500120, 7700742094, 7700868864, 7701414143, 7701742094, 0000VSP120, 0079227044, 1367529, 1467015; Tulpat,Sytytystulppa<\/p>\n","protected":false},"excerpt":{"rendered":"<p>BERU Sytytystulpat Z27 Tulpat,Sytytystulppa VW,AUDI,SKODA,GOLF IV 1J1,LUPO 6X1, 6E1,GOLF III 1H1,POLO 6N1,PASSAT Variant 3A5, 35I,GOLF I Cabriolet 155<\/p>\n","protected":false},"featured_media":0,"template":"","meta":{"site-sidebar-layout":"default","site-content-layout":"default","ast-global-header-display":"","ast-main-header-display":"","ast-hfb-above-header-display":"","ast-hfb-below-header-display":"","ast-hfb-mobile-header-display":"","site-post-title":"","ast-breadcrumbs-content":"","ast-featured-img":"","footer-sml-layout":"","theme-transparent-header-meta":"","adv-header-id-meta":"","stick-header-meta":"","header-above-stick-meta":"","header-main-stick-meta":"","header-below-stick-meta":""},"pwb-brand":[327],"product_cat":[165],"product_tag":[],"class_list":{"0":"post-14268","1":"product","2":"type-product","3":"status-publish","5":"pwb-brand-beru","6":"product_cat-sytytystulpat","7":"desktop-align-left","8":"tablet-align-left","9":"mobile-align-left","11":"first","12":"instock","13":"product-type-external"},"brands":[{"id":327,"name":"BERU","slug":"beru"}],"_links":{"self":[{"href":"https:\/\/www.autonvaraosahaku.fi\/index.php?rest_route=\/wp\/v2\/product\/14268","targetHints":{"allow":["GET"]}}],"collection":[{"href":"https:\/\/www.autonvaraosahaku.fi\/index.php?rest_route=\/wp\/v2\/product"}],"about":[{"href":"https:\/\/www.autonvaraosahaku.fi\/index.php?rest_route=\/wp\/v2\/types\/product"}],"wp:attachment":[{"href":"https:\/\/www.autonvaraosahaku.fi\/index.php?rest_route=%2Fwp%2Fv2%2Fmedia&parent=14268"}],"wp:term":[{"taxonomy":"pwb-brand","embeddable":true,"href":"https:\/\/www.autonvaraosahaku.fi\/index.php?rest_route=%2Fwp%2Fv2%2Fpwb-brand&post=14268"},{"taxonomy":"product_cat","embeddable":true,"href":"https:\/\/www.autonvaraosahaku.fi\/index.php?rest_route=%2Fwp%2Fv2%2Fproduct_cat&post=14268"},{"taxonomy":"product_tag","embeddable":true,"href":"https:\/\/www.autonvaraosahaku.fi\/index.php?rest_route=%2Fwp%2Fv2%2Fproduct_tag&post=14268"}],"curies":[{"name":"wp","href":"https:\/\/api.w.org\/{rel}","templated":true}]}}