{"id":14270,"date":"2021-02-21T14:20:24","date_gmt":"2021-02-21T14:20:24","guid":{"rendered":"https:\/\/www.autonvaraosahaku.fi\/?product=herthbuss-elparts-50267147-muut-luokat"},"modified":"2021-02-21T14:20:25","modified_gmt":"2021-02-21T14:20:25","slug":"herthbuss-elparts-50267147-muut-luokat","status":"publish","type":"product","link":"https:\/\/www.autonvaraosahaku.fi\/?product=herthbuss-elparts-50267147-muut-luokat","title":{"rendered":"HERTH+BUSS ELPARTS 50267147 Muut luokat"},"content":{"rendered":"<p>Versio: Ford, Escort, Focus, Orion, Mondeo, Iveco, Mercedes-Benz, Atego, O405, O407, Sprinter, Opel, Ascona, Astra, Omega, Vectra, VAG, VW, LT, Passat, Volvo; OE-numerolle: 1 009 164, 500355891, 000 990 55 92, 90 116 376, N 10219501, 3923475; Asennuspuoli: Py\u00f6r\u00e4n puoli, Puskuri; Korkeus 1 (mm): 11; Korkeus 2 (mm): 18,5; L\u00e4pimitta [mm]: 16; Reik\u00e4l\u00e4pimitalle alkaen [mm]: 5,5; Reik\u00e4l\u00e4pimitta enint. [mm]: 6,4; Materiaali: Polyamidi 6.6; 1009164, W70390, 0000500355891, 500355891, 0009905592, A0009905592, 2317703, 90116376, 2317703, 90116376, 3923475<\/p>\n","protected":false},"excerpt":{"rendered":"<p>HERTH+BUSS ELPARTS Levitysniitti 50267147<\/p>\n","protected":false},"featured_media":0,"template":"","meta":{"site-sidebar-layout":"default","site-content-layout":"default","ast-global-header-display":"","ast-main-header-display":"","ast-hfb-above-header-display":"","ast-hfb-below-header-display":"","ast-hfb-mobile-header-display":"","site-post-title":"","ast-breadcrumbs-content":"","ast-featured-img":"","footer-sml-layout":"","theme-transparent-header-meta":"","adv-header-id-meta":"","stick-header-meta":"","header-above-stick-meta":"","header-main-stick-meta":"","header-below-stick-meta":""},"pwb-brand":[232],"product_cat":[37],"product_tag":[],"class_list":{"0":"post-14270","1":"product","2":"type-product","3":"status-publish","5":"pwb-brand-herthbuss-elparts","6":"product_cat-muut-luokat","7":"desktop-align-left","8":"tablet-align-left","9":"mobile-align-left","11":"first","12":"instock","13":"product-type-external"},"brands":[{"id":232,"name":"HERTH+BUSS ELPARTS","slug":"herthbuss-elparts"}],"_links":{"self":[{"href":"https:\/\/www.autonvaraosahaku.fi\/index.php?rest_route=\/wp\/v2\/product\/14270","targetHints":{"allow":["GET"]}}],"collection":[{"href":"https:\/\/www.autonvaraosahaku.fi\/index.php?rest_route=\/wp\/v2\/product"}],"about":[{"href":"https:\/\/www.autonvaraosahaku.fi\/index.php?rest_route=\/wp\/v2\/types\/product"}],"wp:attachment":[{"href":"https:\/\/www.autonvaraosahaku.fi\/index.php?rest_route=%2Fwp%2Fv2%2Fmedia&parent=14270"}],"wp:term":[{"taxonomy":"pwb-brand","embeddable":true,"href":"https:\/\/www.autonvaraosahaku.fi\/index.php?rest_route=%2Fwp%2Fv2%2Fpwb-brand&post=14270"},{"taxonomy":"product_cat","embeddable":true,"href":"https:\/\/www.autonvaraosahaku.fi\/index.php?rest_route=%2Fwp%2Fv2%2Fproduct_cat&post=14270"},{"taxonomy":"product_tag","embeddable":true,"href":"https:\/\/www.autonvaraosahaku.fi\/index.php?rest_route=%2Fwp%2Fv2%2Fproduct_tag&post=14270"}],"curies":[{"name":"wp","href":"https:\/\/api.w.org\/{rel}","templated":true}]}}