{"id":14284,"date":"2021-02-21T14:20:28","date_gmt":"2021-02-21T14:20:28","guid":{"rendered":"https:\/\/www.autonvaraosahaku.fi\/?product=autofren-seinsa-d8049-vetonivelen-suojakumi"},"modified":"2021-02-21T14:20:29","modified_gmt":"2021-02-21T14:20:29","slug":"autofren-seinsa-d8049-vetonivelen-suojakumi","status":"publish","type":"product","link":"https:\/\/www.autonvaraosahaku.fi\/?product=autofren-seinsa-d8049-vetonivelen-suojakumi","title":{"rendered":"AUTOFREN SEINSA D8049 Vetonivelen suojakumi"},"content":{"rendered":"<p>Asennuspuoli: Vaihteiston puoli; Sis\u00e4l\u00e4pimitta 1 [mm]: 23; Sis\u00e4l\u00e4pimitta 2 [mm]: 56; Korkeus (mm): 99; VW: GOLF IV 1J1,TRANSPORTER IV Bus 70XB, 70XC, 7DB, 7DW,GOLF IV Variant 1J5,SHARAN 7M8, 7M9, 7M6,TRANSPORTER V Bus 7HB, 7HJ, 7EB, 7EJ, 7EF,MULTIVAN V 7HM, 7HN, 7HF, 7EF, 7EM, 7EN,BORA 1J2,PASSAT 3B2,TRANSPORTER IV Kasten 70XA,TRANSPORTER V Kasten 7HA, 7HH, 7EA, 7EH,NEW BEETLE 9C1, 1C1,PHAETON 3D_,BORA Kombi 1J6,TRANSPORTER IV Pritsche\/Fahrgestell 70XD,TRANSPORTER V Pritsche\/Fahrgestell 7JD, 7JE, 7JL, 7JY, 7JZ,,GOLF IV Van 1J1; AUDI: A3 8L1,A4 Avant 8ED, B7,A4 Avant 8E5, B6,A4 8E2, B6,A4 Cabriolet 8H7, B6, 8HE, B7,A4 8EC, B7,TT 8N3,TT Roadster 8N9; SKODA: FABIA 6Y2,OCTAVIA Combi 1U5,OCTAVIA 1U2; SEAT: IBIZA IV 6L1,LEON 1M1,ALHAMBRA 7V8, 7V9,TOLEDO II 1M2,CORDOBA 6L2; LANCIA: LYBRA SW 839BX,KAPPA 838A,LYBRA 839AX,KAPPA SW 838B,KAPPA Coupe 838; FORD: GALAXY WGR; ALFA ROMEO: 166 936,164 164,145 930,146 930; FIAT: MAREA Weekend 185,MAREA 185; 16400170470102, 46307462, 60510352, 46307462, 60815371, 1075639, 95VW7L606BA, 98VWX4A084BA, 1J0498201E, 6Q0498201D, 8N0498201A, 6Q0498201D<\/p>\n","protected":false},"excerpt":{"rendered":"<p>AUTOFREN SEINSA Paljekumisarja, Vetoakseli D8049  VW,AUDI,SKODA,GOLF IV 1J1,TRANSPORTER IV Bus 70XB, 70XC, 7DB, 7DW,GOLF IV Variant 1J5<\/p>\n","protected":false},"featured_media":0,"template":"","meta":{"site-sidebar-layout":"default","site-content-layout":"default","ast-global-header-display":"","ast-main-header-display":"","ast-hfb-above-header-display":"","ast-hfb-below-header-display":"","ast-hfb-mobile-header-display":"","site-post-title":"","ast-breadcrumbs-content":"","ast-featured-img":"","footer-sml-layout":"","theme-transparent-header-meta":"","adv-header-id-meta":"","stick-header-meta":"","header-above-stick-meta":"","header-main-stick-meta":"","header-below-stick-meta":""},"pwb-brand":[243],"product_cat":[42],"product_tag":[],"class_list":{"0":"post-14284","1":"product","2":"type-product","3":"status-publish","5":"pwb-brand-autofren-seinsa","6":"product_cat-vetonivelen-suojakumi","7":"desktop-align-left","8":"tablet-align-left","9":"mobile-align-left","11":"first","12":"instock","13":"product-type-external"},"brands":[{"id":243,"name":"AUTOFREN SEINSA","slug":"autofren-seinsa"}],"_links":{"self":[{"href":"https:\/\/www.autonvaraosahaku.fi\/index.php?rest_route=\/wp\/v2\/product\/14284","targetHints":{"allow":["GET"]}}],"collection":[{"href":"https:\/\/www.autonvaraosahaku.fi\/index.php?rest_route=\/wp\/v2\/product"}],"about":[{"href":"https:\/\/www.autonvaraosahaku.fi\/index.php?rest_route=\/wp\/v2\/types\/product"}],"wp:attachment":[{"href":"https:\/\/www.autonvaraosahaku.fi\/index.php?rest_route=%2Fwp%2Fv2%2Fmedia&parent=14284"}],"wp:term":[{"taxonomy":"pwb-brand","embeddable":true,"href":"https:\/\/www.autonvaraosahaku.fi\/index.php?rest_route=%2Fwp%2Fv2%2Fpwb-brand&post=14284"},{"taxonomy":"product_cat","embeddable":true,"href":"https:\/\/www.autonvaraosahaku.fi\/index.php?rest_route=%2Fwp%2Fv2%2Fproduct_cat&post=14284"},{"taxonomy":"product_tag","embeddable":true,"href":"https:\/\/www.autonvaraosahaku.fi\/index.php?rest_route=%2Fwp%2Fv2%2Fproduct_tag&post=14284"}],"curies":[{"name":"wp","href":"https:\/\/api.w.org\/{rel}","templated":true}]}}