{"id":14293,"date":"2021-02-21T14:20:28","date_gmt":"2021-02-21T14:20:28","guid":{"rendered":"https:\/\/www.autonvaraosahaku.fi\/?product=mahle-original-ox-153d3-oljynsuodatin"},"modified":"2021-02-21T14:20:30","modified_gmt":"2021-02-21T14:20:30","slug":"mahle-original-ox-153d3-oljynsuodatin","status":"publish","type":"product","link":"https:\/\/www.autonvaraosahaku.fi\/?product=mahle-original-ox-153d3-oljynsuodatin","title":{"rendered":"MAHLE ORIGINAL OX 153D3 \u00d6ljynsuodatin"},"content":{"rendered":"<p>Suodatintyyppi: Suodatinpanos; Korkeus (mm): 115,0; Korkeus 1 (mm): 105,1; L\u00e4pimitta [mm]: 64,3; Sis\u00e4l\u00e4pimitta 1 [mm]: 31,4; L\u00e4pimitta 3 [mm]: 31,4; Tiivisteen l\u00e4pimitta [mm]: 31,4; Korkeus (tuumaa): 4,72; Leveys (tuumaa): 2,95; Pituus (tuumaa): 2,95; Valmistusvuoteen: 04\/2009; JEEP: GRAND CHEROKEE II WJ, WG; MERCEDES-BENZ: C-CLASS W203,E-CLASS W211,C-CLASS W204,C-CLASS T-Model S204,C-CLASS T-Model S203,C-CLASS W202,E-CLASS T-Model S211,E-CLASS W210,VIANO W639,C-CLASS Coupe CL203,M-CLASS W163,E-CLASS Kombi S210,VITO Bus W639,CLK C209,C-CLASS Kombi S202,VITO \/ MIXTO Kasten W639,SPRINTER 3,5-t Kasten 906,G-CLASS W463,VITO Bus 638,SPRINTER 3-t Kasten 903,SPRINTER 3,5-t Bus 906,SPRINTER 2-t Bus 901, 902,SPRINTER 3-t Kasten 906,V-CLASS 638\/2,CLC-CLASS CL203,SPRINTER 2-t Kasten 901, 902,SPRINTER 3-t Bus 903,SPRINTER 3,5-t Pritsche\/Fahrgestell 906,SPRINTER 3-t Pritsche\/Fahrgestell 903,VITO Kasten 638,SPRINTER 3-t Bus 906,SPRINTER 4-t Pritsche\/Fahrgestell 904,SPRINTER 2-t Pritsche\/Fahrgestell 901, 902,SPRINTER CLASSIC 3,5-t Kasten 909,SPRINTER 5-t Kasten 906,SPRINTER 5-t Pritsche\/Fahrgestell 906,SPRINTER 4-t Kasten 904,SPRINTER 3-t Pritsche\/Fahrgestell 906,SPRINTER 4-t Bus 904,SPRINTER 5-t Pritsche\/Fahrgestell 905,SPRINTER 4,6-t Pritsche\/Fahrgestell 906,SPRINTER CLASSIC 4,6-t Bus 909,SPRINTER 4,; 05080244AB, 05086301AA, 5080244AB, 5086301AA, K05080244AB, K05086301AA, 5086301AA, 1121840025, 1121840225OD, 6111800009, 6111800010, 6111800110, 6111800210, 6740252406, A1121840025, A1121840225OD, A1121840525, A6111800009, A6111800010, A6111800110, A6111800210, A6740252406<\/p>\n","protected":false},"excerpt":{"rendered":"<p>MAHLE ORIGINAL \u00d6ljynsuodatin OX 153D3  JEEP,MERCEDES-BENZ,GRAND CHEROKEE II WJ, WG,C-CLASS W203,E-CLASS W211,C-CLASS W204,C-CLASS T-Model S204<\/p>\n","protected":false},"featured_media":0,"template":"","meta":{"site-sidebar-layout":"default","site-content-layout":"default","ast-global-header-display":"","ast-main-header-display":"","ast-hfb-above-header-display":"","ast-hfb-below-header-display":"","ast-hfb-mobile-header-display":"","site-post-title":"","ast-breadcrumbs-content":"","ast-featured-img":"","footer-sml-layout":"","theme-transparent-header-meta":"","adv-header-id-meta":"","stick-header-meta":"","header-above-stick-meta":"","header-main-stick-meta":"","header-below-stick-meta":""},"pwb-brand":[153],"product_cat":[30],"product_tag":[],"class_list":{"0":"post-14293","1":"product","2":"type-product","3":"status-publish","5":"pwb-brand-mahle-original","6":"product_cat-oljynsuodatin","7":"desktop-align-left","8":"tablet-align-left","9":"mobile-align-left","11":"first","12":"instock","13":"product-type-external"},"brands":[{"id":153,"name":"MAHLE ORIGINAL","slug":"mahle-original"}],"_links":{"self":[{"href":"https:\/\/www.autonvaraosahaku.fi\/index.php?rest_route=\/wp\/v2\/product\/14293","targetHints":{"allow":["GET"]}}],"collection":[{"href":"https:\/\/www.autonvaraosahaku.fi\/index.php?rest_route=\/wp\/v2\/product"}],"about":[{"href":"https:\/\/www.autonvaraosahaku.fi\/index.php?rest_route=\/wp\/v2\/types\/product"}],"wp:attachment":[{"href":"https:\/\/www.autonvaraosahaku.fi\/index.php?rest_route=%2Fwp%2Fv2%2Fmedia&parent=14293"}],"wp:term":[{"taxonomy":"pwb-brand","embeddable":true,"href":"https:\/\/www.autonvaraosahaku.fi\/index.php?rest_route=%2Fwp%2Fv2%2Fpwb-brand&post=14293"},{"taxonomy":"product_cat","embeddable":true,"href":"https:\/\/www.autonvaraosahaku.fi\/index.php?rest_route=%2Fwp%2Fv2%2Fproduct_cat&post=14293"},{"taxonomy":"product_tag","embeddable":true,"href":"https:\/\/www.autonvaraosahaku.fi\/index.php?rest_route=%2Fwp%2Fv2%2Fproduct_tag&post=14293"}],"curies":[{"name":"wp","href":"https:\/\/api.w.org\/{rel}","templated":true}]}}