{"id":14294,"date":"2021-02-21T14:20:28","date_gmt":"2021-02-21T14:20:28","guid":{"rendered":"https:\/\/www.autonvaraosahaku.fi\/?product=ashika-30-eco016-polttoainesuodatin"},"modified":"2021-02-21T14:20:30","modified_gmt":"2021-02-21T14:20:30","slug":"ashika-30-eco016-polttoainesuodatin","status":"publish","type":"product","link":"https:\/\/www.autonvaraosahaku.fi\/?product=ashika-30-eco016-polttoainesuodatin","title":{"rendered":"ASHIKA 30-ECO016 Polttoainesuodatin"},"content":{"rendered":"<p>Suodatintyyppi: Suodatinpanos; Pituus (mm): 102; Ulkol\u00e4pimitta [mm]: 67; Sis\u00e4l\u00e4pimitta [mm]: 25; SUZUKI: SWIFT III MZ, EZ,SWIFT IV FZ, NZ,SX4 EY, GY,WAGON R+ MM,SPLASH,IGNIS II,SX4 S-Cross,VITARA LY; CHEVROLET: CAPTIVA C100, C140,EPICA KL1_,LACETTI J200,NUBIRA Stufenheck; LANCIA: YPSILON 843,MUSA 350; OPEL: CORSA C F08, F68,ZAFIRA B A05,ASTRA H Caravan L35,ASTRA H L48,ASTRA H GTC L08,SIGNUM,VECTRA C,AGILA A H00,ANTARA,TIGRA TwinTop,ASTRA H TwinTop L67,COMBO Kasten\/Kombi,COMBO Tour,AGILA B H08,CORSA C Kasten F08, W5L,ASTRA H Stufenheck L69; SAAB: 9-3 YS3F,9-3 Kombi YS3F; FIAT: PUNTO 188,PANDA 169,DUCATO Kasten 250,DUCATO Pritsche\/Fahrgestell 250,DUCATO Bus 250,DUCATO Bus 230,DUCATO Kasten 244,DOBLO Cargo 223,500 C 312,DOBLO 119,CROMA 194,DUCATO Pritsche\/Fahrgestell 244,PANDA Van 169,DUCATO Bus 244, Z_,IDEA,SEDICI,STRADA Pick-up 178E,MULTIPLA 186,PUNTO Van 188AX,SIENA 178_; CITRO\u00cbN: JUMPER Kasten 244,JUMPER Bus,JUMPER Bus 244, Z_,JUMPER Pritsche\/Fahrgestell 244; PEUGEOT: BOXER Kasten,BOXER Kasten 244,BOXER Bus,BOXER Pritsche\/Fahrgestell,BOXER Pritsche\/Fahrgestell 244; DR: DR 5; VAUXHALL: ZAFIRA Mk II B M75,ASTRA Mk V H CC,CORSA Mk II C W5L, F08,ASTRA Mk V H Estate,VECTRA Mk II C Estate,ASTRA Mk V H Convertible,VECTRA Mk II C,ANTARA J26, H26,AGILA Mk II B,MERIVA Mk I A,CORSAVAN Mk II C,ASTRAVAN Mk V H,COMBO Mk II C Kasten\/Kombi F25; 71765051, 71765053, 71772816, 77362340, 77363600, 77365864, 77365902, 96816473, 1606267680, 190698, 1906C4, E148145, 6000629849, 6001073287, 71753841, 71772777, 71772815, 71772817, 71773193, 77362340, 77363600, 77365864, 77365902, 71746975, 71779170, 77362340, 77365864, 77365902, 00813569, 00818012, 04708795, 04807214, 0813569, 0818012, 4708795, 4807214, 813569, 818012, 95599700, 1606267680, 1631487880, 190697, 1906C4, E148145, 96816473, 1541179J50, 1541179J50000, 1541184E50, 1541184E50000, 1541184E60, 1541184E60000, 93181377, 93193621, 95599129, 96816473<\/p>\n","protected":false},"excerpt":{"rendered":"<p>ASHIKA Polttoainesuodatin 30-ECO016  SUZUKI,CHEVROLET,LANCIA,SWIFT III MZ, EZ,SWIFT IV FZ, NZ,SX4 EY, GY,WAGON R+ MM,SPLASH,IGNIS II,SX4 S-Cross<\/p>\n","protected":false},"featured_media":0,"template":"","meta":{"site-sidebar-layout":"default","site-content-layout":"default","ast-global-header-display":"","ast-main-header-display":"","ast-hfb-above-header-display":"","ast-hfb-below-header-display":"","ast-hfb-mobile-header-display":"","site-post-title":"","ast-breadcrumbs-content":"","ast-featured-img":"","footer-sml-layout":"","theme-transparent-header-meta":"","adv-header-id-meta":"","stick-header-meta":"","header-above-stick-meta":"","header-main-stick-meta":"","header-below-stick-meta":""},"pwb-brand":[102],"product_cat":[29],"product_tag":[],"class_list":{"0":"post-14294","1":"product","2":"type-product","3":"status-publish","5":"pwb-brand-ashika","6":"product_cat-polttoainesuodatin","7":"desktop-align-left","8":"tablet-align-left","9":"mobile-align-left","11":"first","12":"instock","13":"product-type-external"},"brands":[{"id":102,"name":"ASHIKA","slug":"ashika"}],"_links":{"self":[{"href":"https:\/\/www.autonvaraosahaku.fi\/index.php?rest_route=\/wp\/v2\/product\/14294","targetHints":{"allow":["GET"]}}],"collection":[{"href":"https:\/\/www.autonvaraosahaku.fi\/index.php?rest_route=\/wp\/v2\/product"}],"about":[{"href":"https:\/\/www.autonvaraosahaku.fi\/index.php?rest_route=\/wp\/v2\/types\/product"}],"wp:attachment":[{"href":"https:\/\/www.autonvaraosahaku.fi\/index.php?rest_route=%2Fwp%2Fv2%2Fmedia&parent=14294"}],"wp:term":[{"taxonomy":"pwb-brand","embeddable":true,"href":"https:\/\/www.autonvaraosahaku.fi\/index.php?rest_route=%2Fwp%2Fv2%2Fpwb-brand&post=14294"},{"taxonomy":"product_cat","embeddable":true,"href":"https:\/\/www.autonvaraosahaku.fi\/index.php?rest_route=%2Fwp%2Fv2%2Fproduct_cat&post=14294"},{"taxonomy":"product_tag","embeddable":true,"href":"https:\/\/www.autonvaraosahaku.fi\/index.php?rest_route=%2Fwp%2Fv2%2Fproduct_tag&post=14294"}],"curies":[{"name":"wp","href":"https:\/\/api.w.org\/{rel}","templated":true}]}}