{"id":14307,"date":"2021-02-21T14:20:31","date_gmt":"2021-02-21T14:20:31","guid":{"rendered":"https:\/\/www.autonvaraosahaku.fi\/?product=febi-bilstein-15960-hehkutulppa"},"modified":"2021-02-21T14:20:33","modified_gmt":"2021-02-21T14:20:33","slug":"febi-bilstein-15960-hehkutulppa","status":"publish","type":"product","link":"https:\/\/www.autonvaraosahaku.fi\/?product=febi-bilstein-15960-hehkutulppa","title":{"rendered":"FEBI BILSTEIN 15960 Hehkutulppa"},"content":{"rendered":"<p>Pituus (mm): 71, 24,5; Ulkokierre [mm]: M12 x 1,25; Avainv\u00e4li: 12; J\u00e4nnite (V): 11; Paino [kg]: 0,025; Hehkutulppatyyppi: j\u00e4lkihehkutuksenkest\u00e4v\u00e4, j\u00e4lkihehkutuksenkest\u00e4v\u00e4; Huomioi tekniset tiedot: ; IVECO: DAILY I Pritsche\/Fahrgestell,DAILY I Kasten\/Kombi; LAND ROVER: DEFENDER Station Wagon LD,DEFENDER Cabrio LD; MERCEDES-BENZ: 190 W201,Stufenheck W124,Stufenheck W123,KOMBI Kombi S124,E-CLASS W124,G-CLASS W460,E-CLASS Kombi S124,COUPE C123,KOMBI Kombi S123,T1 Bus 601,100 Bus 631,T1 Pritsche\/Fahrgestell 602,T1 Kasten 602,100 Kasten 631,T1 Pritsche\/Fahrgestell 601,T1 Kasten 601,100 Pritsche\/Fahrgestell 631,T1\/TN Pritsche\/Fahrgestell,T2\/LN1 Pritsche\/Fahrgestell,T1\/TN Kasten\/Kombi,O 309,UNIMOG; LANCIA: THEMA 834,DELTA II 836,ZETA 220,DEDRA 835,DEDRA SW 835,THEMA SW 834; FORD: SIERRA GBG, GB4,SIERRA Schr\u00e4gheck GBC, GBG,SCORPIO I GAE, GGE,SIERRA Schr\u00e4gheck GBC,SCORPIO I Stufenheck GGE,SIERRA Kombi BNG,GRANADA GU,SCORPIO I Kombi GGE,SIERRA Kombi BNC; FIAT: DUCATO Pritsche\/Fahrgestell 230,DUCATO Bus 230,PUNTO 176,DUCATO Kasten 230L,STRADA Pick-up 178E,ULYSSE 220,SCUDO Kasten 220L,DUCATO Panorama 290,SCUDO Combinato 220P,PALIO Weekend 178DX,FIORINO Kasten 146,TIPO 160,CROMA 154,TEMPRA 159,PUNTO Van 176L,TEMPRA S.W. 159,FIORINO Pick up 146,PALIO 178BX,SIENA 178_,SCUDO Pritsche\/Fahrgestell 220_; CITRO\u00cbN: BERLINGO MF,BERLINGO Kasten M_,XSARA N1,XSARA Break N2,XM Y4,XSARA Coupe N0,XANTIA X1,EVASION 22, U6,ZX N2,BX XB-_,C25 Bus 280_, 290_,JUMPY U6U,JUMPY Kasten BS_, BT_, BY_, BZ_,JUMPER Kasten 230L,XM Y3,XANTIA Break X1,JUMPER Bus 230P,ZX Break N2,XM Break Y4,JUMPER Pritsche\/Fahrgestell 230,BX Break XB-_,C25 Kasten 280_, 290_,C15 VD-_,JUMPY Pritsche\/Fahrgestell BU_, BV_, BW_, BX_,XM Break Y3,C15 Kombi,XSARA Kasten\/Schr\u00e4gheck; ALFA ROMEO: 75 162B,164 164,145 930,155 167,146 930,33 907A,33 905; PEUGEOT: 306 Schr\u00e4gheck 7A, 7C, N3, N5,406 Break 8E\/F,PARTNER Combispace 5F,205 II 20A\/C,PARTNER Kasten 5,306 Break 7E, N3, N5,406 8B,J5 Pritsche\/Fahrgestell 290L,806 221,BOXER Kasten 230L,306 7B, N3, N5,J5 Kasten 280L,EXPERT Kasten 222,J5 Bus 290P,309 II 3C, 3A,205 I 741A\/C,J5 Kasten 290L,405 I 15B,BOXER Bus 230P,BOXER Pritsche\/Fahrgestell ZCT_,605 6B,EXPERT 224,405 II 4B,309 I 10C, 10A,306 Van N_, 7_,405 II Break 4E,405 I Break 15E,EXPERT Pritsche\/Fahrgestell 223,205 Kasten,306 Kasten\/Schr\u00e4gheck; 4849406, 5951881, 60507123, 60596245, 71719015, 71735461, 7634328, 7702960, 1610428980, 5960G7, 596203, 59623J, 5962S8, 5962W8, E161003, 4833643, 5951881, 5951882, 60507123, 60596245, 71719015, 71735461, 7634328, 9616572480, 9633214380, 1587444, 1608204, 5023372, 6110609, 6154593, 785F6M090BA, 78GB6M090CA, 84BB6M090AA, 890X6M090UA, 0004783047, 0004841294, 0004849406, 004783047, 004841294, 004849406, 04783047, 04841294, 04849406, 4783047, 4841294, 4849406, 5951881, 60507123, 60596245, 60800110, 71719015, 71735461, 7634328, 9616572480, ERC8450, 0001598101, 0001598301, A0001598101, A0001598301, 1610428980, 5960G7, 596140, 596203, 59623H, 596274, 5962J4, 5962R8, E161003<\/p>\n","protected":false},"excerpt":{"rendered":"<p>FEBI BILSTEIN Hehkutulppa 15960  IVECO,LAND ROVER,MERCEDES-BENZ,DAILY I Pritsche\/Fahrgestell,DAILY I Kasten\/Kombi,DEFENDER Station Wagon LD<\/p>\n","protected":false},"featured_media":0,"template":"","meta":{"site-sidebar-layout":"default","site-content-layout":"default","ast-global-header-display":"","ast-main-header-display":"","ast-hfb-above-header-display":"","ast-hfb-below-header-display":"","ast-hfb-mobile-header-display":"","site-post-title":"","ast-breadcrumbs-content":"","ast-featured-img":"","footer-sml-layout":"","theme-transparent-header-meta":"","adv-header-id-meta":"","stick-header-meta":"","header-above-stick-meta":"","header-main-stick-meta":"","header-below-stick-meta":""},"pwb-brand":[50],"product_cat":[52],"product_tag":[],"class_list":{"0":"post-14307","1":"product","2":"type-product","3":"status-publish","5":"pwb-brand-febi-bilstein","6":"product_cat-hehkutulppa","7":"desktop-align-left","8":"tablet-align-left","9":"mobile-align-left","11":"first","12":"instock","13":"product-type-external"},"brands":[{"id":50,"name":"FEBI BILSTEIN","slug":"febi-bilstein"}],"_links":{"self":[{"href":"https:\/\/www.autonvaraosahaku.fi\/index.php?rest_route=\/wp\/v2\/product\/14307","targetHints":{"allow":["GET"]}}],"collection":[{"href":"https:\/\/www.autonvaraosahaku.fi\/index.php?rest_route=\/wp\/v2\/product"}],"about":[{"href":"https:\/\/www.autonvaraosahaku.fi\/index.php?rest_route=\/wp\/v2\/types\/product"}],"wp:attachment":[{"href":"https:\/\/www.autonvaraosahaku.fi\/index.php?rest_route=%2Fwp%2Fv2%2Fmedia&parent=14307"}],"wp:term":[{"taxonomy":"pwb-brand","embeddable":true,"href":"https:\/\/www.autonvaraosahaku.fi\/index.php?rest_route=%2Fwp%2Fv2%2Fpwb-brand&post=14307"},{"taxonomy":"product_cat","embeddable":true,"href":"https:\/\/www.autonvaraosahaku.fi\/index.php?rest_route=%2Fwp%2Fv2%2Fproduct_cat&post=14307"},{"taxonomy":"product_tag","embeddable":true,"href":"https:\/\/www.autonvaraosahaku.fi\/index.php?rest_route=%2Fwp%2Fv2%2Fproduct_tag&post=14307"}],"curies":[{"name":"wp","href":"https:\/\/api.w.org\/{rel}","templated":true}]}}