{"id":14323,"date":"2021-02-21T14:20:35","date_gmt":"2021-02-21T14:20:35","guid":{"rendered":"https:\/\/www.autonvaraosahaku.fi\/?product=valeo-586533-oljynsuodatin"},"modified":"2021-02-21T14:20:36","modified_gmt":"2021-02-21T14:20:36","slug":"valeo-586533-oljynsuodatin","status":"publish","type":"product","link":"https:\/\/www.autonvaraosahaku.fi\/?product=valeo-586533-oljynsuodatin","title":{"rendered":"VALEO 586533 \u00d6ljynsuodatin"},"content":{"rendered":"<p>Ulkol\u00e4pimitta [mm]: 64,5; Sis\u00e4l\u00e4pimitta 1 [mm]: 25,5; Sis\u00e4l\u00e4pimitta 2 [mm]: 25,5; Korkeus (mm): 103; Suodatintyyppi: Suodatinpanos; Paino [kg]: 0,08; Moottorinumero: M40B16ME.8; BMW: 3 E46,3 Touring E46,3 Coupe E46,3 Compact E36,3 E36,3 Coupe E36,Z3 E36,5 E34,3 Cabriolet E36,3 Touring E36,5 Touring E34; BERTONE: FREECLIMBER 2; 11421432097, 11421716121, 11421716192, 11421743398, 11427619318<\/p>\n","protected":false},"excerpt":{"rendered":"<p>VALEO \u00d6ljynsuodatin 586533  BMW,BERTONE,3 E46,3 Touring E46,3 Coupe E46,3 Compact E36,3 E36,3 Coupe E36,Z3 E36,5 E34,3 Cabriolet E36,3 Touring E36<\/p>\n","protected":false},"featured_media":0,"template":"","meta":{"site-sidebar-layout":"default","site-content-layout":"default","ast-global-header-display":"","ast-main-header-display":"","ast-hfb-above-header-display":"","ast-hfb-below-header-display":"","ast-hfb-mobile-header-display":"","site-post-title":"","ast-breadcrumbs-content":"","ast-featured-img":"","footer-sml-layout":"","theme-transparent-header-meta":"","adv-header-id-meta":"","stick-header-meta":"","header-above-stick-meta":"","header-main-stick-meta":"","header-below-stick-meta":""},"pwb-brand":[28],"product_cat":[30],"product_tag":[],"class_list":{"0":"post-14323","1":"product","2":"type-product","3":"status-publish","5":"pwb-brand-valeo","6":"product_cat-oljynsuodatin","7":"desktop-align-left","8":"tablet-align-left","9":"mobile-align-left","11":"first","12":"instock","13":"product-type-external"},"brands":[{"id":28,"name":"VALEO","slug":"valeo"}],"_links":{"self":[{"href":"https:\/\/www.autonvaraosahaku.fi\/index.php?rest_route=\/wp\/v2\/product\/14323","targetHints":{"allow":["GET"]}}],"collection":[{"href":"https:\/\/www.autonvaraosahaku.fi\/index.php?rest_route=\/wp\/v2\/product"}],"about":[{"href":"https:\/\/www.autonvaraosahaku.fi\/index.php?rest_route=\/wp\/v2\/types\/product"}],"wp:attachment":[{"href":"https:\/\/www.autonvaraosahaku.fi\/index.php?rest_route=%2Fwp%2Fv2%2Fmedia&parent=14323"}],"wp:term":[{"taxonomy":"pwb-brand","embeddable":true,"href":"https:\/\/www.autonvaraosahaku.fi\/index.php?rest_route=%2Fwp%2Fv2%2Fpwb-brand&post=14323"},{"taxonomy":"product_cat","embeddable":true,"href":"https:\/\/www.autonvaraosahaku.fi\/index.php?rest_route=%2Fwp%2Fv2%2Fproduct_cat&post=14323"},{"taxonomy":"product_tag","embeddable":true,"href":"https:\/\/www.autonvaraosahaku.fi\/index.php?rest_route=%2Fwp%2Fv2%2Fproduct_tag&post=14323"}],"curies":[{"name":"wp","href":"https:\/\/api.w.org\/{rel}","templated":true}]}}