{"id":14327,"date":"2021-02-21T14:20:35","date_gmt":"2021-02-21T14:20:35","guid":{"rendered":"https:\/\/www.autonvaraosahaku.fi\/?product=hella-8gh-005-636-121-lamput-hehkulamppu"},"modified":"2021-02-21T14:20:36","modified_gmt":"2021-02-21T14:20:36","slug":"hella-8gh-005-636-121-lamput-hehkulamppu","status":"publish","type":"product","link":"https:\/\/www.autonvaraosahaku.fi\/?product=hella-8gh-005-636-121-lamput-hehkulamppu","title":{"rendered":"HELLA 8GH 005 636-121 Lamput (hehkulamppu)"},"content":{"rendered":"<p>Lamppumalli: HB4; J\u00e4nnite (V): 12; Nimellisteho (W): 51; M\u00e4\u00e4r\u00e4: 1; Tarkistuskilpi: E1; Kantamalli: P22d; Pakkaustyyppi: Laatikko; Valmistusvuosi alkaen: 07\/1996; VW: GOLF V 1K1,POLO 9N_,TOURAN 1T1, 1T2,GOLF VI 5K1,PASSAT Variant 3C5,GOLF PLUS 5M1, 521,PASSAT 3C2,POLO 6R, 6C,TIGUAN 5N_,CADDY III Kombi 2KB, 2KJ, 2CB, 2CJ,TRANSPORTER V Bus 7HB, 7HJ, 7EB, 7EJ, 7EF,TOURAN 1T3,FOX 5Z1, 5Z3,TOUAREG 7LA, 7L6, 7L7,GOLF VI Variant AJ5,GOLF V Variant 1K5,MULTIVAN V 7HM, 7HN, 7HF, 7EF, 7EM, 7EN,UP,CADDY III Kasten 2KA, 2KH, 2CA, 2CH,EOS 1F7, 1F8,SCIROCCO 137, 138,TRANSPORTER V Kasten 7HA, 7HH, 7EA, 7EH,TOUAREG 7P5,CRAFTER 30-50 Kasten 2E_,JETTA III 1K2,AMAROK 2H_, S1B,CC 358,GOLF VI Cabriolet 517,BEETLE 5C1,JETTA IV 162, 163,CRAFTER 30-35 Bus 2E_,POLO Stufenheck,TRANSPORTER V Pritsche\/Fahrgestell 7JD, 7JE, 7JL, 7JY, 7JZ,,POLO Stufenheck 9A4,BEETLE Cabriolet 5C7,CRAFTER 30-50 Pritsche\/Fahrgestell 2F_,GOL V,GOL,POLO Van 6R,AMAROK Pritsche\/Fahrgestell S1B,LOAD UP,FOX; MERCEDES-BENZ: C-CLASS W203,E-CLASS W211,C-CLASS T-Model S203,E-CLASS T-Model S211,SLK R170,C-CLASS Coupe CL203,SLK R171,CLK C209,SPRINTER 3,5-t Kasten 906,CLK Cabriolet A209,SPRINTER 3,5-t Bus 906,SPRINTER 3-t Kasten 906,SPRINTER 3,5-t Pritsche\/Fahrgestell 906,S-CLASS Coupe C215,SPRINTER 3-t Bus 906,SPRINTER 5-t Kasten 906,SPRINTER 5-t Pritsche\/Fahrgestell 906,SPRINTER 3-t Pritsche\/Fahrgestell 906,SPRINTER 4,6-t Pritsche\/Fahrgestell 906,SPRINTER 4,6-t Kasten 906,SPRINTER 4,6-t Bus,SPRINTER 5-t Bus; BMW: 3 E46,3 Touring E91,3 E90,5 E39,5 E60,5 Touring E61,3 Touring E46,X3 E83,5 Touring E39,3 Coupe E46,3 Compact E36,3 E36,3 Cabriolet E46,3 Coupe E36,Z3 E36,7 E65, E66, E67,6 E63,Z3 Coupe E36,6 Cabriolet E64; OPEL: OMEGA B Caravan 21_, 22_, 23_,OMEGA B 25_, 26_, 27_; FORD: TRANSIT MK-7 Kasten,MAVERICK UDS, UNS,MAVERICK VAN; SKODA: FABIA Combi 6Y5,FABIA,FABIA 6Y2,FABIA Combi,ROOMSTER 5J,CITIGO,FABIA Stufenheck 6Y3,ROOMSTER Praktik 5J,FABIA Praktik,RAPID NA2; SEAT: LEON 1P1,IBIZA V 6J5, 6P5,ALTEA 5P1,ALTEA XL 5P5, 5P8,IBIZA V ST 6J8, 6P8,ALHAMBRA 710, 711,Mii KF1_,IBIZA V SPORTCOUPE 6J1, 6P1,TOLEDO III 5P2; TOYOTA: YARIS SCP1_, NLP1_, NCP1_,AVENSIS Kombi T25,COROLLA Verso ZER_, ZZE12_, R1_,RAV 4 II CLA2_, XA2_, ZCA2_, ACA2_,COROLLA ZZE12_, NDE12_, ZDE12_,AVENSIS T25_,YARIS VERSO _NLP2_, _NCP2_,COROLLA Kombi _E12J_, _E12T_,PRIUS Liftback NHW20_,AVENSIS Stufenheck T25,COROLLA Liftback _E11_,COROLLA Compact _E11_,COROLLA Verso ZDE12_, CDE12_,PREVIA MCR3_, ACR3_, CLR3_,LAND CRUISER KDJ12_, GRJ12_,HILUX III Pick-up TGN1_, GGN2_, GGN1_, KUN2_, KUN1_,COROLLA Stufenheck _E12J_, _E12T_,LAND CRUISER 90 _J9_,AVENSIS VERSO _CLM2_, _ACM2_,LAND CRUISER 100 UZJ100,CELICA ST20_, AT20_,LAND CRUISER 80 _J8_,COROLLA _E11_,COROLLA Wagon __E11_,LAND CRUISER 150 KDJ15_, GRJ15_,CAMRY MCV3_, ACV3_, _XV3_,HILUX III Pritsche\/Fahrgestell KUN1_, TGN3_, TGN2_, TGN1_,,CAMRY _CV2_, _XV2_,LAND CRUISER VDJ20_, UZJ20_,COROLLA Stufenheck E15_; HYUNDAI: COUPE GK,SONATA V NF,ix55,XG XG,i30 Kombi PDE,i30 FASTBACK PDE; NISSAN: ALMERA TINO V10,TERRANO II R20,MAXIMA QX A33,TERRANO Van R20; 1382496, 63121382496<\/p>\n","protected":false},"excerpt":{"rendered":"<p>HELLA Polttimo, Kaukovalo STANDARD 8GH 005 636-121  VW,MERCEDES-BENZ,BMW,GOLF V 1K1,POLO 9N_,TOURAN 1T1, 1T2,GOLF VI 5K1,PASSAT Variant 3C5<\/p>\n","protected":false},"featured_media":0,"template":"","meta":{"site-sidebar-layout":"default","site-content-layout":"default","ast-global-header-display":"","ast-main-header-display":"","ast-hfb-above-header-display":"","ast-hfb-below-header-display":"","ast-hfb-mobile-header-display":"","site-post-title":"","ast-breadcrumbs-content":"","ast-featured-img":"","footer-sml-layout":"","theme-transparent-header-meta":"","adv-header-id-meta":"","stick-header-meta":"","header-above-stick-meta":"","header-main-stick-meta":"","header-below-stick-meta":""},"pwb-brand":[24],"product_cat":[151],"product_tag":[],"class_list":{"0":"post-14327","1":"product","2":"type-product","3":"status-publish","5":"pwb-brand-hella","6":"product_cat-lamput-hehkulamppu","7":"desktop-align-left","8":"tablet-align-left","9":"mobile-align-left","11":"first","12":"instock","13":"product-type-external"},"brands":[{"id":24,"name":"HELLA","slug":"hella"}],"_links":{"self":[{"href":"https:\/\/www.autonvaraosahaku.fi\/index.php?rest_route=\/wp\/v2\/product\/14327","targetHints":{"allow":["GET"]}}],"collection":[{"href":"https:\/\/www.autonvaraosahaku.fi\/index.php?rest_route=\/wp\/v2\/product"}],"about":[{"href":"https:\/\/www.autonvaraosahaku.fi\/index.php?rest_route=\/wp\/v2\/types\/product"}],"wp:attachment":[{"href":"https:\/\/www.autonvaraosahaku.fi\/index.php?rest_route=%2Fwp%2Fv2%2Fmedia&parent=14327"}],"wp:term":[{"taxonomy":"pwb-brand","embeddable":true,"href":"https:\/\/www.autonvaraosahaku.fi\/index.php?rest_route=%2Fwp%2Fv2%2Fpwb-brand&post=14327"},{"taxonomy":"product_cat","embeddable":true,"href":"https:\/\/www.autonvaraosahaku.fi\/index.php?rest_route=%2Fwp%2Fv2%2Fproduct_cat&post=14327"},{"taxonomy":"product_tag","embeddable":true,"href":"https:\/\/www.autonvaraosahaku.fi\/index.php?rest_route=%2Fwp%2Fv2%2Fproduct_tag&post=14327"}],"curies":[{"name":"wp","href":"https:\/\/api.w.org\/{rel}","templated":true}]}}