{"id":14339,"date":"2021-02-21T14:20:39","date_gmt":"2021-02-21T14:20:39","guid":{"rendered":"https:\/\/www.autonvaraosahaku.fi\/?product=ridex-82b0188-jarrulevyt"},"modified":"2021-02-21T14:20:39","modified_gmt":"2021-02-21T14:20:39","slug":"ridex-82b0188-jarrulevyt","status":"publish","type":"product","link":"https:\/\/www.autonvaraosahaku.fi\/?product=ridex-82b0188-jarrulevyt","title":{"rendered":"RIDEX 82B0188 Jarrulevyt"},"content":{"rendered":"<p>Asennuspuoli: Etuakseli; L\u00e4pimitta [mm]: 308; Jarrulevyn paksuus (mm): 25; Reik\u00e4ympyr\u00e4-\u00d8 [mm]: 110; Jarrulevytyyppi: Tuuletettu, Tuuletettu, sis\u00e4; Reikien m\u00e4\u00e4r\u00e4: 7; M\u00e4\u00e4r\u00e4tty kiertosuunta: ; ei sidoksissa kulkusuuntaan: ; V\u00e4himm\u00e4ispaksuus (mm): 23; Korkeus (mm): 42,1; Py\u00f6r\u00e4nnapa-\u00d8 (mm): 70; Porausreik\u00e4l\u00e4pimitta enint\u00e4\u00e4n [mm]: 14; Sis\u00e4l\u00e4pimitta [mm]: 139; Alustanumerosta: B4000001; SAAB: 9-5 Kombi YS3E,9-3 YS3D,9-5 YS3E,9-3 Cabriolet YS3D; OPEL: CORSA D,ZAFIRA B A05,ASTRA H Caravan L35,MERIVA,ZAFIRA A F75_,ASTRA G CC F48_, F08_,ASTRA H L48,ASTRA G Caravan F35_,ASTRA H GTC L08,MERIVA B,VECTRA B 36_,ADAM,VECTRA B Caravan 31_,ASTRA H TwinTop L67,ASTRA G Cabriolet F67,ASTRA G Coupe F07_,ZAFIRA B Van,ASTRA H Kasten L70,CORSA E,CORSA E Van,ASTRA CLASSIC L48,ASTRA CLASSIC Stufenheck; VAUXHALL: CORSA Mk III D L_8,ZAFIRA Mk II B M75,ASTRA Mk V H CC,ZAFIRA Mk I A F75,ADAM,ASTRA Mk V H Estate,ASTRA Mk V H Convertible,ASTRA Mk IV G CC,MERIVA Mk I A,VECTRA B CC,MERIVA Mk II B,VECTRA B Estate,VECTRA B,ASTRAVAN Mk V H,ASTRA Mk IV G Coupe F67,CORSA Mk IV E,ASTRA Mk IV G Convertible; 9184405, 569061, 9184405, 9194477, 4567798, 5055389, 5084769, 5122833, 5391560, 9184405, 9184405, 9194477; Jarrulevy<\/p>\n","protected":false},"excerpt":{"rendered":"<p>RIDEX Jarrulevyt 82B0188 Jarrulevy SAAB,OPEL,VAUXHALL,9-5 Kombi YS3E,9-3 YS3D,9-5 YS3E,9-3 Cabriolet YS3D,CORSA D,ZAFIRA B A05,ASTRA H Caravan L35<\/p>\n","protected":false},"featured_media":0,"template":"","meta":{"site-sidebar-layout":"default","site-content-layout":"default","ast-global-header-display":"","ast-main-header-display":"","ast-hfb-above-header-display":"","ast-hfb-below-header-display":"","ast-hfb-mobile-header-display":"","site-post-title":"","ast-breadcrumbs-content":"","ast-featured-img":"","footer-sml-layout":"","theme-transparent-header-meta":"","adv-header-id-meta":"","stick-header-meta":"","header-above-stick-meta":"","header-main-stick-meta":"","header-below-stick-meta":""},"pwb-brand":[157],"product_cat":[66],"product_tag":[],"class_list":{"0":"post-14339","1":"product","2":"type-product","3":"status-publish","5":"pwb-brand-ridex","6":"product_cat-jarrulevyt","7":"desktop-align-left","8":"tablet-align-left","9":"mobile-align-left","11":"first","12":"instock","13":"product-type-external"},"brands":[{"id":157,"name":"RIDEX","slug":"ridex"}],"_links":{"self":[{"href":"https:\/\/www.autonvaraosahaku.fi\/index.php?rest_route=\/wp\/v2\/product\/14339","targetHints":{"allow":["GET"]}}],"collection":[{"href":"https:\/\/www.autonvaraosahaku.fi\/index.php?rest_route=\/wp\/v2\/product"}],"about":[{"href":"https:\/\/www.autonvaraosahaku.fi\/index.php?rest_route=\/wp\/v2\/types\/product"}],"wp:attachment":[{"href":"https:\/\/www.autonvaraosahaku.fi\/index.php?rest_route=%2Fwp%2Fv2%2Fmedia&parent=14339"}],"wp:term":[{"taxonomy":"pwb-brand","embeddable":true,"href":"https:\/\/www.autonvaraosahaku.fi\/index.php?rest_route=%2Fwp%2Fv2%2Fpwb-brand&post=14339"},{"taxonomy":"product_cat","embeddable":true,"href":"https:\/\/www.autonvaraosahaku.fi\/index.php?rest_route=%2Fwp%2Fv2%2Fproduct_cat&post=14339"},{"taxonomy":"product_tag","embeddable":true,"href":"https:\/\/www.autonvaraosahaku.fi\/index.php?rest_route=%2Fwp%2Fv2%2Fproduct_tag&post=14339"}],"curies":[{"name":"wp","href":"https:\/\/api.w.org\/{rel}","templated":true}]}}