{"id":14340,"date":"2021-02-21T14:20:39","date_gmt":"2021-02-21T14:20:39","guid":{"rendered":"https:\/\/www.autonvaraosahaku.fi\/?product=ridex-854s0784-iskunvaimennin"},"modified":"2021-02-21T14:20:39","modified_gmt":"2021-02-21T14:20:39","slug":"ridex-854s0784-iskunvaimennin","status":"publish","type":"product","link":"https:\/\/www.autonvaraosahaku.fi\/?product=ridex-854s0784-iskunvaimennin","title":{"rendered":"RIDEX 854S0784 Iskunvaimennin"},"content":{"rendered":"<p>Asennuspuoli: Taka-akseli; Iskunvaimennusj\u00e4rjestelm\u00e4: Kaksiputki; Iskunvaimennin tyyppi: Kaasupaine; Iskunvaimennin asennustapa: Tappi ylh\u00e4\u00e4ll\u00e4, Silmukka alhaalla; Alustarakenne: f\u00fcr Fahrzeuge ohne Sportfahrwerk; CHEVROLET: AVEO Schr\u00e4gheck T300,AVEO Stufenheck T300; ABARTH: PUNTO 199_; OPEL: CORSA D,CORSA D Van,CORSA E,CORSA E Van; FIAT: GRANDE PUNTO 199,PUNTO EVO 199,PUNTO 199,PUNTO Van 199; ALFA ROMEO: MITO 955; VAUXHALL: CORSA Mk III D L_8,CORSAVAN Mk III D,CORSA Mk IV E; 50521023, 95077490, 95077491, 95077495, 95479781, 95479783, 95493855, 436387, 436388, 51826536, 51833511, 51841917, 51943197, 55700452, 55700608, 13242433, 13319751, 13319752, 22007803, 26076, 3431165, 3431230, 3449692, 3451375, 436151, 436294, 436295, 436304, 436309, 436313, 436341, 436364, 436365, 436369, 436380, 436385, 436386, 436390, 436393, 436394, 436395, 436397, 436399, 436406, 436426, 436468, 436469, 436471, 436480, 436482, 5062, 8855, 88963482, 8939585, 8953422, 8965567, 8977900, 90005038, 9004027, 90399490, 91018422, 93173756, 93177873, 93177874, 93177883, 93183291, 93183293, 93186892, 93187019, 93187931, 93187932, 93189035, 93189036, 93189037, 93189038, 93191023, 93191026, 97043818, 97179444, GDA1037, 13242433, 13319751, 13319752, 93173756, 93177873, 93177874, 93177883, 93183291, 93183293, 93186892, 93187019, 93189035, 93189036, 93189037, 93189038, 93191023, 93191026, 97179444; Iskarit,Iskunvaimennin<\/p>\n","protected":false},"excerpt":{"rendered":"<p>RIDEX Iskunvaimentimet 854S0784 Iskarit,Iskunvaimennin CHEVROLET,ABARTH,OPEL,AVEO Schr\u00e4gheck T300,AVEO Stufenheck T300,PUNTO 199_,CORSA D,CORSA D Van<\/p>\n","protected":false},"featured_media":0,"template":"","meta":{"site-sidebar-layout":"default","site-content-layout":"default","ast-global-header-display":"","ast-main-header-display":"","ast-hfb-above-header-display":"","ast-hfb-below-header-display":"","ast-hfb-mobile-header-display":"","site-post-title":"","ast-breadcrumbs-content":"","ast-featured-img":"","footer-sml-layout":"","theme-transparent-header-meta":"","adv-header-id-meta":"","stick-header-meta":"","header-above-stick-meta":"","header-main-stick-meta":"","header-below-stick-meta":""},"pwb-brand":[157],"product_cat":[80],"product_tag":[],"class_list":{"0":"post-14340","1":"product","2":"type-product","3":"status-publish","5":"pwb-brand-ridex","6":"product_cat-iskunvaimennin","7":"desktop-align-left","8":"tablet-align-left","9":"mobile-align-left","11":"first","12":"instock","13":"product-type-external"},"brands":[{"id":157,"name":"RIDEX","slug":"ridex"}],"_links":{"self":[{"href":"https:\/\/www.autonvaraosahaku.fi\/index.php?rest_route=\/wp\/v2\/product\/14340","targetHints":{"allow":["GET"]}}],"collection":[{"href":"https:\/\/www.autonvaraosahaku.fi\/index.php?rest_route=\/wp\/v2\/product"}],"about":[{"href":"https:\/\/www.autonvaraosahaku.fi\/index.php?rest_route=\/wp\/v2\/types\/product"}],"wp:attachment":[{"href":"https:\/\/www.autonvaraosahaku.fi\/index.php?rest_route=%2Fwp%2Fv2%2Fmedia&parent=14340"}],"wp:term":[{"taxonomy":"pwb-brand","embeddable":true,"href":"https:\/\/www.autonvaraosahaku.fi\/index.php?rest_route=%2Fwp%2Fv2%2Fpwb-brand&post=14340"},{"taxonomy":"product_cat","embeddable":true,"href":"https:\/\/www.autonvaraosahaku.fi\/index.php?rest_route=%2Fwp%2Fv2%2Fproduct_cat&post=14340"},{"taxonomy":"product_tag","embeddable":true,"href":"https:\/\/www.autonvaraosahaku.fi\/index.php?rest_route=%2Fwp%2Fv2%2Fproduct_tag&post=14340"}],"curies":[{"name":"wp","href":"https:\/\/api.w.org\/{rel}","templated":true}]}}