{"id":14355,"date":"2021-02-21T14:20:39","date_gmt":"2021-02-21T14:20:39","guid":{"rendered":"https:\/\/www.autonvaraosahaku.fi\/?product=febi-bilstein-46615-pyoranpultit"},"modified":"2021-02-21T14:20:41","modified_gmt":"2021-02-21T14:20:41","slug":"febi-bilstein-46615-pyoranpultit","status":"publish","type":"product","link":"https:\/\/www.autonvaraosahaku.fi\/?product=febi-bilstein-46615-pyoranpultit","title":{"rendered":"FEBI BILSTEIN 46615 Py\u00f6r\u00e4npultit"},"content":{"rendered":"<p>Pituus (mm): 51; Ulkol\u00e4pimitta [mm]: 23,0; Ulkokierre [mm]: M12 x 1,5; Kierteen pituus (mm): 25; Laatu \/ luokka: 10.9; Avainv\u00e4li: 19; Ruuvikanta\/mutteriprofiili: Kuusioruuvi \/-mutteri; Py\u00f6r\u00e4n kiinnitys: Kartiolaippa F; Materiaali: Ter\u00e4s; Pinta: Sinkitetty; Ruuvin pituus ilman p\u00e4\u00e4t\u00e4: 25; Asennuspuoli: Etuakseli, Taka-akseli; Paino [kg]: 0,083; Huomioi huolto-ohjeet: , ; Moottorinumero: C3G; RENAULT: TWINGO I C06_,CLIO II BB0\/1\/2_, CB0\/1\/2_,CLIO III BR0\/1, CR0\/1,KANGOO KC0\/1_,LAGUNA II Grandtour KG0\/1_,SC\u00c9NIC I JA0\/1_,MEGANE Scenic JA0\/1_,LAGUNA II BG0\/1_,MEGANE I BA0\/1_,KANGOO Express FC0\/1_,LAGUNA I B56_, 556_,CLIO I B\/C57_, 5\/357_,LAGUNA I Grandtour K56_,KANGOO Express FW0\/1_,TWINGO I Kasten S06_,MEGANE I Classic LA0\/1_,MEGANE I Coach DA0\/1_,CLIO II Kasten SB0\/1\/2_,ESPACE II J\/S63_,19 II B\/C53_,19 II Cabriolet D53_, 853_,SUPER 5 B\/C40_,RAPID Kasten F40_, G40_,19 I B\/C53_,SAFRANE I B54_,19 II Chamade L53_,ESPACE I J11_,21 Stufenheck L48_,19 I Chamade L53_,THALIA I LB0\/1\/2_,19 I Cabriolet D53_,21 Kombi K48_,21 B48_,19 II Kasten S53_,LOGAN I LS_,19 I Kasten S53_,THALIA II LU1\/2_,21 Kasten S48_,EXPRESS Pick-up,LOGAN EXPRESS,CLIO IV Kasten,RAPID; NISSAN: MICRA III K12,NOTE E11,MICRA C+C K12,KUBISTAR Kasten X80; DACIA: LOGAN LS_,LOGAN EXPRESS FS_,LOGAN Pick-up US_,SOLENZA; 8200030701, 40222BC40A, 4025400QAB, 4025400QABNB, 6001544123, 7700437514, 7700437516, 7700668275, 7700733791, 7700835830, 8200030701; Py\u00f6r\u00e4nruuvi<\/p>\n","protected":false},"excerpt":{"rendered":"<p>FEBI BILSTEIN Py\u00f6r\u00e4npultit 46615 Py\u00f6r\u00e4nruuvi RENAULT,NISSAN,DACIA,TWINGO I C06_,CLIO II BB0\/1\/2_, CB0\/1\/2_,CLIO III BR0\/1, CR0\/1,KANGOO KC0\/1_<\/p>\n","protected":false},"featured_media":0,"template":"","meta":{"site-sidebar-layout":"default","site-content-layout":"default","ast-global-header-display":"","ast-main-header-display":"","ast-hfb-above-header-display":"","ast-hfb-below-header-display":"","ast-hfb-mobile-header-display":"","site-post-title":"","ast-breadcrumbs-content":"","ast-featured-img":"","footer-sml-layout":"","theme-transparent-header-meta":"","adv-header-id-meta":"","stick-header-meta":"","header-above-stick-meta":"","header-main-stick-meta":"","header-below-stick-meta":""},"pwb-brand":[50],"product_cat":[51],"product_tag":[],"class_list":{"0":"post-14355","1":"product","2":"type-product","3":"status-publish","5":"pwb-brand-febi-bilstein","6":"product_cat-pyoranpultit","7":"desktop-align-left","8":"tablet-align-left","9":"mobile-align-left","11":"first","12":"instock","13":"product-type-external"},"brands":[{"id":50,"name":"FEBI BILSTEIN","slug":"febi-bilstein"}],"_links":{"self":[{"href":"https:\/\/www.autonvaraosahaku.fi\/index.php?rest_route=\/wp\/v2\/product\/14355","targetHints":{"allow":["GET"]}}],"collection":[{"href":"https:\/\/www.autonvaraosahaku.fi\/index.php?rest_route=\/wp\/v2\/product"}],"about":[{"href":"https:\/\/www.autonvaraosahaku.fi\/index.php?rest_route=\/wp\/v2\/types\/product"}],"wp:attachment":[{"href":"https:\/\/www.autonvaraosahaku.fi\/index.php?rest_route=%2Fwp%2Fv2%2Fmedia&parent=14355"}],"wp:term":[{"taxonomy":"pwb-brand","embeddable":true,"href":"https:\/\/www.autonvaraosahaku.fi\/index.php?rest_route=%2Fwp%2Fv2%2Fpwb-brand&post=14355"},{"taxonomy":"product_cat","embeddable":true,"href":"https:\/\/www.autonvaraosahaku.fi\/index.php?rest_route=%2Fwp%2Fv2%2Fproduct_cat&post=14355"},{"taxonomy":"product_tag","embeddable":true,"href":"https:\/\/www.autonvaraosahaku.fi\/index.php?rest_route=%2Fwp%2Fv2%2Fproduct_tag&post=14355"}],"curies":[{"name":"wp","href":"https:\/\/api.w.org\/{rel}","templated":true}]}}