{"id":14368,"date":"2021-02-21T14:20:42","date_gmt":"2021-02-21T14:20:42","guid":{"rendered":"https:\/\/www.autonvaraosahaku.fi\/?product=valeo-586000-oljynsuodatin"},"modified":"2021-02-21T14:20:44","modified_gmt":"2021-02-21T14:20:44","slug":"valeo-586000-oljynsuodatin","status":"publish","type":"product","link":"https:\/\/www.autonvaraosahaku.fi\/?product=valeo-586000-oljynsuodatin","title":{"rendered":"VALEO 586000 \u00d6ljynsuodatin"},"content":{"rendered":"<p>Kierremitta: M 20&#215;1,5; Ulkol\u00e4pimitta [mm]: 76; Sis\u00e4l\u00e4pimitta 1 [mm]: 71; Sis\u00e4l\u00e4pimitta 2 [mm]: 62; Korkeus (mm): 89; Avauspaine ohitusventtiili [bar]: 1,5; Suodatintyyppi: Ruuvattava suodatin; Paino [kg]: 0,375; Valmistusvuosi alkaen: 02\/1986; JEEP: CJ5 &#8211; CJ8; LADA: NIVA 2121; NISSAN: MICRA II K11; HYUNDAI: LANTRA II Wagon J-2,LANTRA II J-2; DAIHATSU: HIJET Kasten S85; ROVER: 200 Hatchback XW,400 Tourer XW,100 \/ METRO XP,400 XW; SUZUKI: SAMURAI SJ,VITARA ET, TA,VITARA Cabrio ET, TA,BALENO Kombi EG,BALENO EG,BALENO Schr\u00e4gheck EG; LANCIA: ZETA 220; FIAT: DUCATO Pritsche\/Fahrgestell 230,DUCATO Bus 230,DUCATO Kasten 290,DUCATO Pritsche\/Fahrgestell 290,DUCATO Kasten 230L,DUCATO Kasten 280,DUCATO Pritsche\/Fahrgestell 280,DUCATO Panorama 280,ULYSSE 220,SCUDO Kasten 220L,DUCATO Panorama 290,SCUDO Combinato 220P,TALENTO Pritsche\/Fahrgestell 290,TALENTO Bus 290,TALENTO Kasten 290,SCUDO Pritsche\/Fahrgestell 220_; CITRO\u00cbN: BERLINGO MF,XSARA PICASSO N68,C8 EA_, EB_,SAXO S0, S1,BERLINGO Kasten M_,C5 I DC_,C5 I Break DE_,XSARA N1,XSARA Break N2,JUMPER Kasten 244,XM Y4,XSARA Coupe N0,XANTIA X1,AX ZA-_,EVASION 22, U6,XANTIA Break X2,ZX N2,BX XB-_,C25 Bus 280_, 290_,JUMPY U6U,JUMPY Kasten BS_, BT_, BY_, BZ_,JUMPER Kasten 230L,XM Y3,CX II,CX I MA,XANTIA Break X1,JUMPER Bus 230P,C25 Pritsche\/Fahrgestell 280_, 290_,ZX Break N2,XM Break Y4,JUMPER Pritsche\/Fahrgestell 230,BX Break XB-_,C25 Kasten 280_, 290_,C15 VD-_,CX II Break,JUMPY Pritsche\/Fahrgestell BU_, BV_, BW_, BX_,XM Break Y3,CX I Break MA,C15 Kombi,C35 Kasten,XSARA Kasten,C35 Bus,C35 Pick-up,SAXO Hatchback van S3_,XSARA Kasten\/Schr\u00e4gheck; 96818899, 110938, 110939, 1109AK, 1109AP, 1109CN, 1109J8, 1109J9, 1109K2, 1109K7, 1109L0, 1109N3, 1109N5, 1109R1, 1109S8, 1109T1, 1109X2, 1109X6, 7910031245, 93516538, 95495621, 95495622, 95580482, 9558048280, 95580483, 95638747, 95638903, 96002933, 9608666880, MLS000592, 0192143, 192143, 493063, 4930630000, 7910031245, 9456000927, 9456183480, 9456203480, 9456203580, 9567205780, 9628173380, 5011788, 5011991, 055054, 55054, 2630029000, 9567205780, 9628173380, 152086F901, 152086F905, 152086F906, 152086F910, 110951, 110962, 110967, 110968, 110975, 110981, 110982, 110984, 110986, 110987, 1109AK, 1109AP, 1109C2, 1109CA, 1109K1, 1109K7, 1109L0, 1109LO, 1109N2, 1109N4, 1109R0, 1109S7, 1109T0, 1109X5, 9558048380, 9608666880, 9620029980, 493063, 7700720978, 7700734825, 7700734937, 7700856339, 7700867454, 7701415056, 86710013812, 9615841580, 1651086CA0, 1531001700, 1651066G00, 1651066G00000, 1651086CA0, 1651086CA0000, 1651086CB0, 1651086CB0000, 1651086Z00, 1651086Z00000, 9558048280, E49562280,&#8230;<\/p>\n","protected":false},"excerpt":{"rendered":"<p>VALEO \u00d6ljynsuodatin 586000  JEEP,LADA,NISSAN,CJ5 &#8211; CJ8,NIVA 2121,MICRA II K11,LANTRA II Wagon J-2,LANTRA II J-2,HIJET Kasten S85,200 Hatchback XW<\/p>\n","protected":false},"featured_media":0,"template":"","meta":{"site-sidebar-layout":"default","site-content-layout":"default","ast-global-header-display":"","ast-main-header-display":"","ast-hfb-above-header-display":"","ast-hfb-below-header-display":"","ast-hfb-mobile-header-display":"","site-post-title":"","ast-breadcrumbs-content":"","ast-featured-img":"","footer-sml-layout":"","theme-transparent-header-meta":"","adv-header-id-meta":"","stick-header-meta":"","header-above-stick-meta":"","header-main-stick-meta":"","header-below-stick-meta":""},"pwb-brand":[28],"product_cat":[30],"product_tag":[],"class_list":{"0":"post-14368","1":"product","2":"type-product","3":"status-publish","5":"pwb-brand-valeo","6":"product_cat-oljynsuodatin","7":"desktop-align-left","8":"tablet-align-left","9":"mobile-align-left","11":"first","12":"instock","13":"product-type-external"},"brands":[{"id":28,"name":"VALEO","slug":"valeo"}],"_links":{"self":[{"href":"https:\/\/www.autonvaraosahaku.fi\/index.php?rest_route=\/wp\/v2\/product\/14368","targetHints":{"allow":["GET"]}}],"collection":[{"href":"https:\/\/www.autonvaraosahaku.fi\/index.php?rest_route=\/wp\/v2\/product"}],"about":[{"href":"https:\/\/www.autonvaraosahaku.fi\/index.php?rest_route=\/wp\/v2\/types\/product"}],"wp:attachment":[{"href":"https:\/\/www.autonvaraosahaku.fi\/index.php?rest_route=%2Fwp%2Fv2%2Fmedia&parent=14368"}],"wp:term":[{"taxonomy":"pwb-brand","embeddable":true,"href":"https:\/\/www.autonvaraosahaku.fi\/index.php?rest_route=%2Fwp%2Fv2%2Fpwb-brand&post=14368"},{"taxonomy":"product_cat","embeddable":true,"href":"https:\/\/www.autonvaraosahaku.fi\/index.php?rest_route=%2Fwp%2Fv2%2Fproduct_cat&post=14368"},{"taxonomy":"product_tag","embeddable":true,"href":"https:\/\/www.autonvaraosahaku.fi\/index.php?rest_route=%2Fwp%2Fv2%2Fproduct_tag&post=14368"}],"curies":[{"name":"wp","href":"https:\/\/api.w.org\/{rel}","templated":true}]}}