{"id":14369,"date":"2021-02-21T14:20:42","date_gmt":"2021-02-21T14:20:42","guid":{"rendered":"https:\/\/www.autonvaraosahaku.fi\/?product=valeo-575550-pyyhkijansulat"},"modified":"2021-02-21T14:20:44","modified_gmt":"2021-02-21T14:20:44","slug":"valeo-575550-pyyhkijansulat","status":"publish","type":"product","link":"https:\/\/www.autonvaraosahaku.fi\/?product=valeo-575550-pyyhkijansulat","title":{"rendered":"VALEO 575550 Pyyhkij\u00e4nsulat"},"content":{"rendered":"<p>M\u00e4\u00e4r\u00e4: 1; Pituus (mm): 500; Pituus (tuumaa): 20; Sopiva adapteri: U; Korvaava tuote\/korvaava tiedote 2: ilman suutinta; Paino [kg]: 0,14; Tuotelinja: FIRST; Pyyhkij\u00e4nsulkatyyppi: Tavallinen; Valmistusvuosi alkaen: 10\/1983; VW: PASSAT Variant 3B6,PASSAT Variant 3B5,PASSAT 3B2,PASSAT 3B3,CADDY II Pick-up 9U7; AUDI: A4 8D2, B5,A4 Avant 8D5, B5,A4 8E2, B6,80 8C, B4,80 89, 89Q, 8A, B3,80 Avant 8C, B4; MAZDA: 6 Hatchback GG,TRIBUTE EP,DEMIO DW,6 Schr\u00e4gheck GH,626 IV Hatchback GE,XEDOS 6 CA,XEDOS 9 TA,626 IV GE,RX 7 II FC,121 II DB,MX-6 GE,929 III HC,MPV I LV,MX-6 GD; SKODA: SUPERB 3U4,FELICIA I 6U1,FELICIA II 6U1,FELICIA I Fun 797,FELICIA I Kombi 6U5,FELICIA II Kombi 6U5,FAVORIT Forman 785; BMW: X3 E83,3 Compact E36,3 E36,3 E30,3 Coupe E36,Z3 E36,3 Cabriolet E30,3 Cabriolet E36,3 Touring E36,3 Touring E30,Z3 Coupe E36,Z1; SEAT: TOLEDO I 1L; CHEVROLET: EPICA KL1_,BLAZER S10; JEEP: COMPASS MK49,GRAND CHEROKEE I ZJ; DAEWOO: NUBIRA Wagon KLAJ,NUBIRA Stufenheck KLAJ,NUBIRA KLAJ,MUSSO FJ; LADA: 111 2111,110 2110,112 2112; 288901158R, 8200769217, 288901158R, 7711172853; Tuulilasinpyyhkimet,Pyyhkij\u00e4t,Pyyhkij\u00e4nsulka<\/p>\n","protected":false},"excerpt":{"rendered":"<p>VALEO Pyyhkij\u00e4nsulat 575550 Tuulilasinpyyhkimet,Pyyhkij\u00e4t VW,AUDI,MAZDA,PASSAT Variant 3B6,PASSAT Variant 3B5,PASSAT 3B2,PASSAT 3B3<\/p>\n","protected":false},"featured_media":0,"template":"","meta":{"site-sidebar-layout":"default","site-content-layout":"default","ast-global-header-display":"","ast-main-header-display":"","ast-hfb-above-header-display":"","ast-hfb-below-header-display":"","ast-hfb-mobile-header-display":"","site-post-title":"","ast-breadcrumbs-content":"","ast-featured-img":"","footer-sml-layout":"","theme-transparent-header-meta":"","adv-header-id-meta":"","stick-header-meta":"","header-above-stick-meta":"","header-main-stick-meta":"","header-below-stick-meta":""},"pwb-brand":[28],"product_cat":[33],"product_tag":[],"class_list":{"0":"post-14369","1":"product","2":"type-product","3":"status-publish","5":"pwb-brand-valeo","6":"product_cat-pyyhkijansulat","7":"desktop-align-left","8":"tablet-align-left","9":"mobile-align-left","11":"first","12":"instock","13":"product-type-external"},"brands":[{"id":28,"name":"VALEO","slug":"valeo"}],"_links":{"self":[{"href":"https:\/\/www.autonvaraosahaku.fi\/index.php?rest_route=\/wp\/v2\/product\/14369","targetHints":{"allow":["GET"]}}],"collection":[{"href":"https:\/\/www.autonvaraosahaku.fi\/index.php?rest_route=\/wp\/v2\/product"}],"about":[{"href":"https:\/\/www.autonvaraosahaku.fi\/index.php?rest_route=\/wp\/v2\/types\/product"}],"wp:attachment":[{"href":"https:\/\/www.autonvaraosahaku.fi\/index.php?rest_route=%2Fwp%2Fv2%2Fmedia&parent=14369"}],"wp:term":[{"taxonomy":"pwb-brand","embeddable":true,"href":"https:\/\/www.autonvaraosahaku.fi\/index.php?rest_route=%2Fwp%2Fv2%2Fpwb-brand&post=14369"},{"taxonomy":"product_cat","embeddable":true,"href":"https:\/\/www.autonvaraosahaku.fi\/index.php?rest_route=%2Fwp%2Fv2%2Fproduct_cat&post=14369"},{"taxonomy":"product_tag","embeddable":true,"href":"https:\/\/www.autonvaraosahaku.fi\/index.php?rest_route=%2Fwp%2Fv2%2Fproduct_tag&post=14369"}],"curies":[{"name":"wp","href":"https:\/\/api.w.org\/{rel}","templated":true}]}}