{"id":14379,"date":"2021-02-21T14:20:46","date_gmt":"2021-02-21T14:20:46","guid":{"rendered":"https:\/\/www.autonvaraosahaku.fi\/?product=valeo-587004-polttoainesuodatin"},"modified":"2021-02-21T14:20:46","modified_gmt":"2021-02-21T14:20:46","slug":"valeo-587004-polttoainesuodatin","status":"publish","type":"product","link":"https:\/\/www.autonvaraosahaku.fi\/?product=valeo-587004-polttoainesuodatin","title":{"rendered":"VALEO 587004 Polttoainesuodatin"},"content":{"rendered":"<p>Ulkol\u00e4pimitta [mm]: 81,5; Kierre sis\u00e4\u00e4ntulo: 8; Kierre ulostulo: 8; Korkeus (mm): 156; Suodatintyyppi: Letkusuodatin; Paino [kg]: 0,23; Moottorinumero: M10B18,M10B18K; VW: PASSAT Variant 3B6,TRANSPORTER IV Bus 70XB, 70XC, 7DB, 7DW,GOLF III 1H1,SHARAN 7M8, 7M9, 7M6,GOLF II 19E, 1G1,PASSAT Variant 3B5,PASSAT Variant 3A5, 35I,PASSAT 3B2,GOLF I Cabriolet 155,GOLF III Cabriolet 1E7,TRANSPORTER IV Kasten 70XA,PASSAT 3B3,GOLF Mk III Cabriolet 1E7,GOLF III Variant 1H5,TRANSPORTER III Bus,POLO 86C, 80,POLO Coupe 86C, 80,PASSAT 3A2, 35I,CORRADO 53I,TRANSPORTER IV Pritsche\/Fahrgestell 70XD,VENTO 1H2,LT 28-46 II Kasten 2DA, 2DD, 2DH,JETTA II 19E, 1G2, 165,TRANSPORTER III Kasten,LT 28-35 II Bus 2DB, 2DE, 2DK,POLO CLASSIC 86C, 80,LT 28-46 II Pritsche\/Fahrgestell 2DC, 2DF, 2DG, 2DL, 2DM,TRANSPORTER III Pritsche\/Fahrgestell,LT 40-55 I Pritsche\/Fahrgestell 293-909; AUDI: A4 8D2, B5,A6 Avant 4B5, C5,A4 Avant 8D5, B5,A6 4B2, C5; SKODA: SUPERB 3U4; BMW: 3 E36,3 E30,3 Coupe E36,5 E34,3 Cabriolet E30,3 Cabriolet E36,7 E32,5 Touring E34,5 E28,6 E24,3 E21,3 Touring E30,7 E23,5 E12,Z1; SEAT: ALHAMBRA 7V8, 7V9,TOLEDO I 1L,IBIZA I 021A,MALAGA 023A; NISSAN: SERENA C23M,PRIMERA P10,PRIMERA Hatchback P10,PRIMERA Traveller W10,VANETTE CARGO Kasten HC 23,SERENA C24; HONDA: LEGEND I HS, KA; LAND ROVER: RANGE ROVER II LP,DISCOVERY I LJ, LG,RANGE ROVER I AE, AN, HAA, HAB, HAM, HBM, RE, RN; ROVER: 600 RH,2000-3500 Hatchback SD1,200 XH,MONTEGO Estate XE,MONTEGO; MERCEDES-BENZ: C-CLASS W202,SLK R170,E-CLASS W210,Stufenheck W124,E-CLASS Kombi S210,CLK C208,SL R129,C-CLASS Kombi S202,S-CLASS W220,SL R230,E-CLASS W124,VITO Bus 638,CLK Cabriolet A208,S-CLASS W140,SPRINTER 3-t Kasten 903,SPRINTER 2-t Bus 901, 902,V-CLASS 638\/2,SPRINTER 2-t Kasten 901, 902,SPRINTER 3-t Bus 903,SPRINTER 3-t Pritsche\/Fahrgestell 903,S-CLASS Coupe C215,VITO Kasten 638,E-CLASS Cabriolet A124,E-CLASS Coupe C124,SPRINTER 4-t Pritsche\/Fahrgestell 904,SPRINTER 2-t Pritsche\/Fahrgestell 901, 902,S-CLASS Coupe C140,SPRINTER 4-t Kasten 904; 0004442559, 0060523432, 0060577440, 119113206100, 119113206101, 119113206104, 4442559, 60523432, 60577440, 60800097, 6126291, 13321270038, 13321270038, 1H0201511, 1H0201511A, 12682313, 12695483, 13321268231, 13321269548, 13321270038, 13329063165, 156778, 91535807, 0004442559, 0060523432, 4442554, 4442559, 60523432, 9153580780, 1485678, 5018035, 7212351, 16010SD4010, 16010SD4670, 16900SD4671, 16900SD4672, EAC3112, 4435104, 9153580780, EAC3112, NTC5958, 0024772601, 0024772701, 0024772801, 24772601, 24772701, 24772801, 1640070J00, 156711, 156713, 156720, 4055020005, 6001021534, 7700680162, 7700680167, 7700741993, 7700742386, 7700838890, 7711130026, EAC3112, GFE7020, NTC5958, 1H0201511, 1H0201511A, SE021104653A, 1H0201511A, 1H0201511, 1H0201511A, 251201511A, 2D0201051, 466268011<\/p>\n","protected":false},"excerpt":{"rendered":"<p>VALEO Polttoainesuodatin 587004  VW,AUDI,SKODA,PASSAT Variant 3B6,TRANSPORTER IV Bus 70XB, 70XC, 7DB, 7DW,GOLF III 1H1,SHARAN 7M8, 7M9, 7M6<\/p>\n","protected":false},"featured_media":0,"template":"","meta":{"site-sidebar-layout":"default","site-content-layout":"default","ast-global-header-display":"","ast-main-header-display":"","ast-hfb-above-header-display":"","ast-hfb-below-header-display":"","ast-hfb-mobile-header-display":"","site-post-title":"","ast-breadcrumbs-content":"","ast-featured-img":"","footer-sml-layout":"","theme-transparent-header-meta":"","adv-header-id-meta":"","stick-header-meta":"","header-above-stick-meta":"","header-main-stick-meta":"","header-below-stick-meta":""},"pwb-brand":[28],"product_cat":[29],"product_tag":[],"class_list":{"0":"post-14379","1":"product","2":"type-product","3":"status-publish","5":"pwb-brand-valeo","6":"product_cat-polttoainesuodatin","7":"desktop-align-left","8":"tablet-align-left","9":"mobile-align-left","11":"first","12":"instock","13":"product-type-external"},"brands":[{"id":28,"name":"VALEO","slug":"valeo"}],"_links":{"self":[{"href":"https:\/\/www.autonvaraosahaku.fi\/index.php?rest_route=\/wp\/v2\/product\/14379","targetHints":{"allow":["GET"]}}],"collection":[{"href":"https:\/\/www.autonvaraosahaku.fi\/index.php?rest_route=\/wp\/v2\/product"}],"about":[{"href":"https:\/\/www.autonvaraosahaku.fi\/index.php?rest_route=\/wp\/v2\/types\/product"}],"wp:attachment":[{"href":"https:\/\/www.autonvaraosahaku.fi\/index.php?rest_route=%2Fwp%2Fv2%2Fmedia&parent=14379"}],"wp:term":[{"taxonomy":"pwb-brand","embeddable":true,"href":"https:\/\/www.autonvaraosahaku.fi\/index.php?rest_route=%2Fwp%2Fv2%2Fpwb-brand&post=14379"},{"taxonomy":"product_cat","embeddable":true,"href":"https:\/\/www.autonvaraosahaku.fi\/index.php?rest_route=%2Fwp%2Fv2%2Fproduct_cat&post=14379"},{"taxonomy":"product_tag","embeddable":true,"href":"https:\/\/www.autonvaraosahaku.fi\/index.php?rest_route=%2Fwp%2Fv2%2Fproduct_tag&post=14379"}],"curies":[{"name":"wp","href":"https:\/\/api.w.org\/{rel}","templated":true}]}}