{"id":14427,"date":"2021-02-21T14:20:53","date_gmt":"2021-02-21T14:20:53","guid":{"rendered":"https:\/\/www.autonvaraosahaku.fi\/?product=hella-9el-122-772-001-takavalot"},"modified":"2021-02-21T14:20:54","modified_gmt":"2021-02-21T14:20:54","slug":"hella-9el-122-772-001-takavalot","status":"publish","type":"product","link":"https:\/\/www.autonvaraosahaku.fi\/?product=hella-9el-122-772-001-takavalot","title":{"rendered":"HELLA 9EL 122 772-001 Takavalot"},"content":{"rendered":"<p>Asennuspuoli: Vasen, Oikea; Tarkistuskilpi: E4 23215, E4 377, E4 3880, E4 396, E4 397, E4 4033, E4 421, ECE; Lyhtytoimintojen m\u00e4\u00e4r\u00e4: 5; Lamppumalli: P21W, R10W; Valotoiminto: vilkkuvalolla, jarruvalolla, Sumutakavalolla, peruutusvalolla, Takavalolla; Rekister\u00f6ity tyyppi: ADR\/GGVS-hyv\u00e4ksytty; 1359952, TP07001032, 150322202, 281252290244, 81252290244, 81252296005, 0025442090, A0025442090, 0025442090, 69200810701, 7162855110, 600945241B<\/p>\n","protected":false},"excerpt":{"rendered":"<p>HELLA Lasi, Takavalo 9EL 122 772-001<\/p>\n","protected":false},"featured_media":0,"template":"","meta":{"site-sidebar-layout":"default","site-content-layout":"default","ast-global-header-display":"","ast-main-header-display":"","ast-hfb-above-header-display":"","ast-hfb-below-header-display":"","ast-hfb-mobile-header-display":"","site-post-title":"","ast-breadcrumbs-content":"","ast-featured-img":"","footer-sml-layout":"","theme-transparent-header-meta":"","adv-header-id-meta":"","stick-header-meta":"","header-above-stick-meta":"","header-main-stick-meta":"","header-below-stick-meta":""},"pwb-brand":[24],"product_cat":[159],"product_tag":[],"class_list":{"0":"post-14427","1":"product","2":"type-product","3":"status-publish","5":"pwb-brand-hella","6":"product_cat-takavalot","7":"desktop-align-left","8":"tablet-align-left","9":"mobile-align-left","11":"first","12":"instock","13":"product-type-external"},"brands":[{"id":24,"name":"HELLA","slug":"hella"}],"_links":{"self":[{"href":"https:\/\/www.autonvaraosahaku.fi\/index.php?rest_route=\/wp\/v2\/product\/14427","targetHints":{"allow":["GET"]}}],"collection":[{"href":"https:\/\/www.autonvaraosahaku.fi\/index.php?rest_route=\/wp\/v2\/product"}],"about":[{"href":"https:\/\/www.autonvaraosahaku.fi\/index.php?rest_route=\/wp\/v2\/types\/product"}],"wp:attachment":[{"href":"https:\/\/www.autonvaraosahaku.fi\/index.php?rest_route=%2Fwp%2Fv2%2Fmedia&parent=14427"}],"wp:term":[{"taxonomy":"pwb-brand","embeddable":true,"href":"https:\/\/www.autonvaraosahaku.fi\/index.php?rest_route=%2Fwp%2Fv2%2Fpwb-brand&post=14427"},{"taxonomy":"product_cat","embeddable":true,"href":"https:\/\/www.autonvaraosahaku.fi\/index.php?rest_route=%2Fwp%2Fv2%2Fproduct_cat&post=14427"},{"taxonomy":"product_tag","embeddable":true,"href":"https:\/\/www.autonvaraosahaku.fi\/index.php?rest_route=%2Fwp%2Fv2%2Fproduct_tag&post=14427"}],"curies":[{"name":"wp","href":"https:\/\/api.w.org\/{rel}","templated":true}]}}