{"id":14433,"date":"2021-02-21T14:20:53","date_gmt":"2021-02-21T14:20:53","guid":{"rendered":"https:\/\/www.autonvaraosahaku.fi\/?product=mahle-original-oc-467-oljynsuodatin"},"modified":"2021-02-21T14:20:55","modified_gmt":"2021-02-21T14:20:55","slug":"mahle-original-oc-467-oljynsuodatin","status":"publish","type":"product","link":"https:\/\/www.autonvaraosahaku.fi\/?product=mahle-original-oc-467-oljynsuodatin","title":{"rendered":"MAHLE ORIGINAL OC 467 \u00d6ljynsuodatin"},"content":{"rendered":"<p>Suodatintyyppi: Ruuvattava suodatin; L\u00e4pimitta [mm]: 76,0; Korkeus (mm): 55,0; Ulkol\u00e4pimitta 2 [mm]: 72,0; Sis\u00e4l\u00e4pimitta 2 [mm]: 62,0; Liitinkierre: M20x1,5; Kiristysmomentti: 20; Suositellun erikoisty\u00f6kalun tuotenumero: OCS 7, OCS 7; Paino [g]: 0,57; Korkeus (tuumaa): 2,28; Leveys (tuumaa): 3,15; Pituus (tuumaa): 3,15; Valmistusvuosi alkaen: 07\/1984; NISSAN: QASHQAI \/ QASHQAI +2 J10, JJ10,MICRA III K12,NOTE E11,ALMERA II Hatchback N16,PRIMERA Kombi WP12,PRIMERA P12,NV200 EVALIA,PRIMERA Hatchback P12,TIIDA Schr\u00e4gheck,NV200 Kasten,ALMERA Mk II N16,PRIMASTAR Bus X83,PRIMASTAR Kasten X83,TIIDA Stufenheck SC11X,KUBISTAR Kasten X80,PRIMASTAR Pritsche\/Fahrgestell,BLUEBIRD SYLPHY G11; JEEP: CJ5 &#8211; CJ8; SUZUKI: JIMNY FJ; OPEL: VIVARO Kasten F7,VIVARO Combi J7,VIVARO Pritsche\/Fahrgestell E7,ARENA Bus,ARENA Kasten TB, TF,ARENA Kasten; DACIA: DUSTER,SANDERO,LOGAN MCV KS_,SANDERO II,LODGY,LOGAN MCV II,DOKKER,LOGAN LS_,DOKKER Express,LOGAN EXPRESS FS_,LOGAN Pick-up US_,LOGAN II,SOLENZA,DUSTER Kasten,PICK UP; ALFA ROMEO: 156 Sportwagon 932,156 932,GT 937,SPIDER 916S_,GTV 916C_; RENAULT: TWINGO I C06_,CLIO II BB0\/1\/2_, CB0\/1\/2_,CLIO III BR0\/1, CR0\/1,SC\u00c9NIC II JM0\/1_,KANGOO KC0\/1_,TWINGO II CN0_,MEGANE III Grandtour KZ0\/1,ESPACE IV JK0\/1_,MODUS \/ GRAND MODUS F\/JP0_,LAGUNA II Grandtour KG0\/1_,MEGANE II Kombi KM0\/1_,SC\u00c9NIC I JA0\/1_,MEGANE II Coup\u00e9-Cabriolet EM0\/1_,SC\u00c9NIC III JZ0\/1_,ESPACE III JE0_,LAGUNA III Grandtour KT0\/1,MEGANE Scenic JA0\/1_,MEGANE III Schr\u00e4gheck BZ0_,LAGUNA II BG0\/1_,MEGANE II BM0\/1_, CM0\/1_,TRAFIC II Bus JL,GRAND SC\u00c9NIC III JZ0\/1_,MEGANE I BA0\/1_,TRAFIC II Kasten FL,MEGANE III Coupe DZ0\/1_,KANGOO \/ GRAND KANGOO KW0\/1_,KANGOO Express FC0\/1_,CLIO Grandtour KR0\/1_,GRAND SC\u00c9NIC II JM0\/1_,MEGANE I Grandtour KA0\/1_,MEGANE I Cabriolet EA0\/1_,LAGUNA I B56_, 556_,CLIO I B\/C57_, 5\/357_,LAGUNA I Grandtour K56_,LAGUNA III BT0\/1,KANGOO Express FW0\/1_,MEGANE II Stufenheck LM0\/1_,TWINGO I Kasten S06_,MEGANE I Classic LA0\/1_,4 112_,MEGANE I Coach DA0\/1_,KANGOO BE BOP KW0\/1_,MEGANE CC EZ0\/1_,VEL SATIS BJ0_,CLIO II Kasten SB0\/1\/2_,LAGUNA Co; MITSUBISHI: SPACE STAR DG_A,CARISMA DA_,CARISMA Stufenheck DA_; AIXAM: CROSSLINE,A.751; ARO: 10,SPARTANA; 73500506, 8933004195, J0871919, MLS000462A, MLS000602, 6001545344, 7700107905, 7700110796, 7700272523, 7700272982, 7700274177, 7700727480, 7700734937, 7700734945, 7700734957, 7700748326, 7700855853, 7700856114, 7700873583, 8200033408, 8200768913, 8671002274, 8671014026, 0000071771362, 0006001073259, 6001073259, 71771362, 73500506, 5013388, 5013389, 5016714, 5016715, 5016785, 5016956, 5017317, 5027151, 860X6714AA, 87BX5L208BAFC, 920X6714CA, A850X6714AA, A850X6714BA, A860X6714BA, A860X6714CA, EFL294, EFL295, EFL489, 09110718, 09111019, 9110718, 9111019, 93156540, 93156562, 8933004195, 7700274177, 73500506, 112397, M851139, M852065, M883804, 15208000AB, 1520800Q0F, 1520800Q0H, 1520800Q0J, 1520800Q1K, 1520800Q1L, 1520800QAA, 1520800QAB, 1520800QAC, 15208BN700, 8200033408, 8200033468, 09111019, 4402718, 4403019, 4449274, 9110718, 9111019, 93198598, 1109A4, 1109A5, 1109P1, 112397L, 850284, 6001002028, 6001543357, 6001545344, 7700033408, 7700107905, 7700110796, 7700272523, 7700272902, 77002&#8230;<\/p>\n","protected":false},"excerpt":{"rendered":"<p>MAHLE ORIGINAL \u00d6ljynsuodatin OC 467  NISSAN,JEEP,SUZUKI,QASHQAI \/ QASHQAI +2 J10, JJ10,MICRA III K12,NOTE E11,ALMERA II Hatchback N16<\/p>\n","protected":false},"featured_media":0,"template":"","meta":{"site-sidebar-layout":"default","site-content-layout":"default","ast-global-header-display":"","ast-main-header-display":"","ast-hfb-above-header-display":"","ast-hfb-below-header-display":"","ast-hfb-mobile-header-display":"","site-post-title":"","ast-breadcrumbs-content":"","ast-featured-img":"","footer-sml-layout":"","theme-transparent-header-meta":"","adv-header-id-meta":"","stick-header-meta":"","header-above-stick-meta":"","header-main-stick-meta":"","header-below-stick-meta":""},"pwb-brand":[153],"product_cat":[30],"product_tag":[],"class_list":{"0":"post-14433","1":"product","2":"type-product","3":"status-publish","5":"pwb-brand-mahle-original","6":"product_cat-oljynsuodatin","7":"desktop-align-left","8":"tablet-align-left","9":"mobile-align-left","11":"first","12":"instock","13":"product-type-external"},"brands":[{"id":153,"name":"MAHLE ORIGINAL","slug":"mahle-original"}],"_links":{"self":[{"href":"https:\/\/www.autonvaraosahaku.fi\/index.php?rest_route=\/wp\/v2\/product\/14433","targetHints":{"allow":["GET"]}}],"collection":[{"href":"https:\/\/www.autonvaraosahaku.fi\/index.php?rest_route=\/wp\/v2\/product"}],"about":[{"href":"https:\/\/www.autonvaraosahaku.fi\/index.php?rest_route=\/wp\/v2\/types\/product"}],"wp:attachment":[{"href":"https:\/\/www.autonvaraosahaku.fi\/index.php?rest_route=%2Fwp%2Fv2%2Fmedia&parent=14433"}],"wp:term":[{"taxonomy":"pwb-brand","embeddable":true,"href":"https:\/\/www.autonvaraosahaku.fi\/index.php?rest_route=%2Fwp%2Fv2%2Fpwb-brand&post=14433"},{"taxonomy":"product_cat","embeddable":true,"href":"https:\/\/www.autonvaraosahaku.fi\/index.php?rest_route=%2Fwp%2Fv2%2Fproduct_cat&post=14433"},{"taxonomy":"product_tag","embeddable":true,"href":"https:\/\/www.autonvaraosahaku.fi\/index.php?rest_route=%2Fwp%2Fv2%2Fproduct_tag&post=14433"}],"curies":[{"name":"wp","href":"https:\/\/api.w.org\/{rel}","templated":true}]}}