{"id":14465,"date":"2021-02-21T14:21:00","date_gmt":"2021-02-21T14:21:00","guid":{"rendered":"https:\/\/www.autonvaraosahaku.fi\/?product=ridex-82b0125-jarrulevyt"},"modified":"2021-02-21T14:21:01","modified_gmt":"2021-02-21T14:21:01","slug":"ridex-82b0125-jarrulevyt","status":"publish","type":"product","link":"https:\/\/www.autonvaraosahaku.fi\/?product=ridex-82b0125-jarrulevyt","title":{"rendered":"RIDEX 82B0125 Jarrulevyt"},"content":{"rendered":"<p>Paksuus [mm]: 24; L\u00e4pimitta [mm]: 281; Korkeus (mm): 45,5; Jarrulevytyyppi: Tuuletettu; Jarrulevyn paksuus (mm): 24; V\u00e4himm\u00e4ispaksuus (mm): 21,5; Materiaali: Harmaa valurauta; Reikien m\u00e4\u00e4r\u00e4: 4; keskitt\u00e4misl\u00e4pimitta [mm]: 69; Asennuspuoli: Etuakseli, Vorderachse; VOLVO: V40 Kombi VW,S40 II MS,S40 I VS; MITSUBISHI: CARISMA DA_,CARISMA Stufenheck DA_; 09772010, M818027, 30818027, 308180272; Jarrulevy<\/p>\n","protected":false},"excerpt":{"rendered":"<p>RIDEX Jarrulevyt 82B0125 Jarrulevy VOLVO,MITSUBISHI,V40 Kombi VW,S40 II MS,S40 I VS,CARISMA DA_,CARISMA Stufenheck DA_<\/p>\n","protected":false},"featured_media":0,"template":"","meta":{"site-sidebar-layout":"default","site-content-layout":"default","ast-global-header-display":"","ast-main-header-display":"","ast-hfb-above-header-display":"","ast-hfb-below-header-display":"","ast-hfb-mobile-header-display":"","site-post-title":"","ast-breadcrumbs-content":"","ast-featured-img":"","footer-sml-layout":"","theme-transparent-header-meta":"","adv-header-id-meta":"","stick-header-meta":"","header-above-stick-meta":"","header-main-stick-meta":"","header-below-stick-meta":""},"pwb-brand":[157],"product_cat":[66],"product_tag":[],"class_list":{"0":"post-14465","1":"product","2":"type-product","3":"status-publish","5":"pwb-brand-ridex","6":"product_cat-jarrulevyt","7":"desktop-align-left","8":"tablet-align-left","9":"mobile-align-left","11":"first","12":"instock","13":"product-type-external"},"brands":[{"id":157,"name":"RIDEX","slug":"ridex"}],"_links":{"self":[{"href":"https:\/\/www.autonvaraosahaku.fi\/index.php?rest_route=\/wp\/v2\/product\/14465","targetHints":{"allow":["GET"]}}],"collection":[{"href":"https:\/\/www.autonvaraosahaku.fi\/index.php?rest_route=\/wp\/v2\/product"}],"about":[{"href":"https:\/\/www.autonvaraosahaku.fi\/index.php?rest_route=\/wp\/v2\/types\/product"}],"wp:attachment":[{"href":"https:\/\/www.autonvaraosahaku.fi\/index.php?rest_route=%2Fwp%2Fv2%2Fmedia&parent=14465"}],"wp:term":[{"taxonomy":"pwb-brand","embeddable":true,"href":"https:\/\/www.autonvaraosahaku.fi\/index.php?rest_route=%2Fwp%2Fv2%2Fpwb-brand&post=14465"},{"taxonomy":"product_cat","embeddable":true,"href":"https:\/\/www.autonvaraosahaku.fi\/index.php?rest_route=%2Fwp%2Fv2%2Fproduct_cat&post=14465"},{"taxonomy":"product_tag","embeddable":true,"href":"https:\/\/www.autonvaraosahaku.fi\/index.php?rest_route=%2Fwp%2Fv2%2Fproduct_tag&post=14465"}],"curies":[{"name":"wp","href":"https:\/\/api.w.org\/{rel}","templated":true}]}}