{"id":14499,"date":"2021-02-21T14:21:08","date_gmt":"2021-02-21T14:21:08","guid":{"rendered":"https:\/\/www.autonvaraosahaku.fi\/?product=beru-z17-sytytystulpat"},"modified":"2021-02-21T14:21:08","modified_gmt":"2021-02-21T14:21:08","slug":"beru-z17-sytytystulpat","status":"publish","type":"product","link":"https:\/\/www.autonvaraosahaku.fi\/?product=beru-z17-sytytystulpat","title":{"rendered":"BERU Z17 Sytytystulpat"},"content":{"rendered":"<p>K\u00e4rkiv\u00e4li (mm): 0,8; Liittimet: SAE\/M4; Kierremitta: M14x1,25; Avainv\u00e4li: 16 mm; Sytytystulppa: 1-maaelektroodi, kartioistukalla; Kierteen pituus (mm): 17,5; Teknisten tietojen numero: 14 K-7 DU; Itsepalvelupakattu, katso osaluettelo: ; Kiristysmomentti > [Nm]: 10; Kiristysmomentti enint\u00e4\u00e4n [Nm]: 20; Tuotelinja: ULTRA; Tarvittava kappalem\u00e4\u00e4r\u00e4: 4; MERCEDES-BENZ: 190 W201,Stufenheck W124,Stufenheck W123,S-CLASS W126,KOMBI Kombi S124,E-CLASS W124,G-CLASS W463,COUPE C124,G-CLASS W460,E-CLASS Kombi S124,COUPE C123,G-CLASS W461,KOMBI Kombi S123,T1 Bus 601,T1 Kasten 601,G-CLASS Cabrio W463; FORD: SIERRA Schr\u00e4gheck GBC; RENAULT: TRAFIC Kasten TXX,TRAFIC Bus TXW,SAFRANE I B54_,21 Stufenheck L48_,MASTER I Kasten T__,21 Kombi K48_,21 B48_,MASTER I Bus T__; PEUGEOT: 205 II 20A\/C,205 I Cabriolet 741B, 20D,205 I 741A\/C,309 I 10C, 10A,504 Coupe,204,104,305 II 581M,505 Break 551D,604 561A_,304 _04M_,104 Coupe,305 II Break 581E,305 I 581A,204 Break,304 Break _04D_,305 I Break 581D; CITRO\u00cbN: BX XB-_,CX II,CX I MA,BX Break XB-_,CX II Break,CX I Break MA,OLTCIT; ROVER: 2000-3500 Hatchback SD1; PUCH: G-MODELL W 460,G-MODELL W 463; TALBOT: SAMBA Cabriolet 51E,SAMBA 51A; 91517008, 95611941, 97535383, 0001629401, 001635400, 0021593503, 0021593703, 0021594903, 0021595403, 0021595603, 0021595703, 0021595803, 0021596603, 0021597803, 0031590603, 0031592303, 0031593503, 1021590003, 1021590103, 1031590001, 1031590003, A0031593503, 596205, 596247, 596248, 596268, 596272, 5962C0, 9151700380, 9151700680, 9151944680, CC10, 7700500072, 7700500204, 7700855918, 7701041215, 7701366270, 7701366514, 7701414038, 7701414058, 7701417651, 101000015AA, N10125105, Z057145; Tulpat,Sytytystulppa<\/p>\n","protected":false},"excerpt":{"rendered":"<p>BERU Sytytystulpat Z17 Tulpat,Sytytystulppa MERCEDES-BENZ,FORD,RENAULT,190 W201,Stufenheck W124,Stufenheck W123,S-CLASS W126,KOMBI Kombi S124<\/p>\n","protected":false},"featured_media":0,"template":"","meta":{"site-sidebar-layout":"default","site-content-layout":"default","ast-global-header-display":"","ast-main-header-display":"","ast-hfb-above-header-display":"","ast-hfb-below-header-display":"","ast-hfb-mobile-header-display":"","site-post-title":"","ast-breadcrumbs-content":"","ast-featured-img":"","footer-sml-layout":"","theme-transparent-header-meta":"","adv-header-id-meta":"","stick-header-meta":"","header-above-stick-meta":"","header-main-stick-meta":"","header-below-stick-meta":""},"pwb-brand":[327],"product_cat":[165],"product_tag":[],"class_list":{"0":"post-14499","1":"product","2":"type-product","3":"status-publish","5":"pwb-brand-beru","6":"product_cat-sytytystulpat","7":"desktop-align-left","8":"tablet-align-left","9":"mobile-align-left","11":"first","12":"instock","13":"product-type-external"},"brands":[{"id":327,"name":"BERU","slug":"beru"}],"_links":{"self":[{"href":"https:\/\/www.autonvaraosahaku.fi\/index.php?rest_route=\/wp\/v2\/product\/14499","targetHints":{"allow":["GET"]}}],"collection":[{"href":"https:\/\/www.autonvaraosahaku.fi\/index.php?rest_route=\/wp\/v2\/product"}],"about":[{"href":"https:\/\/www.autonvaraosahaku.fi\/index.php?rest_route=\/wp\/v2\/types\/product"}],"wp:attachment":[{"href":"https:\/\/www.autonvaraosahaku.fi\/index.php?rest_route=%2Fwp%2Fv2%2Fmedia&parent=14499"}],"wp:term":[{"taxonomy":"pwb-brand","embeddable":true,"href":"https:\/\/www.autonvaraosahaku.fi\/index.php?rest_route=%2Fwp%2Fv2%2Fpwb-brand&post=14499"},{"taxonomy":"product_cat","embeddable":true,"href":"https:\/\/www.autonvaraosahaku.fi\/index.php?rest_route=%2Fwp%2Fv2%2Fproduct_cat&post=14499"},{"taxonomy":"product_tag","embeddable":true,"href":"https:\/\/www.autonvaraosahaku.fi\/index.php?rest_route=%2Fwp%2Fv2%2Fproduct_tag&post=14499"}],"curies":[{"name":"wp","href":"https:\/\/api.w.org\/{rel}","templated":true}]}}