{"id":14533,"date":"2021-02-21T14:21:11","date_gmt":"2021-02-21T14:21:11","guid":{"rendered":"https:\/\/www.autonvaraosahaku.fi\/?product=motul-102898-moottorioljy"},"modified":"2021-02-21T14:21:13","modified_gmt":"2021-02-21T14:21:13","slug":"motul-102898-moottorioljy","status":"publish","type":"product","link":"https:\/\/www.autonvaraosahaku.fi\/?product=motul-102898-moottorioljy","title":{"rendered":"MOTUL 102898 Moottori\u00f6ljy"},"content":{"rendered":"<p>Tilavuus (litra): 5; \u00d6ljy: Synteettinen \u00f6ljy; Valmistajan hyv\u00e4ksym\u00e4: STJLR.03.5003, Renault RN0700, Ford WSS-M2C913-D; Viskositeettiluokka SAE: 5W-30; Erittely: API SL, ACEA A5, API CF, ACEA B5; Versio: ECO-NERGY; API-m\u00e4\u00e4rittely: SD; MAZDA: 5 CR19,3 BK,6 Station Wagon GY,CX-5 KE, GH,MX-5 II NB,6 Kombi GH,2 DE,323 F VI BJ,PREMACY CP,CX-7 ER,6 Hatchback GG,6 GG,3 BL,MX-5 I NA,TRIBUTE EP,5 CW,3 BM,MX-5 III NC,DEMIO DW,6 Kombi GJ, GH,6 Schr\u00e4gheck GH,RX 8 SE17,626 V Hatchback GF,3 Stufenheck BK,6 GH,MPV II LW,626 V GF,626 V Station Wagon GW,6 Stufenheck GJ, GH,323 P V BA,3 Stufenheck BL,626 IV Hatchback GE,MX-3 EC,FAMILIA VI BJ,3 Stufenheck BM,2 Stufenheck DE,B-SERIE UN,XEDOS 6 CA,BT-50 CD, UN,323 C IV BG,FAMILIA IV BF,XEDOS 9 TA,626 IV GE,CX-9 TB,FAMILIA V BA,FAMILIA V BG8,RX 7 II FC,323 III Hatchback BF,121 II DB,MX-6 GE,RX 7 I SA,626 III GD,FAMILIA IV BG,626 III Hatchback GD,626 III Coupe GD,E-SERIE Kasten SR2,626 III Station Wagon GV,626 II GC,626 II Hatchback GC,B-SERIE UF,323 III BF,MPV I LV,RX 7 III FD,BT-50 Pritsche\/Fahrgestell CD, UN,323 III Station Wagon BW,323 II Hatchback BD,121 I DA,2 DL, DJ,323 II BD,BT-50 Pick-up B22, B32, UP,CX-3 DK,323 I Station Wagon FA,MX-5 IV; BMW: 3 E36,3 E30,7 E38,3 Coupe E36,5 E34,3 Cabriolet E30,3 Cabriolet E36,3 Touring E36,7 E32,8 E31,5 Touring E34,3 Touring E30,Z1; CHEVROLET: CAPTIVA C100, C140,MATIZ M200, M250,NUBIRA Kombi,KALOS,AVEO Schr\u00e4gheck T250, T255,EPICA KL1_,CAMARO GMX511,LACETTI J200,AVEO Stufenheck T250, T255,REZZO,KALOS Stufenheck,BLAZER S10,HHR,TRAILBLAZER KC_,CAMARO F,EVANDA,NUBIRA Stufenheck,CORVETTE C4,CORVETTE Convertible 1YY,TAHOE B2W,TRANS SPORT,SPARK M200 M250,AVEO Stufenheck T200,SPARK M150,CAMARO Convertible F,LACETTI Kombi J200,AVEO Schr\u00e4gheck T200,S10 Pick-up,AVALANCHE,SILVERADO 1500,COLORADO,SILVERADO 1500 Crew Cab Pickup US,SILVERADO 1500 Extended Cab Pickup,LACETTI Stufenheck,SILVERADO 1500 Standard Cab Pickup US,SILVERADO 1500 Extended Cab Pickup US,SILVERADO 1500 Standard Cab Pickup; JEEP: GRAND CHEROKEE III WH, WK,GRAND CHEROKEE II WJ, WG,GRAND CHEROKEE IV WK, WK2,WRANGLER III JK,CHEROKEE KJ,GRAND CHEROKEE I ZJ,CHEROKEE XJ,COMMANDER XK,WRANGLER II TJ,WRANGLER I YJ, SJ_,COMANCHE MJ; DAEWOO: KALOS KLAS,MATIZ KLYA,REZZO KLAU,EVANDA KLAL,LACETTI Schr\u00e4gheck KLAN,NUBIRA Stufenheck KLAN,KALOS Stufenheck KLAS,NUBIRA Wagon KLAN,NEXIA KLETN,ESPERO KLEJ,MUSSO FJ,KORANDO KJ,NEXIA Stufenheck KLETN,KORANDO Cabrio KJ; LADA: NIVA 2121,1200-1600,KALINA Kombi 1117,KALINA Schr\u00e4gheck 1119,111 2111,110 2110,1200-1500 Kombi,NOVA 2105,KALINA Stufenheck 1118,GRANTA 2190,112 2112,PRIORA Schr\u00e4gheck 2172,KALINA Kombi 2194,KALINA Schr\u00e4gheck 2192; IVECO: DAILY IV Kasten\/Kombi,DAILY III Pritsche\/Fahrgestell,DAILY III Kasten\/Kombi,DAILY IV Pritsche\/Fahrgestell,DAILY V Kasten\/Kombi,DAILY IV Bus,DAILY IV Kipper,DAILY VI Kasten\/Kombi,DAILY VI Pritsche\/Fahrgestell; NISSAN: QASHQAI \/ QASHQAI +2 J10, JJ10,MICRA III K12,X-TRAIL T30,MICRA II K11,NOTE E11,ALMERA TINO V10,ALMERA II Hatchback N16,NAVARA D40,JUKE F15,PATHFINDER R51,X-TRAIL T31,PRIMERA P11,MICRA IV K13,PRIMERA Kombi WP12,PIXO UA0,PRIMERA P12,NV200 EVALIA,TERRANO II R20,PRIMERA Traveller WP11,350 Z Z33,PRIMERA Hatchback P11,MICRA C+C K12,MURANO Z50,NAVARA Pritsche\/Fahrgestell D40,NOTE E12,PRIMERA Hatchback P12,PATROL GR II Wagon Y61,TIIDA Schr\u00e4gheck,NV200 Kasten,ALMERA I Hatchback N15,MURANO Z51,PICK UP D22,PATHFINDER R50,ALMERA Mk II N16,200 SX S13,MICRA I K10,370 Z Z34,PRIMASTAR Bus X83,ALMERA I N15,PICK UP D21,100 NX B13,SERENA C23M,200 SX S14,PATROL GR I Y60, GR,PRIMERA P10,350 Z Roadster Z33,PRIMASTAR Kasten X83,MAXIMA QX A33,TERRANO I WD21,300 ZX Z32,PATROL Hardtop K160,MAXIMA QX A32,CUBE Z12,300 ZX Z31,PATROL Station Wagon W260,PATROL Hardtop K260,TIIDA Stufenheck SC11X,SUNNY II Coupe B12,370 Z Roadster Z34,KUBISTAR X76,SKYLINE Coupe R34,NP300,SUNNY II; KIA: SORENTO I JC,PICANTO BA,SPORTAGE SL,CEE&#8217;D SW ED,CEE&#8217;D Schr\u00e4gheck ED,SPORTAGE JE_, KM_,VENGA YN,SORENTO II XM,CARENS II FJ,RIO III UB,RIO II JB,CEE&#8217;D JD,CARENS III UN,CARNIVAL II GQ,CARNIVAL \/ GRAND CARNIVAL III VQ,PICANTO TA,CEE`D Sportswagon JD,RIO Kombi DC,PRO CEE&#8217;D ED,CARENS IV,SOUL AM,CERATO LD,MAGENTIS GD,MAGENTIS MG,PRO CEE\u00b4D JD,OPIRUS GH,CERATO Stufenheck LD,RIO II Stufenheck JB,OPTIMA,RIO Stufenheck DC_,JOICE,RIO III Stufenheck UB,PRIDE DA,CLARUS K9A,CARNIVAL I UP,CLARUS Kombi GC,SPORTAGE QL,CERATO II Stufenheck TD,SORENTO III,SOUL II PS,CERATO YD Stufenheck,CERATO KOUP TD,CADENZA; LEXUS: IS II GSE2_, ALE2_, USE2_,RX MHU3_, GSU3_, MCU3_,IS I JCE1_, GXE1_,GS GRS19_, UZS19_, GWS19_,RX GYL1_, GGL15, AGL10,CT ZWA1_,GS UZS161, JZS160,IS SportCross,RX MCU15,IS III GSE3_, AVE3_,LS UVF4_, USF4_,LS UCF20,GS GRL1_, GWL1_,SC UZZ40_,LS UCF30,LS UCF10,GS JZS147,IS C GSE2_,LX UZJ100,LX URJ201,GX _J12_,ES AVV6_, GSV6_, ASV6_,ES GSV4_, ACV4_,GX URJ15_,ES MCV_, VZV_,NX ZGZ1_, AGZ1_, AYZ1_,RX _L2_,RC GSC1_, USC1_<\/p>\n","protected":false},"excerpt":{"rendered":"<p>MOTUL Moottori\u00f6ljy 102898<\/p>\n","protected":false},"featured_media":0,"template":"","meta":{"site-sidebar-layout":"default","site-content-layout":"default","ast-global-header-display":"","ast-main-header-display":"","ast-hfb-above-header-display":"","ast-hfb-below-header-display":"","ast-hfb-mobile-header-display":"","site-post-title":"","ast-breadcrumbs-content":"","ast-featured-img":"","footer-sml-layout":"","theme-transparent-header-meta":"","adv-header-id-meta":"","stick-header-meta":"","header-above-stick-meta":"","header-main-stick-meta":"","header-below-stick-meta":""},"pwb-brand":[140],"product_cat":[129],"product_tag":[],"class_list":{"0":"post-14533","1":"product","2":"type-product","3":"status-publish","5":"pwb-brand-motul","6":"product_cat-moottorioljy","7":"desktop-align-left","8":"tablet-align-left","9":"mobile-align-left","11":"first","12":"instock","13":"product-type-external"},"brands":[{"id":140,"name":"MOTUL","slug":"motul"}],"_links":{"self":[{"href":"https:\/\/www.autonvaraosahaku.fi\/index.php?rest_route=\/wp\/v2\/product\/14533","targetHints":{"allow":["GET"]}}],"collection":[{"href":"https:\/\/www.autonvaraosahaku.fi\/index.php?rest_route=\/wp\/v2\/product"}],"about":[{"href":"https:\/\/www.autonvaraosahaku.fi\/index.php?rest_route=\/wp\/v2\/types\/product"}],"wp:attachment":[{"href":"https:\/\/www.autonvaraosahaku.fi\/index.php?rest_route=%2Fwp%2Fv2%2Fmedia&parent=14533"}],"wp:term":[{"taxonomy":"pwb-brand","embeddable":true,"href":"https:\/\/www.autonvaraosahaku.fi\/index.php?rest_route=%2Fwp%2Fv2%2Fpwb-brand&post=14533"},{"taxonomy":"product_cat","embeddable":true,"href":"https:\/\/www.autonvaraosahaku.fi\/index.php?rest_route=%2Fwp%2Fv2%2Fproduct_cat&post=14533"},{"taxonomy":"product_tag","embeddable":true,"href":"https:\/\/www.autonvaraosahaku.fi\/index.php?rest_route=%2Fwp%2Fv2%2Fproduct_tag&post=14533"}],"curies":[{"name":"wp","href":"https:\/\/api.w.org\/{rel}","templated":true}]}}