{"id":14545,"date":"2021-02-21T14:21:15","date_gmt":"2021-02-21T14:21:15","guid":{"rendered":"https:\/\/www.autonvaraosahaku.fi\/?product=ridex-854s0841-iskunvaimennin"},"modified":"2021-02-21T14:21:16","modified_gmt":"2021-02-21T14:21:16","slug":"ridex-854s0841-iskunvaimennin","status":"publish","type":"product","link":"https:\/\/www.autonvaraosahaku.fi\/?product=ridex-854s0841-iskunvaimennin","title":{"rendered":"RIDEX 854S0841 Iskunvaimennin"},"content":{"rendered":"<p>Asennuspuoli: Taka-akseli; Iskunvaimennin tyyppi: Kaasupaine; Iskunvaimennusj\u00e4rjestelm\u00e4: Kaksiputki; Iskunvaimennin asennustapa: Tappi ylh\u00e4\u00e4ll\u00e4, Tappi alhaalla; Alustarakenne: f\u00fcr Fahrzeuge ohne M-Technik; BMW: 3 Touring E91,3 E90,1 E87,1 E81,3 Coupe E92,3 Cabriolet E93,1 Cabriolet E88,1 Coupe E82; 31316767321, 31316767323, 31316768211, 31316768219, 31316771177, 31316782329, 31316785593, 31316786005, 31316786009, 33504035261, 33504035872, 33526768917, 33526768921, 33526771555, 33526771559, 33526771725, 33526771729, 33526772916, 33526772926, 33526780077, 33526780081, 33526780195, 33526782859, 33526783989, 33526783997, 33526784977, 33526796157, 33526796161, 33528036014, 33528036026, 6767321, 6767323, 6768211, 6768219, 6768917, 6768921, 6771177, 6771555, 6771559, 6771723, 6771725, 6772916, 6772917, 6772921, 6772926, 6780075, 6780195, 6782329, 6782859, 6783989, 6783997, 6784973, 6784977, 6785589, 6785593, 6786001, 6786005, 6786009, 6786013, 6796155, 6796157, 6796159, 6796160, 6796161, 8036014, 8036026; Iskarit,Iskunvaimennin<\/p>\n","protected":false},"excerpt":{"rendered":"<p>RIDEX Iskunvaimentimet 854S0841 Iskarit,Iskunvaimennin BMW,3 Touring E91,3 E90,1 E87,1 E81,3 Coupe E92,3 Cabriolet E93,1 Cabriolet E88,1 Coupe E82<\/p>\n","protected":false},"featured_media":0,"template":"","meta":{"site-sidebar-layout":"default","site-content-layout":"default","ast-global-header-display":"","ast-main-header-display":"","ast-hfb-above-header-display":"","ast-hfb-below-header-display":"","ast-hfb-mobile-header-display":"","site-post-title":"","ast-breadcrumbs-content":"","ast-featured-img":"","footer-sml-layout":"","theme-transparent-header-meta":"","adv-header-id-meta":"","stick-header-meta":"","header-above-stick-meta":"","header-main-stick-meta":"","header-below-stick-meta":""},"pwb-brand":[157],"product_cat":[80],"product_tag":[],"class_list":{"0":"post-14545","1":"product","2":"type-product","3":"status-publish","5":"pwb-brand-ridex","6":"product_cat-iskunvaimennin","7":"desktop-align-left","8":"tablet-align-left","9":"mobile-align-left","11":"first","12":"instock","13":"product-type-external"},"brands":[{"id":157,"name":"RIDEX","slug":"ridex"}],"_links":{"self":[{"href":"https:\/\/www.autonvaraosahaku.fi\/index.php?rest_route=\/wp\/v2\/product\/14545","targetHints":{"allow":["GET"]}}],"collection":[{"href":"https:\/\/www.autonvaraosahaku.fi\/index.php?rest_route=\/wp\/v2\/product"}],"about":[{"href":"https:\/\/www.autonvaraosahaku.fi\/index.php?rest_route=\/wp\/v2\/types\/product"}],"wp:attachment":[{"href":"https:\/\/www.autonvaraosahaku.fi\/index.php?rest_route=%2Fwp%2Fv2%2Fmedia&parent=14545"}],"wp:term":[{"taxonomy":"pwb-brand","embeddable":true,"href":"https:\/\/www.autonvaraosahaku.fi\/index.php?rest_route=%2Fwp%2Fv2%2Fpwb-brand&post=14545"},{"taxonomy":"product_cat","embeddable":true,"href":"https:\/\/www.autonvaraosahaku.fi\/index.php?rest_route=%2Fwp%2Fv2%2Fproduct_cat&post=14545"},{"taxonomy":"product_tag","embeddable":true,"href":"https:\/\/www.autonvaraosahaku.fi\/index.php?rest_route=%2Fwp%2Fv2%2Fproduct_tag&post=14545"}],"curies":[{"name":"wp","href":"https:\/\/api.w.org\/{rel}","templated":true}]}}