{"id":14548,"date":"2021-02-21T14:21:15","date_gmt":"2021-02-21T14:21:15","guid":{"rendered":"https:\/\/www.autonvaraosahaku.fi\/?product=ridex-82b0111-jarrulevyt"},"modified":"2021-02-21T14:21:16","modified_gmt":"2021-02-21T14:21:16","slug":"ridex-82b0111-jarrulevyt","status":"publish","type":"product","link":"https:\/\/www.autonvaraosahaku.fi\/?product=ridex-82b0111-jarrulevyt","title":{"rendered":"RIDEX 82B0111 Jarrulevyt"},"content":{"rendered":"<p>Asennuspuoli: Etuakseli, Vorderachse; Jarrulevytyyppi: Tuuletettu, sis\u00e4; L\u00e4pimitta [mm]: 280; Jarrulevyn paksuus (mm): 28; Reik\u00e4ympyr\u00e4-\u00d8 [mm]: 114,3; Korvaava tuote\/korvaava tiedote 2: Ilman py\u00f6r\u00e4nnapaa, Ilman py\u00f6r\u00e4nkiinnityspultteja; M\u00e4\u00e4r\u00e4tty kiertosuunta: ; ei sidoksissa kulkusuuntaan: ; V\u00e4himm\u00e4ispaksuus (mm): 26; Korkeus (mm): 49,2; Reik\u00e4kuvio\/-m\u00e4\u00e4r\u00e4: 05\/05; keskitt\u00e4misl\u00e4pimitta [mm]: 68; Paino [kg]: 7,3; Sis\u00e4l\u00e4pimitta [mm]: 144; Py\u00f6r\u00e4npulttireik\u00e4-\u00d8 [mm]: 12,8; NISSAN: X-TRAIL T30,ALMERA TINO V10,PRIMERA Kombi WP12,PRIMERA P12,PRIMERA Hatchback P12,MAXIMA QX A33,MAXIMA QX A32; 402063Y502, 402063Y503, 402064U101, 402064U103, 402064U105, 402064U107; Jarrulevy<\/p>\n","protected":false},"excerpt":{"rendered":"<p>RIDEX Jarrulevyt 82B0111 Jarrulevy NISSAN,X-TRAIL T30,ALMERA TINO V10,PRIMERA Kombi WP12,PRIMERA P12,PRIMERA Hatchback P12,MAXIMA QX A33,MAXIMA QX A32<\/p>\n","protected":false},"featured_media":0,"template":"","meta":{"site-sidebar-layout":"default","site-content-layout":"default","ast-global-header-display":"","ast-main-header-display":"","ast-hfb-above-header-display":"","ast-hfb-below-header-display":"","ast-hfb-mobile-header-display":"","site-post-title":"","ast-breadcrumbs-content":"","ast-featured-img":"","footer-sml-layout":"","theme-transparent-header-meta":"","adv-header-id-meta":"","stick-header-meta":"","header-above-stick-meta":"","header-main-stick-meta":"","header-below-stick-meta":""},"pwb-brand":[157],"product_cat":[66],"product_tag":[],"class_list":{"0":"post-14548","1":"product","2":"type-product","3":"status-publish","5":"pwb-brand-ridex","6":"product_cat-jarrulevyt","7":"desktop-align-left","8":"tablet-align-left","9":"mobile-align-left","11":"first","12":"instock","13":"product-type-external"},"brands":[{"id":157,"name":"RIDEX","slug":"ridex"}],"_links":{"self":[{"href":"https:\/\/www.autonvaraosahaku.fi\/index.php?rest_route=\/wp\/v2\/product\/14548","targetHints":{"allow":["GET"]}}],"collection":[{"href":"https:\/\/www.autonvaraosahaku.fi\/index.php?rest_route=\/wp\/v2\/product"}],"about":[{"href":"https:\/\/www.autonvaraosahaku.fi\/index.php?rest_route=\/wp\/v2\/types\/product"}],"wp:attachment":[{"href":"https:\/\/www.autonvaraosahaku.fi\/index.php?rest_route=%2Fwp%2Fv2%2Fmedia&parent=14548"}],"wp:term":[{"taxonomy":"pwb-brand","embeddable":true,"href":"https:\/\/www.autonvaraosahaku.fi\/index.php?rest_route=%2Fwp%2Fv2%2Fpwb-brand&post=14548"},{"taxonomy":"product_cat","embeddable":true,"href":"https:\/\/www.autonvaraosahaku.fi\/index.php?rest_route=%2Fwp%2Fv2%2Fproduct_cat&post=14548"},{"taxonomy":"product_tag","embeddable":true,"href":"https:\/\/www.autonvaraosahaku.fi\/index.php?rest_route=%2Fwp%2Fv2%2Fproduct_tag&post=14548"}],"curies":[{"name":"wp","href":"https:\/\/api.w.org\/{rel}","templated":true}]}}