{"id":14559,"date":"2021-02-21T14:21:18","date_gmt":"2021-02-21T14:21:18","guid":{"rendered":"https:\/\/www.autonvaraosahaku.fi\/?product=valeo-586022-oljynsuodatin"},"modified":"2021-02-21T14:21:19","modified_gmt":"2021-02-21T14:21:19","slug":"valeo-586022-oljynsuodatin","status":"publish","type":"product","link":"https:\/\/www.autonvaraosahaku.fi\/?product=valeo-586022-oljynsuodatin","title":{"rendered":"VALEO 586022 \u00d6ljynsuodatin"},"content":{"rendered":"<p>Kierremitta: M 20&#215;1,5; Ulkol\u00e4pimitta [mm]: 68; Sis\u00e4l\u00e4pimitta 1 [mm]: 64; Sis\u00e4l\u00e4pimitta 2 [mm]: 56; Korkeus (mm): 66,5; Avauspaine ohitusventtiili [bar]: 1; Suodatintyyppi: Ruuvattava suodatin; Paino [kg]: 0,24; Moottorinumero: M4R.7.11,M4R.7.13; MAZDA: 323 III Hatchback BF,FAMILIA IV BG,626 III Coupe GD,323 III BF,323 III Station Wagon BW,323 II Hatchback BD,323 II BD,323 I Station Wagon FA,1300; NISSAN: QASHQAI \/ QASHQAI +2 J10, JJ10,MICRA III K12,X-TRAIL T30,NOTE E11,ALMERA TINO V10,ALMERA II Hatchback N16,JUKE F15,X-TRAIL T31,PRIMERA P11,MICRA IV K13,PRIMERA Kombi WP12,PRIMERA P12,NV200 EVALIA,PRIMERA Traveller WP11,350 Z Z33,PRIMERA Hatchback P11,MICRA C+C K12,MURANO Z50,NOTE E12,PRIMERA Hatchback P12,TIIDA Schr\u00e4gheck,NV200 Kasten,ALMERA I Hatchback N15,MURANO Z51,PATHFINDER R50,ALMERA Mk II N16,200 SX S13,370 Z Z34,200 SX S14,350 Z Roadster Z33,MAXIMA QX A33,CUBE Z12,TIIDA Stufenheck SC11X,370 Z Roadster Z34,QASHQAI J11, J11_,X-TRAIL T32,PULSAR Schr\u00e4gheck C13,TEANA II J32,ALTIMA,TEANA I J31; KIA: PICANTO BA,RIO III UB,CEE&#8217;D JD,PICANTO TA,CEE`D Sportswagon JD,PRO CEE\u00b4D JD,RIO Stufenheck DC_,RIO III Stufenheck UB,SHUMA FB,PRIDE DA,RIO IV YB,PICANTO JA,STONIC YB; HONDA: INSIGHT ZE,ACTY TN; HYUNDAI: GETZ TB,i10 PA,i20 PB, PBT,ATOS MX,i20 GB,i30 PDE,i30 Kombi PDE,i20 ACTIVE GB,i20 Coupe,KONA OS; INFINITI: FX,EX,M Y51,G Stufenheck,M37,G Coupe,M35,QX70; SUBARU: FORESTER SG,FORESTER SH,FORESTER SF,IMPREZA Stufenheck GD,LEGACY IV Station Wagon BL, BP, B13_,IMPREZA Schr\u00e4gheck GR, GH, G3,IMPREZA Station Wagon GG,LEGACY III Station Wagon BE, BH,IMPREZA Station Wagon GF,LEGACY IV BL, BP,JUSTY I KAD,IMPREZA Coupe GFC,LEGACY I BC,REX \u00a0,REX II; RENAULT: CLIO III BR0\/1, CR0\/1,MEGANE III Grandtour KZ0\/1,ESPACE IV JK0\/1_,SC\u00c9NIC III JZ0\/1_,LAGUNA III Grandtour KT0\/1,MEGANE III Schr\u00e4gheck BZ0_,GRAND SC\u00c9NIC III JZ0\/1_,MEGANE III Coupe DZ0\/1_,KOLEOS HY_,LAGUNA III BT0\/1,MEGANE CC EZ0\/1_,VEL SATIS BJ0_,LAGUNA Coupe DT0\/1; MITSUBISHI: PAJERO JUNIOR H57A; 152085758R, 15400PFB004, 15400PFB014, 15400PJ7005, 15400PJ7015, 15400PM3004, 15400PM3405, 2630002500, 2630002501, 2630002502, 2630002503, 2630002750, 2630002751, 2630003000, 263002Y500, 152083J400, 152083J400XX, 1520865F00, 1520865F01, 1520865F0A, 1520865F0B, 1520865F10, 1520865F1A, 152089F60A, 0B63114302, 2630002500, 2630002501, 2630002502, 2630002503, 2630002750, 2630003000, 263002Y500, 022214300, 022223420A, 025914300, 032414300, 037023802, 037023803, 077823802, 081323802A, 081323802B, 086623802, 22214300, 22223420A, 25914300, 32414300, 37023802, 37023803, 489914300, 77823802, 81323802A, 81323802B, 817323802, 86623802, 8FG123802, 8FG1238029A, 8FG123803, B35914302, B63014302, B63114302, B65114302, B6Y014300, B6Y114302, B6Y1143029A, B6Y114302A, B6Y114302A9A, B6YI14302, FEY014302, FEY0143029A, HE1923802, N23123802, N35014302, N3Y614302, 30A4000201, MD348631, 152081HC0A, 1520831U01, 152083J400, 152083J400XX, 1520865F00, 1520865F01, 1520865F0A, 1520865F0B, 1520865F10, 152087B000, 15208&#8230;<\/p>\n","protected":false},"excerpt":{"rendered":"<p>VALEO \u00d6ljynsuodatin 586022  MAZDA,NISSAN,KIA,323 III Hatchback BF,FAMILIA IV BG,626 III Coupe GD,323 III BF,323 III Station Wagon BW<\/p>\n","protected":false},"featured_media":0,"template":"","meta":{"site-sidebar-layout":"default","site-content-layout":"default","ast-global-header-display":"","ast-main-header-display":"","ast-hfb-above-header-display":"","ast-hfb-below-header-display":"","ast-hfb-mobile-header-display":"","site-post-title":"","ast-breadcrumbs-content":"","ast-featured-img":"","footer-sml-layout":"","theme-transparent-header-meta":"","adv-header-id-meta":"","stick-header-meta":"","header-above-stick-meta":"","header-main-stick-meta":"","header-below-stick-meta":""},"pwb-brand":[28],"product_cat":[30],"product_tag":[],"class_list":{"0":"post-14559","1":"product","2":"type-product","3":"status-publish","5":"pwb-brand-valeo","6":"product_cat-oljynsuodatin","7":"desktop-align-left","8":"tablet-align-left","9":"mobile-align-left","11":"first","12":"instock","13":"product-type-external"},"brands":[{"id":28,"name":"VALEO","slug":"valeo"}],"_links":{"self":[{"href":"https:\/\/www.autonvaraosahaku.fi\/index.php?rest_route=\/wp\/v2\/product\/14559","targetHints":{"allow":["GET"]}}],"collection":[{"href":"https:\/\/www.autonvaraosahaku.fi\/index.php?rest_route=\/wp\/v2\/product"}],"about":[{"href":"https:\/\/www.autonvaraosahaku.fi\/index.php?rest_route=\/wp\/v2\/types\/product"}],"wp:attachment":[{"href":"https:\/\/www.autonvaraosahaku.fi\/index.php?rest_route=%2Fwp%2Fv2%2Fmedia&parent=14559"}],"wp:term":[{"taxonomy":"pwb-brand","embeddable":true,"href":"https:\/\/www.autonvaraosahaku.fi\/index.php?rest_route=%2Fwp%2Fv2%2Fpwb-brand&post=14559"},{"taxonomy":"product_cat","embeddable":true,"href":"https:\/\/www.autonvaraosahaku.fi\/index.php?rest_route=%2Fwp%2Fv2%2Fproduct_cat&post=14559"},{"taxonomy":"product_tag","embeddable":true,"href":"https:\/\/www.autonvaraosahaku.fi\/index.php?rest_route=%2Fwp%2Fv2%2Fproduct_tag&post=14559"}],"curies":[{"name":"wp","href":"https:\/\/api.w.org\/{rel}","templated":true}]}}