{"id":14566,"date":"2021-02-21T14:21:18","date_gmt":"2021-02-21T14:21:18","guid":{"rendered":"https:\/\/www.autonvaraosahaku.fi\/?product=ridex-82b0376-jarrulevyt"},"modified":"2021-02-21T14:21:19","modified_gmt":"2021-02-21T14:21:19","slug":"ridex-82b0376-jarrulevyt","status":"publish","type":"product","link":"https:\/\/www.autonvaraosahaku.fi\/?product=ridex-82b0376-jarrulevyt","title":{"rendered":"RIDEX 82B0376 Jarrulevyt"},"content":{"rendered":"<p>Asennuspuoli: Taka-akseli, Hinterachse; Jarrulevytyyppi: Vakiomalli; L\u00e4pimitta [mm]: 300; Jarrulevyn paksuus (mm): 10; Reikien m\u00e4\u00e4r\u00e4: 5; Reik\u00e4ympyr\u00e4-\u00d8 [mm]: 112; M\u00e4\u00e4r\u00e4tty kiertosuunta: ; ei sidoksissa kulkusuuntaan: ; Kierremitta: 15,3; V\u00e4himm\u00e4ispaksuus (mm): 8,3; Korkeus (mm): 57,5; keskitt\u00e4misl\u00e4pimitta [mm]: 67; Reik\u00e4kuvio\/-m\u00e4\u00e4r\u00e4: 5\/6; Sis\u00e4l\u00e4pimitta [mm]: 158,3; MERCEDES-BENZ: C-CLASS W204,C-CLASS T-Model S204,E-CLASS Coupe C207,C-CLASS Coupe C204,E-CLASS Cabriolet A207,C-CLASS T-Model S205,C-CLASS W205,C-CLASS Coupe C205,C-CLASS Cabriolet A205; 0004230512, 2044230612, 2044230912, 2044231512, A0004230512, A2044230612, A2044230912, A2044231512; Jarrulevy<\/p>\n","protected":false},"excerpt":{"rendered":"<p>RIDEX Jarrulevyt 82B0376 Jarrulevy MERCEDES-BENZ,C-CLASS W204,C-CLASS T-Model S204,E-CLASS Coupe C207,C-CLASS Coupe C204,E-CLASS Cabriolet A207<\/p>\n","protected":false},"featured_media":0,"template":"","meta":{"site-sidebar-layout":"default","site-content-layout":"default","ast-global-header-display":"","ast-main-header-display":"","ast-hfb-above-header-display":"","ast-hfb-below-header-display":"","ast-hfb-mobile-header-display":"","site-post-title":"","ast-breadcrumbs-content":"","ast-featured-img":"","footer-sml-layout":"","theme-transparent-header-meta":"","adv-header-id-meta":"","stick-header-meta":"","header-above-stick-meta":"","header-main-stick-meta":"","header-below-stick-meta":""},"pwb-brand":[157],"product_cat":[66],"product_tag":[],"class_list":{"0":"post-14566","1":"product","2":"type-product","3":"status-publish","5":"pwb-brand-ridex","6":"product_cat-jarrulevyt","7":"desktop-align-left","8":"tablet-align-left","9":"mobile-align-left","11":"first","12":"instock","13":"product-type-external"},"brands":[{"id":157,"name":"RIDEX","slug":"ridex"}],"_links":{"self":[{"href":"https:\/\/www.autonvaraosahaku.fi\/index.php?rest_route=\/wp\/v2\/product\/14566","targetHints":{"allow":["GET"]}}],"collection":[{"href":"https:\/\/www.autonvaraosahaku.fi\/index.php?rest_route=\/wp\/v2\/product"}],"about":[{"href":"https:\/\/www.autonvaraosahaku.fi\/index.php?rest_route=\/wp\/v2\/types\/product"}],"wp:attachment":[{"href":"https:\/\/www.autonvaraosahaku.fi\/index.php?rest_route=%2Fwp%2Fv2%2Fmedia&parent=14566"}],"wp:term":[{"taxonomy":"pwb-brand","embeddable":true,"href":"https:\/\/www.autonvaraosahaku.fi\/index.php?rest_route=%2Fwp%2Fv2%2Fpwb-brand&post=14566"},{"taxonomy":"product_cat","embeddable":true,"href":"https:\/\/www.autonvaraosahaku.fi\/index.php?rest_route=%2Fwp%2Fv2%2Fproduct_cat&post=14566"},{"taxonomy":"product_tag","embeddable":true,"href":"https:\/\/www.autonvaraosahaku.fi\/index.php?rest_route=%2Fwp%2Fv2%2Fproduct_tag&post=14566"}],"curies":[{"name":"wp","href":"https:\/\/api.w.org\/{rel}","templated":true}]}}