{"id":14567,"date":"2021-02-21T14:21:18","date_gmt":"2021-02-21T14:21:18","guid":{"rendered":"https:\/\/www.autonvaraosahaku.fi\/?product=ridex-82b0032-jarrulevyt"},"modified":"2021-02-21T14:21:20","modified_gmt":"2021-02-21T14:21:20","slug":"ridex-82b0032-jarrulevyt","status":"publish","type":"product","link":"https:\/\/www.autonvaraosahaku.fi\/?product=ridex-82b0032-jarrulevyt","title":{"rendered":"RIDEX 82B0032 Jarrulevyt"},"content":{"rendered":"<p>L\u00e4pimitta [mm]: 296; Jarrulevyn paksuus (mm): 22; V\u00e4himm\u00e4ispaksuus (mm): 20,4; Jarrulevytyyppi: Tuuletettu, sis\u00e4; Py\u00f6r\u00e4nnapa-\u00d8 (mm): 79; Reikien m\u00e4\u00e4r\u00e4: 5\/6; Asennuspuoli: Etuakseli, Vorderachse; Korkeus (mm): 76,1; Reik\u00e4ympyr\u00e4-\u00d8 [mm]: 120,0; Py\u00f6r\u00e4npulttireik\u00e4-\u00d8 [mm]: 14,5; Sis\u00e4l\u00e4pimitta [mm]: 148,5; BMW: 5 E39,5 Touring E39; 34111163013, 34111163081, 34111164839, 34116767061; Jarrulevy<\/p>\n","protected":false},"excerpt":{"rendered":"<p>RIDEX Jarrulevyt 82B0032 Jarrulevy BMW,5 E39,5 Touring E39<\/p>\n","protected":false},"featured_media":0,"template":"","meta":{"site-sidebar-layout":"default","site-content-layout":"default","ast-global-header-display":"","ast-main-header-display":"","ast-hfb-above-header-display":"","ast-hfb-below-header-display":"","ast-hfb-mobile-header-display":"","site-post-title":"","ast-breadcrumbs-content":"","ast-featured-img":"","footer-sml-layout":"","theme-transparent-header-meta":"","adv-header-id-meta":"","stick-header-meta":"","header-above-stick-meta":"","header-main-stick-meta":"","header-below-stick-meta":""},"pwb-brand":[157],"product_cat":[66],"product_tag":[],"class_list":{"0":"post-14567","1":"product","2":"type-product","3":"status-publish","5":"pwb-brand-ridex","6":"product_cat-jarrulevyt","7":"desktop-align-left","8":"tablet-align-left","9":"mobile-align-left","11":"first","12":"instock","13":"product-type-external"},"brands":[{"id":157,"name":"RIDEX","slug":"ridex"}],"_links":{"self":[{"href":"https:\/\/www.autonvaraosahaku.fi\/index.php?rest_route=\/wp\/v2\/product\/14567","targetHints":{"allow":["GET"]}}],"collection":[{"href":"https:\/\/www.autonvaraosahaku.fi\/index.php?rest_route=\/wp\/v2\/product"}],"about":[{"href":"https:\/\/www.autonvaraosahaku.fi\/index.php?rest_route=\/wp\/v2\/types\/product"}],"wp:attachment":[{"href":"https:\/\/www.autonvaraosahaku.fi\/index.php?rest_route=%2Fwp%2Fv2%2Fmedia&parent=14567"}],"wp:term":[{"taxonomy":"pwb-brand","embeddable":true,"href":"https:\/\/www.autonvaraosahaku.fi\/index.php?rest_route=%2Fwp%2Fv2%2Fpwb-brand&post=14567"},{"taxonomy":"product_cat","embeddable":true,"href":"https:\/\/www.autonvaraosahaku.fi\/index.php?rest_route=%2Fwp%2Fv2%2Fproduct_cat&post=14567"},{"taxonomy":"product_tag","embeddable":true,"href":"https:\/\/www.autonvaraosahaku.fi\/index.php?rest_route=%2Fwp%2Fv2%2Fproduct_tag&post=14567"}],"curies":[{"name":"wp","href":"https:\/\/api.w.org\/{rel}","templated":true}]}}