{"id":14574,"date":"2021-02-21T14:21:18","date_gmt":"2021-02-21T14:21:18","guid":{"rendered":"https:\/\/www.autonvaraosahaku.fi\/?product=a-b-s-17710-jarrulevyt"},"modified":"2021-02-21T14:21:20","modified_gmt":"2021-02-21T14:21:20","slug":"a-b-s-17710-jarrulevyt","status":"publish","type":"product","link":"https:\/\/www.autonvaraosahaku.fi\/?product=a-b-s-17710-jarrulevyt","title":{"rendered":"A.B.S. 17710 Jarrulevyt"},"content":{"rendered":"<p>Ulkol\u00e4pimitta [mm]: 257; Jarrulevyn paksuus (mm): 22; V\u00e4himm\u00e4ispaksuus (mm): 20; Korkeus (mm): 41; Vanne, aukkoja: 4; Jarrulevytyyppi: Tuuletettu; keskitt\u00e4misl\u00e4pimitta [mm]: 60; Reik\u00e4ympyr\u00e4-\u00d8 [mm]: 100; Pinta: pinnoitettu; Paino [kg]: 5,17; Tuotelinja: COATED; Asennuspuoli: Vorderachse; OPEL: CORSA D,ADAM,CORSA D Van,CORSA E,CORSA E Van; FIAT: GRANDE PUNTO 199,PUNTO EVO 199,PUNTO 199,PUNTO Van 199,GRANDE PUNTO Van 199_,PUNTO EVO Van 199_; VAUXHALL: CORSA Mk III D L_8,ADAM,CORSAVAN Mk III D,CORSA Mk IV E; 55700920, 55700921, 55702569, 6001073179, 71773404, 13317922, 1515074, 569024, 569065, 93169288, 93188917, 93197241, 13317922, 93169288, 93188917, 93197241; Jarrulevy<\/p>\n","protected":false},"excerpt":{"rendered":"<p>A.B.S. Jarrulevyt 17710 Jarrulevy OPEL,FIAT,VAUXHALL,CORSA D,ADAM,CORSA D Van,CORSA E,CORSA E Van,GRANDE PUNTO 199,PUNTO EVO 199,PUNTO 199<\/p>\n","protected":false},"featured_media":0,"template":"","meta":{"site-sidebar-layout":"default","site-content-layout":"default","ast-global-header-display":"","ast-main-header-display":"","ast-hfb-above-header-display":"","ast-hfb-below-header-display":"","ast-hfb-mobile-header-display":"","site-post-title":"","ast-breadcrumbs-content":"","ast-featured-img":"","footer-sml-layout":"","theme-transparent-header-meta":"","adv-header-id-meta":"","stick-header-meta":"","header-above-stick-meta":"","header-main-stick-meta":"","header-below-stick-meta":""},"pwb-brand":[326],"product_cat":[66],"product_tag":[],"class_list":{"0":"post-14574","1":"product","2":"type-product","3":"status-publish","5":"pwb-brand-a-b-s","6":"product_cat-jarrulevyt","7":"desktop-align-left","8":"tablet-align-left","9":"mobile-align-left","11":"first","12":"instock","13":"product-type-external"},"brands":[{"id":326,"name":"A.B.S.","slug":"a-b-s"}],"_links":{"self":[{"href":"https:\/\/www.autonvaraosahaku.fi\/index.php?rest_route=\/wp\/v2\/product\/14574","targetHints":{"allow":["GET"]}}],"collection":[{"href":"https:\/\/www.autonvaraosahaku.fi\/index.php?rest_route=\/wp\/v2\/product"}],"about":[{"href":"https:\/\/www.autonvaraosahaku.fi\/index.php?rest_route=\/wp\/v2\/types\/product"}],"wp:attachment":[{"href":"https:\/\/www.autonvaraosahaku.fi\/index.php?rest_route=%2Fwp%2Fv2%2Fmedia&parent=14574"}],"wp:term":[{"taxonomy":"pwb-brand","embeddable":true,"href":"https:\/\/www.autonvaraosahaku.fi\/index.php?rest_route=%2Fwp%2Fv2%2Fpwb-brand&post=14574"},{"taxonomy":"product_cat","embeddable":true,"href":"https:\/\/www.autonvaraosahaku.fi\/index.php?rest_route=%2Fwp%2Fv2%2Fproduct_cat&post=14574"},{"taxonomy":"product_tag","embeddable":true,"href":"https:\/\/www.autonvaraosahaku.fi\/index.php?rest_route=%2Fwp%2Fv2%2Fproduct_tag&post=14574"}],"curies":[{"name":"wp","href":"https:\/\/api.w.org\/{rel}","templated":true}]}}