{"id":14590,"date":"2021-02-21T14:21:22","date_gmt":"2021-02-21T14:21:22","guid":{"rendered":"https:\/\/www.autonvaraosahaku.fi\/?product=dolz-kd015-vesipumppu-jakohihnasarja"},"modified":"2021-02-21T14:21:24","modified_gmt":"2021-02-21T14:21:24","slug":"dolz-kd015-vesipumppu-jakohihnasarja","status":"publish","type":"product","link":"https:\/\/www.autonvaraosahaku.fi\/?product=dolz-kd015-vesipumppu-jakohihnasarja","title":{"rendered":"DOLZ KD015 Vesipumppu + jakohihnasarja"},"content":{"rendered":"<p>Hammasluku: 144; Leveys (mm): 25,4; Hihnojen m\u00e4\u00e4r\u00e4: 1; tuotenumerolle: C122; Valmistusvuoteen: 12\/2009; MAZDA: 2 DY; TOYOTA: AYGO WNB1_, KGB1_; FORD: FIESTA V JH_, JD_,FUSION JU_,FIESTA V Van; CITRO\u00cbN: C1 PM_, PN_,C2 JM_,C3 I FC_,XSARA N1,C3 Pluriel HB_,XSARA Break N2,XSARA Coupe N0,NEMO Kasten AA_; PEUGEOT: 206 Schr\u00e4gheck 2A\/C,207 WA_, WC_,307 3A\/C,107,206 SW 2E\/K,1007 KM_,BIPPER AA_<\/p>\n","protected":false},"excerpt":{"rendered":"<p>DOLZ Vesipumppu + Jakohihnasarja KD015  MAZDA,TOYOTA,FORD,2 DY,AYGO WNB1_, KGB1_,FIESTA V JH_, JD_,FUSION JU_,FIESTA V Van,C1 PM_, PN_,C2 JM_,C3 I FC_<\/p>\n","protected":false},"featured_media":0,"template":"","meta":{"site-sidebar-layout":"default","site-content-layout":"default","ast-global-header-display":"","ast-main-header-display":"","ast-hfb-above-header-display":"","ast-hfb-below-header-display":"","ast-hfb-mobile-header-display":"","site-post-title":"","ast-breadcrumbs-content":"","ast-featured-img":"","footer-sml-layout":"","theme-transparent-header-meta":"","adv-header-id-meta":"","stick-header-meta":"","header-above-stick-meta":"","header-main-stick-meta":"","header-below-stick-meta":""},"pwb-brand":[265],"product_cat":[321],"product_tag":[],"class_list":{"0":"post-14590","1":"product","2":"type-product","3":"status-publish","5":"pwb-brand-dolz","6":"product_cat-vesipumppu-jakohihnasarja","7":"desktop-align-left","8":"tablet-align-left","9":"mobile-align-left","11":"first","12":"instock","13":"product-type-external"},"brands":[{"id":265,"name":"DOLZ","slug":"dolz"}],"_links":{"self":[{"href":"https:\/\/www.autonvaraosahaku.fi\/index.php?rest_route=\/wp\/v2\/product\/14590","targetHints":{"allow":["GET"]}}],"collection":[{"href":"https:\/\/www.autonvaraosahaku.fi\/index.php?rest_route=\/wp\/v2\/product"}],"about":[{"href":"https:\/\/www.autonvaraosahaku.fi\/index.php?rest_route=\/wp\/v2\/types\/product"}],"wp:attachment":[{"href":"https:\/\/www.autonvaraosahaku.fi\/index.php?rest_route=%2Fwp%2Fv2%2Fmedia&parent=14590"}],"wp:term":[{"taxonomy":"pwb-brand","embeddable":true,"href":"https:\/\/www.autonvaraosahaku.fi\/index.php?rest_route=%2Fwp%2Fv2%2Fpwb-brand&post=14590"},{"taxonomy":"product_cat","embeddable":true,"href":"https:\/\/www.autonvaraosahaku.fi\/index.php?rest_route=%2Fwp%2Fv2%2Fproduct_cat&post=14590"},{"taxonomy":"product_tag","embeddable":true,"href":"https:\/\/www.autonvaraosahaku.fi\/index.php?rest_route=%2Fwp%2Fv2%2Fproduct_tag&post=14590"}],"curies":[{"name":"wp","href":"https:\/\/api.w.org\/{rel}","templated":true}]}}