{"id":14593,"date":"2021-02-21T14:21:22","date_gmt":"2021-02-21T14:21:22","guid":{"rendered":"https:\/\/www.autonvaraosahaku.fi\/?product=febi-bilstein-07060-hydraulinen-venttiilinnostin"},"modified":"2021-02-21T14:21:24","modified_gmt":"2021-02-21T14:21:24","slug":"febi-bilstein-07060-hydraulinen-venttiilinnostin","status":"publish","type":"product","link":"https:\/\/www.autonvaraosahaku.fi\/?product=febi-bilstein-07060-hydraulinen-venttiilinnostin","title":{"rendered":"FEBI BILSTEIN 07060 Hydraulinen venttiilinnostin"},"content":{"rendered":"<p>Paksuus [mm]: 26,0; Ulkol\u00e4pimitta [mm]: 35,0; K\u00e4ytt\u00f6: Hydraulinen; Paino [kg]: 0,056; Huomioi huolto-ohjeet: , ; Huomioi tekniset tiedot: ; VW: GOLF IV 1J1,POLO 9N_,PASSAT Variant 3B6,TRANSPORTER IV Bus 70XB, 70XC, 7DB, 7DW,LUPO 6X1, 6E1,GOLF III 1H1,GOLF IV Variant 1J5,SHARAN 7M8, 7M9, 7M6,POLO 6N1,CADDY III Kombi 2KB, 2KJ, 2CB, 2CJ,PASSAT Variant 3B5,TRANSPORTER V Bus 7HB, 7HJ, 7EB, 7EJ, 7EF,MULTIVAN V 7HM, 7HN, 7HF, 7EF, 7EM, 7EN,PASSAT Variant 3A5, 35I,BORA 1J2,PASSAT 3B2,GOLF III Cabriolet 1E7,TRANSPORTER IV Kasten 70XA,TRANSPORTER V Kasten 7HA, 7HH, 7EA, 7EH,NEW BEETLE 9C1, 1C1,PASSAT 3B3,GOLF Mk III Cabriolet 1E7,BORA Kombi 1J6,GOLF III Variant 1H5,PASSAT 3A2, 35I,CORRADO 53I,CADDY II Kasten 9K9A,TRANSPORTER IV Pritsche\/Fahrgestell 70XD,POLO Variant 6KV5,POLO CLASSIC 6KV2,VENTO 1H2,TRANSPORTER V Pritsche\/Fahrgestell 7JD, 7JE, 7JL, 7JY, 7JZ,,POLO Stufenheck 9A4,CADDY II Kombi 9K9B,CADDY II Pick-up 9U7,GOLF IV Van 1J1,GOLF III Van 1H1; AUDI: A3 8L1,A4 8D2, B5,A4 Avant 8D5, B5,80 8C, B4,CABRIOLET 8G7, B4,A8 4D2, 4D8,80 Avant 8C, B4,A6 Avant 4A, C4,A6 4A, C4,COUPE 89, 8B; SKODA: FABIA Combi 6Y5,FABIA 6Y2,OCTAVIA Combi 1U5,OCTAVIA 1U2,SUPERB 3U4,FABIA Stufenheck 6Y3,FELICIA I 6U1,FELICIA I Fun 797,FABIA Praktik,FELICIA I Kombi 6U5; SEAT: IBIZA IV 6L1,LEON 1M1,AROSA 6H,ALHAMBRA 7V8, 7V9,IBIZA II 6K1,TOLEDO II 1M2,CORDOBA 6K1, 6K2,CORDOBA Vario 6K1,CORDOBA 6L2,TOLEDO I 1L,INCA 6K9; VOLVO: 940 II Kombi 945,940 Kombi 945,940 944,960 Kombi 965,940 II 944,960 964; 050109309, 050109309A, 050109309H, 050109309J, 050109309M, 050109309N, 50109309, 50109309A, 50109309C, 50109309H, 50109309J, 50109309M, 50109309N, BAC103351A, 050109309, 050109309A, 050109309C, 050109309H, 050109309J, 50109309, 50109309A, 50109309C, 50109309H, 50109309J, 050109309H, 050109309J, 50109309H, 50109309J, 9135931, 050109309, 050109309A, 050109309H, 050109309J, 050109309M, 050109309N, 50109309, 50109309A, 50109309C, 50109309H, 50109309J, 50109309M, 50109309N, BAC103351A; Venttiilinnostin<\/p>\n","protected":false},"excerpt":{"rendered":"<p>FEBI BILSTEIN Hydraulinen Venttiilinnostin 07060 Venttiilinnostin VW,AUDI,SKODA,GOLF IV 1J1,POLO 9N_,PASSAT Variant 3B6<\/p>\n","protected":false},"featured_media":0,"template":"","meta":{"site-sidebar-layout":"default","site-content-layout":"default","ast-global-header-display":"","ast-main-header-display":"","ast-hfb-above-header-display":"","ast-hfb-below-header-display":"","ast-hfb-mobile-header-display":"","site-post-title":"","ast-breadcrumbs-content":"","ast-featured-img":"","footer-sml-layout":"","theme-transparent-header-meta":"","adv-header-id-meta":"","stick-header-meta":"","header-above-stick-meta":"","header-main-stick-meta":"","header-below-stick-meta":""},"pwb-brand":[50],"product_cat":[126],"product_tag":[],"class_list":{"0":"post-14593","1":"product","2":"type-product","3":"status-publish","5":"pwb-brand-febi-bilstein","6":"product_cat-hydraulinen-venttiilinnostin","7":"desktop-align-left","8":"tablet-align-left","9":"mobile-align-left","11":"first","12":"instock","13":"product-type-external"},"brands":[{"id":50,"name":"FEBI BILSTEIN","slug":"febi-bilstein"}],"_links":{"self":[{"href":"https:\/\/www.autonvaraosahaku.fi\/index.php?rest_route=\/wp\/v2\/product\/14593","targetHints":{"allow":["GET"]}}],"collection":[{"href":"https:\/\/www.autonvaraosahaku.fi\/index.php?rest_route=\/wp\/v2\/product"}],"about":[{"href":"https:\/\/www.autonvaraosahaku.fi\/index.php?rest_route=\/wp\/v2\/types\/product"}],"wp:attachment":[{"href":"https:\/\/www.autonvaraosahaku.fi\/index.php?rest_route=%2Fwp%2Fv2%2Fmedia&parent=14593"}],"wp:term":[{"taxonomy":"pwb-brand","embeddable":true,"href":"https:\/\/www.autonvaraosahaku.fi\/index.php?rest_route=%2Fwp%2Fv2%2Fpwb-brand&post=14593"},{"taxonomy":"product_cat","embeddable":true,"href":"https:\/\/www.autonvaraosahaku.fi\/index.php?rest_route=%2Fwp%2Fv2%2Fproduct_cat&post=14593"},{"taxonomy":"product_tag","embeddable":true,"href":"https:\/\/www.autonvaraosahaku.fi\/index.php?rest_route=%2Fwp%2Fv2%2Fproduct_tag&post=14593"}],"curies":[{"name":"wp","href":"https:\/\/api.w.org\/{rel}","templated":true}]}}