{"id":14613,"date":"2021-02-21T14:21:26","date_gmt":"2021-02-21T14:21:26","guid":{"rendered":"https:\/\/www.autonvaraosahaku.fi\/?product=magneti-marelli-313011300085-polttoainepumppu"},"modified":"2021-02-21T14:21:27","modified_gmt":"2021-02-21T14:21:27","slug":"magneti-marelli-313011300085-polttoainepumppu","status":"publish","type":"product","link":"https:\/\/www.autonvaraosahaku.fi\/?product=magneti-marelli-313011300085-polttoainepumppu","title":{"rendered":"MAGNETI MARELLI 313011300085 Polttoainepumppu"},"content":{"rendered":"<p>Siirtom\u00e4\u00e4r\u00e4 (l\/h): 155; K\u00e4ytt\u00f6: S\u00e4hk\u00f6inen; J\u00e4nnite sis\u00e4\u00e4n [V]: 12; K\u00e4ytt\u00f6paine (bar): 3; VW: TRANSPORTER II Bus,TRANSPORTER II Kasten; SEAT: IBIZA I 021A,MALAGA 023A; JAGUAR: XJ,XJSC Convertible,XJ Coupe; LANCIA: DELTA I 831AB0,GAMMA Coupe,PRISMA 831AB0,TREVI 828DB; OPEL: OMEGA A 16_, 17_, 19_,CALIBRA A 85_,VECTRA A 86_, 87_,KADETT E CC 33_, 34_, 43_, 44_,KADETT C Coupe,MANTA B 58_, 59_,VECTRA A CC 88_, 89_,MONZA A 22_,KADETT E Cabriolet 43B_,ASCONA B 81_, 86_, 87_, 88_,ASCONA C 81_, 86_, 87_, 88_,REKORD E 17_-19_, 11_, 14_, 16_,SENATOR B 29_,SENATOR A 29_,OMEGA A Caravan 66_, 67_,KADETT E 39_, 49_,ASCONA C CC 84_, 89_,KADETT E Caravan 35_, 36_, 45_, 46_,MANTA B CC 53_, 55_,COMMODORE C 14_, 19_,REKORD E Caravan 61_, 66_, 67_,COMMODORE C Caravan 61,KADETT E Kasten 37_, 47_,KADETT E Combo 38_, 48_; ROVER: 200 Hatchback XW,200 XH,MONTEGO Estate XE,MONTEGO; BMW: 3 E36,3 E30,3 Cabriolet E30,5 E28,6 E24,3 Touring E30,7 E23,5 E12; ALFA ROMEO: SPIDER 115,75 162B,33 907A,GTV 116,33 Sportwagon 907B,6 119,90 162,SZ,RZ; RENAULT: RAPID Kasten F40_, G40_,19 I B\/C53_,TRAFIC Kasten TXX,TRAFIC Bus TXW,ESPACE I J11_,21 Stufenheck L48_,19 I Chamade L53_,MASTER I Kasten T__,21 Kombi K48_,21 B48_,MASTER I Bus T__,TRAFIC Pritsche\/Fahrgestell PXX; FIAT: 132,ARGENTA 132A,REGATA Weekend 138; 119110402100, 60521992, 16121115862, 16141178751, 16141179232, 52251521, 6443402, 92927023, 4421193, 4460210, 60521992, 60546091, 60810370, 82308678, 4421193, 4460210, 60521992, 60546091, 60810370, 7635535, 82308678, 815001, 815004, 90020443, 90292723, 7700426361, 7700722393, 7700855358, 305906C911<\/p>\n","protected":false},"excerpt":{"rendered":"<p>MAGNETI MARELLI Polttoainepumppu 313011300085  VW,SEAT,JAGUAR,TRANSPORTER II Bus,TRANSPORTER II Kasten,IBIZA I 021A,MALAGA 023A,XJ,XJSC Convertible<\/p>\n","protected":false},"featured_media":0,"template":"","meta":{"site-sidebar-layout":"default","site-content-layout":"default","ast-global-header-display":"","ast-main-header-display":"","ast-hfb-above-header-display":"","ast-hfb-below-header-display":"","ast-hfb-mobile-header-display":"","site-post-title":"","ast-breadcrumbs-content":"","ast-featured-img":"","footer-sml-layout":"","theme-transparent-header-meta":"","adv-header-id-meta":"","stick-header-meta":"","header-above-stick-meta":"","header-main-stick-meta":"","header-below-stick-meta":""},"pwb-brand":[34],"product_cat":[73],"product_tag":[],"class_list":{"0":"post-14613","1":"product","2":"type-product","3":"status-publish","5":"pwb-brand-magneti-marelli","6":"product_cat-polttoainepumppu","7":"desktop-align-left","8":"tablet-align-left","9":"mobile-align-left","11":"first","12":"instock","13":"product-type-external"},"brands":[{"id":34,"name":"MAGNETI MARELLI","slug":"magneti-marelli"}],"_links":{"self":[{"href":"https:\/\/www.autonvaraosahaku.fi\/index.php?rest_route=\/wp\/v2\/product\/14613","targetHints":{"allow":["GET"]}}],"collection":[{"href":"https:\/\/www.autonvaraosahaku.fi\/index.php?rest_route=\/wp\/v2\/product"}],"about":[{"href":"https:\/\/www.autonvaraosahaku.fi\/index.php?rest_route=\/wp\/v2\/types\/product"}],"wp:attachment":[{"href":"https:\/\/www.autonvaraosahaku.fi\/index.php?rest_route=%2Fwp%2Fv2%2Fmedia&parent=14613"}],"wp:term":[{"taxonomy":"pwb-brand","embeddable":true,"href":"https:\/\/www.autonvaraosahaku.fi\/index.php?rest_route=%2Fwp%2Fv2%2Fpwb-brand&post=14613"},{"taxonomy":"product_cat","embeddable":true,"href":"https:\/\/www.autonvaraosahaku.fi\/index.php?rest_route=%2Fwp%2Fv2%2Fproduct_cat&post=14613"},{"taxonomy":"product_tag","embeddable":true,"href":"https:\/\/www.autonvaraosahaku.fi\/index.php?rest_route=%2Fwp%2Fv2%2Fproduct_tag&post=14613"}],"curies":[{"name":"wp","href":"https:\/\/api.w.org\/{rel}","templated":true}]}}