{"id":14638,"date":"2021-02-21T14:21:29","date_gmt":"2021-02-21T14:21:29","guid":{"rendered":"https:\/\/www.autonvaraosahaku.fi\/?product=hella-8ga-002-071-131-rekisterikilven-valo"},"modified":"2021-02-21T14:21:31","modified_gmt":"2021-02-21T14:21:31","slug":"hella-8ga-002-071-131-rekisterikilven-valo","status":"publish","type":"product","link":"https:\/\/www.autonvaraosahaku.fi\/?product=hella-8ga-002-071-131-rekisterikilven-valo","title":{"rendered":"HELLA 8GA 002 071-131 Rekisterikilven valo"},"content":{"rendered":"<p>Lamppumalli: R10W; J\u00e4nnite (V): 12; Nimellisteho (W): 10; M\u00e4\u00e4r\u00e4: 10; Tarkistuskilpi: E1; Kantamalli: BA15s; Asennuspuoli: Edess\u00e4 ja takana; Pakkaustyyppi: Laatikko; Valmistusvuosi alkaen: 01\/1992; VW: GOLF IV 1J1,TRANSPORTER V Bus 7HB, 7HJ, 7EB, 7EJ, 7EF,MULTIVAN V 7HM, 7HN, 7HF, 7EF, 7EM, 7EN,UP,TRANSPORTER V Kasten 7HA, 7HH, 7EA, 7EH,TRANSPORTER IV Pritsche\/Fahrgestell 70XD,LT 28-35 I Kasten 281-363,LT 28-35 I Bus 281-363,LT 28-35 I Pritsche\/Fahrgestell 281-363,LT 40-55 I Pritsche\/Fahrgestell 293-909,POLO Kasten 86CF,LT 40-55 I Kasten 291-512,GOLF IV Van 1J1,LOAD UP; AUDI: A3 8P1; MERCEDES-BENZ: Stufenheck W124,Stufenheck W123,E-CLASS W124,COUPE C124,COUPE C123,E-CLASS Cabriolet A124,E-CLASS Coupe C124,T1 Pritsche\/Fahrgestell 602,T2\/L Kasten\/Kombi,T1 Pritsche\/Fahrgestell 601,VARIO Kasten\/Kombi,VARIO Pritsche\/Fahrgestell,CABRIOLET A124,T2\/L Pritsche\/Fahrgestell,T1\/TN Pritsche\/Fahrgestell,VARIO Kipper,T1\/TN Kasten\/Kombi,T2\/L Kommunalfahrzeug,VARIO Bus,VARIO Triebkopf,AGL (RoundNose),MB-TRAC,T2\/L; BMW: 5 E39,5 E60,5 Touring E61,5 Touring E39,3 Compact E36; OPEL: ASTRA G CC F48_, F08_,ASTRA G Caravan F35_,CORSA B 73_, 78_, 79_,ASTRA H GTC L08,SIGNUM,AGILA A H00,ASTRA F CC 53_, 54_, 58_, 59_,OMEGA B Caravan 21_, 22_, 23_,INSIGNIA,ASTRA G Cabriolet F67,INSIGNIA Stufenheck,FRONTERA B 6B_,ASTRA G Coupe F07_,ASTRA G Stufenheck F69_,ASTRA F Cabriolet 53_B,ASTRA F 56_, 57_,KADETT E CC 33_, 34_, 43_, 44_,TIGRA 95_,CORSA A CC 93_, 94_, 98_, 99_,MANTA B 58_, 59_,KADETT E Cabriolet 43B_,ASCONA B 81_, 86_, 87_, 88_,ASCONA C 81_, 86_, 87_, 88_,REKORD E 17_-19_, 11_, 14_, 16_,ASTRA F CLASSIC CC,CORSA A TR 91_, 92_, 96_, 97_,KADETT D 31_-34_, 41_-44_,ASTRA F CLASSIC Stufenheck,KADETT E 39_, 49_,ASCONA C CC 84_, 89_,MANTA B CC 53_, 55_,REKORD E Caravan 61_, 66_, 67_,KADETT D 32_,37_,39, _42,KADETT D Caravan 35_, 36_, 45_, 46_,CORSA A Kasten,ASTRA G CLASSIC T98,ASTRA G CLASSIC Stufenheck T98; FORD: MAVERICK,TRANSIT MK-7 Kasten,TRANSIT MK-7 Bus,TRANSIT Kasten FA_ _,TRANSIT Bus FD_ _, FB_ _, FS_ _, FZ_ _, FC_ _,TRANSIT MK-7 Pritsche\/Fahrgestell,ESCORT VII GAL, AAL, ABL,TRANSIT TOURNEO FB,ESCORT VII Kombi GAL, ANL,ESCORT VII Cabriolet ALL,TRANSIT MK-5 Pritsche\/Fahrgestell E_ _,MAVERICK UDS, UNS,TRANSIT MK-5 Kasten E_ _,FIESTA Kasten J5_, J3_,ESCORT VII Stufenheck GAL, AFL,FIESTA Kasten JV_,ESCORT CLASSIC AAL, ABL,ESCORT CLASSIC Turnier ANL,ESCORT VI Stufenheck GAL,TRANSIT Custom Pritsche\/Fahrgestell,KA; RENAULT: MASTER II Pritsche\/Fahrgestell ED\/HD\/UD; FIAT: PUNTO 188,500 312,500 C 312,PUNTO 176,PUNTO Van 188AX,PUNTO Cabriolet 176C,PUNTO Van 176L; SKODA: CITIGO,FAVORIT 781,FAVORIT Forman 785,FAVORIT Pick-up 787; PEUGEOT: 207 WA_, WC_,208,806 221,BOXER Pritsche\/Fahrgestell,301,208 Kasten; 83952724, KDWHLO9524, 4958163, 1354884, 83952724, 2098102, 90002497, 01121409, 83952724, 83952724, T306, ZF259017064, 2098102, 90002497, 90063111590, KDWHLO9524, KDWHLO9524, 0050269, 2098102, 90002497, 34026282, 50500031, 946777, 946777P01, RM14110183, KDWHLO9524, YY045813112<\/p>\n","protected":false},"excerpt":{"rendered":"<p>HELLA Polttimo, Rekisterikilvenvalo STANDARD 8GA 002 071-131  VW,AUDI,MERCEDES-BENZ,GOLF IV 1J1,TRANSPORTER V Bus 7HB, 7HJ, 7EB, 7EJ, 7EF<\/p>\n","protected":false},"featured_media":0,"template":"","meta":{"site-sidebar-layout":"default","site-content-layout":"default","ast-global-header-display":"","ast-main-header-display":"","ast-hfb-above-header-display":"","ast-hfb-below-header-display":"","ast-hfb-mobile-header-display":"","site-post-title":"","ast-breadcrumbs-content":"","ast-featured-img":"","footer-sml-layout":"","theme-transparent-header-meta":"","adv-header-id-meta":"","stick-header-meta":"","header-above-stick-meta":"","header-main-stick-meta":"","header-below-stick-meta":""},"pwb-brand":[24],"product_cat":[55],"product_tag":[],"class_list":{"0":"post-14638","1":"product","2":"type-product","3":"status-publish","5":"pwb-brand-hella","6":"product_cat-rekisterikilven-valo","7":"desktop-align-left","8":"tablet-align-left","9":"mobile-align-left","11":"first","12":"instock","13":"product-type-external"},"brands":[{"id":24,"name":"HELLA","slug":"hella"}],"_links":{"self":[{"href":"https:\/\/www.autonvaraosahaku.fi\/index.php?rest_route=\/wp\/v2\/product\/14638","targetHints":{"allow":["GET"]}}],"collection":[{"href":"https:\/\/www.autonvaraosahaku.fi\/index.php?rest_route=\/wp\/v2\/product"}],"about":[{"href":"https:\/\/www.autonvaraosahaku.fi\/index.php?rest_route=\/wp\/v2\/types\/product"}],"wp:attachment":[{"href":"https:\/\/www.autonvaraosahaku.fi\/index.php?rest_route=%2Fwp%2Fv2%2Fmedia&parent=14638"}],"wp:term":[{"taxonomy":"pwb-brand","embeddable":true,"href":"https:\/\/www.autonvaraosahaku.fi\/index.php?rest_route=%2Fwp%2Fv2%2Fpwb-brand&post=14638"},{"taxonomy":"product_cat","embeddable":true,"href":"https:\/\/www.autonvaraosahaku.fi\/index.php?rest_route=%2Fwp%2Fv2%2Fproduct_cat&post=14638"},{"taxonomy":"product_tag","embeddable":true,"href":"https:\/\/www.autonvaraosahaku.fi\/index.php?rest_route=%2Fwp%2Fv2%2Fproduct_tag&post=14638"}],"curies":[{"name":"wp","href":"https:\/\/api.w.org\/{rel}","templated":true}]}}