{"id":14664,"date":"2021-02-21T14:21:36","date_gmt":"2021-02-21T14:21:36","guid":{"rendered":"https:\/\/www.autonvaraosahaku.fi\/?product=febi-bilstein-13450-sytytystulpat"},"modified":"2021-02-21T14:21:37","modified_gmt":"2021-02-21T14:21:37","slug":"febi-bilstein-13450-sytytystulpat","status":"publish","type":"product","link":"https:\/\/www.autonvaraosahaku.fi\/?product=febi-bilstein-13450-sytytystulpat","title":{"rendered":"FEBI BILSTEIN 13450 Sytytystulpat"},"content":{"rendered":"<p>Ulkokierre [mm]: M14 x 1,25; Kierteen pituus (mm): 19; Avainv\u00e4li: 21; K\u00e4rkiv\u00e4li (mm): 0,71; Sytytystulppa: 1-maaelektroodi, suoralla istukalla, suoralla istukalla; Huomioi tekniset tiedot: ; VW: KAEFER,SCIROCCO 53B,CADDY I 14,PASSAT Variant 32B,PASSAT 32B,SCIROCCO 53,JETTA I 16,PASSAT Stufenheck 32B,SANTANA 32B; BMW: 3 E30,3 Cabriolet E30,7 E32,5 E28,6 E24,3 E21,3 Touring E30,7 E23,5 E12,Z1; MERCEDES-BENZ: Stufenheck W123; TOYOTA: HILUX V Pick-up LN_, KZN1_, VZN1_,HIACE III Wagon LH1_, RZH1_,HIACE III Kasten YH7_, LH6_, LH7_, LH5_, YH5_, YH6_; CITRO\u00cbN: SM; PEUGEOT: 504 A_, M_,504 Break D_, F_; RENAULT: TWINGO I C06_,CLIO I B\/C57_, 5\/357_,TWINGO I Kasten S06_,SUPER 5 B\/C40_,5 122_,RAPID Kasten F40_, G40_,19 I B\/C53_,9 L42_,11 B\/C37_,19 I Chamade L53_,TRAFIC Kasten T1, T3, T4,CLIO I Kasten S57_,TRAFIC Bus T5, T6, T7,11 Kasten S37_,19 II Kasten S53_,TRAFIC Pritsche\/Fahrgestell P6,SUPER 5 Kasten S40_; 12121262360, 12121263070, 12121276283, 12121279526, 12121288234, 12129056446, 12129056447, 12129057749, 5962A2, 9004851072000, 9807955811, 9807955841, 980795584102, M516104601, NGKBP5E, NGKBP5ES, 9825131060, 066018110, 06601811000, 134518110, 66018110, 6601811000, 0021590403, 0021590603, 0021590703, 0021591603, 0021592203, 0021592503, 0021592603, 0021592903, 0021593003, 0021595903, 0031591003, 0031591103, 0031592703, 0031594603, 0031594703, 1161590103, A0021590403, A0021590603, A0021590703, A0021591603, A0021592203, A0021592503, A0021592603, A0021592903, A0021593003, A0021595903, A0031591003, A0031591103, A0031592703, A0031594603, A0031594703, A1161590103, MS851022, MS851182, MS851182A, MS851212, 22401A4605, 22401V0515, 22401W8915, 22401W8915SA, 22401W8985, 22401W8985PC, 22401W8990, 22401Y9265, B2401A4605, B2401W8915, 5962A2, 5962S7, ZC9862090U, 99917013290, 7700647265, 7700743920, 7700859967, 7700860235, 7700862054, 7701041214, 7701366539, 7701366903, 7701414105, 420543200, 90919010&#8230;; Tulpat,Sytytystulppa<\/p>\n","protected":false},"excerpt":{"rendered":"<p>FEBI BILSTEIN Sytytystulpat 13450 Tulpat,Sytytystulppa VW,BMW,MERCEDES-BENZ,KAEFER,SCIROCCO 53B,CADDY I 14,PASSAT Variant 32B,PASSAT 32B,SCIROCCO 53<\/p>\n","protected":false},"featured_media":0,"template":"","meta":{"site-sidebar-layout":"default","site-content-layout":"default","ast-global-header-display":"","ast-main-header-display":"","ast-hfb-above-header-display":"","ast-hfb-below-header-display":"","ast-hfb-mobile-header-display":"","site-post-title":"","ast-breadcrumbs-content":"","ast-featured-img":"","footer-sml-layout":"","theme-transparent-header-meta":"","adv-header-id-meta":"","stick-header-meta":"","header-above-stick-meta":"","header-main-stick-meta":"","header-below-stick-meta":""},"pwb-brand":[50],"product_cat":[165],"product_tag":[],"class_list":{"0":"post-14664","1":"product","2":"type-product","3":"status-publish","5":"pwb-brand-febi-bilstein","6":"product_cat-sytytystulpat","7":"desktop-align-left","8":"tablet-align-left","9":"mobile-align-left","11":"first","12":"instock","13":"product-type-external"},"brands":[{"id":50,"name":"FEBI BILSTEIN","slug":"febi-bilstein"}],"_links":{"self":[{"href":"https:\/\/www.autonvaraosahaku.fi\/index.php?rest_route=\/wp\/v2\/product\/14664","targetHints":{"allow":["GET"]}}],"collection":[{"href":"https:\/\/www.autonvaraosahaku.fi\/index.php?rest_route=\/wp\/v2\/product"}],"about":[{"href":"https:\/\/www.autonvaraosahaku.fi\/index.php?rest_route=\/wp\/v2\/types\/product"}],"wp:attachment":[{"href":"https:\/\/www.autonvaraosahaku.fi\/index.php?rest_route=%2Fwp%2Fv2%2Fmedia&parent=14664"}],"wp:term":[{"taxonomy":"pwb-brand","embeddable":true,"href":"https:\/\/www.autonvaraosahaku.fi\/index.php?rest_route=%2Fwp%2Fv2%2Fpwb-brand&post=14664"},{"taxonomy":"product_cat","embeddable":true,"href":"https:\/\/www.autonvaraosahaku.fi\/index.php?rest_route=%2Fwp%2Fv2%2Fproduct_cat&post=14664"},{"taxonomy":"product_tag","embeddable":true,"href":"https:\/\/www.autonvaraosahaku.fi\/index.php?rest_route=%2Fwp%2Fv2%2Fproduct_tag&post=14664"}],"curies":[{"name":"wp","href":"https:\/\/api.w.org\/{rel}","templated":true}]}}