{"id":14676,"date":"2021-02-21T14:21:36","date_gmt":"2021-02-21T14:21:36","guid":{"rendered":"https:\/\/www.autonvaraosahaku.fi\/?product=elring-776-327-kierretulppa"},"modified":"2021-02-21T14:21:38","modified_gmt":"2021-02-21T14:21:38","slug":"elring-776-327-kierretulppa","status":"publish","type":"product","link":"https:\/\/www.autonvaraosahaku.fi\/?product=elring-776-327-kierretulppa","title":{"rendered":"ELRING 776.327 Kierretulppa"},"content":{"rendered":"<p>Sis\u00e4l\u00e4pimitta [mm]: 11; Ulkol\u00e4pimitta [mm]: 17,5; Paksuus [mm]: 3; Materiaali: Kupari; Muoto: Kulmikas; Vaihtoehtoinen korjaussarja: 036.400, 505.550, 505.540; Rakennemalli: Micra K11; NISSAN: QASHQAI \/ QASHQAI +2 J10, JJ10,MICRA III K12,X-TRAIL T30,MICRA II K11,NOTE E11,ALMERA TINO V10,ALMERA II Hatchback N16,NAVARA D40,JUKE F15,PATHFINDER R51,X-TRAIL T31,PRIMERA P11,MICRA IV K13,PRIMERA Kombi WP12,PRIMERA P12,NV200 EVALIA,TERRANO II R20,PRIMERA Traveller WP11,350 Z Z33,PRIMERA Hatchback P11,MICRA C+C K12,MURANO Z50,NAVARA Pritsche\/Fahrgestell D40,NOTE E12,PRIMERA Hatchback P12,PATROL GR II Wagon Y61,TIIDA Schr\u00e4gheck,NV200 Kasten,ALMERA I Hatchback N15,MURANO Z51,PICK UP D22,NAVARA D22,PATHFINDER R50,ALMERA Mk II N16,200 SX S13,MICRA I K10,370 Z Z34,ALMERA I N15,PICK UP D21,100 NX B13,SERENA C23M,200 SX S14,PATROL GR I Y60, GR,PRIMERA P10,350 Z Roadster Z33,MAXIMA QX A33,TERRANO I WD21,300 ZX Z32,MAXIMA QX A32,CUBE Z12,300 ZX Z31,PATROL Station Wagon W260,PATROL Hardtop K260,TIIDA Stufenheck SC11X,SUNNY II Coupe B12,SKYLINE Coupe R33,370 Z Roadster Z34,SKYLINE Coupe R34,NP300,SUNNY III N14,QASHQAI J11, J11_,VANETTE Bus C22,SUNNY III Li; INFINITI: Q50,FX,EX,M Y51,G Stufenheck,QX56,M37,G Coupe,M35,Q70 Y51,QX4,QX70,QX80,QX50; MINI: MINI R50, R53; DACIA: DUSTER,LODGY,DOKKER,DOKKER Express,DUSTER Kasten; RENAULT: CLIO III BR0\/1, CR0\/1,MEGANE III Grandtour KZ0\/1,ESPACE IV JK0\/1_,SC\u00c9NIC III JZ0\/1_,LAGUNA III Grandtour KT0\/1,CLIO IV,MEGANE III Schr\u00e4gheck BZ0_,GRAND SC\u00c9NIC III JZ0\/1_,MEGANE III Coupe DZ0\/1_,KOLEOS HY_,CAPTUR,LAGUNA III BT0\/1,MEGANE CC EZ0\/1_,VEL SATIS BJ0_,LAGUNA Coupe DT0\/1,FLUENCE L30_,LATITUDE L70_,DUSTER,KADJAR,MEGANE IV B9A\/M_,MEGANE IV Grandtour K9A\/M_,ESPACE V,TALISMAN Grandtour KP_,TALISMAN,KOLEOS II,MEGANE IV Stufenheck,SANDERO\/STEPWAY II,LOGAN II; MITSUBISHI: LANCER Station Wagon CV_1; UD NISSAN DIESEL: UD Series MK1; RENAULT TRUCKS: MAXITY; 1102601M00, 1102601M01, 1102601M02, 1102631X00, 11026JA00A, 1102601M02, 7701474516; Tiiviste, \u00d6ljynlaskutulppa<\/p>\n","protected":false},"excerpt":{"rendered":"<p>ELRING \u00d6ljytulpan Tiiviste 776.327 Tiiviste, \u00d6ljynlaskutulppa NISSAN,INFINITI,MINI,QASHQAI \/ QASHQAI +2 J10, JJ10,MICRA III K12,X-TRAIL T30<\/p>\n","protected":false},"featured_media":0,"template":"","meta":{"site-sidebar-layout":"default","site-content-layout":"default","ast-global-header-display":"","ast-main-header-display":"","ast-hfb-above-header-display":"","ast-hfb-below-header-display":"","ast-hfb-mobile-header-display":"","site-post-title":"","ast-breadcrumbs-content":"","ast-featured-img":"","footer-sml-layout":"","theme-transparent-header-meta":"","adv-header-id-meta":"","stick-header-meta":"","header-above-stick-meta":"","header-main-stick-meta":"","header-below-stick-meta":""},"pwb-brand":[26],"product_cat":[40],"product_tag":[],"class_list":{"0":"post-14676","1":"product","2":"type-product","3":"status-publish","5":"pwb-brand-elring","6":"product_cat-kierretulppa","7":"desktop-align-left","8":"tablet-align-left","9":"mobile-align-left","11":"first","12":"instock","13":"product-type-external"},"brands":[{"id":26,"name":"ELRING","slug":"elring"}],"_links":{"self":[{"href":"https:\/\/www.autonvaraosahaku.fi\/index.php?rest_route=\/wp\/v2\/product\/14676","targetHints":{"allow":["GET"]}}],"collection":[{"href":"https:\/\/www.autonvaraosahaku.fi\/index.php?rest_route=\/wp\/v2\/product"}],"about":[{"href":"https:\/\/www.autonvaraosahaku.fi\/index.php?rest_route=\/wp\/v2\/types\/product"}],"wp:attachment":[{"href":"https:\/\/www.autonvaraosahaku.fi\/index.php?rest_route=%2Fwp%2Fv2%2Fmedia&parent=14676"}],"wp:term":[{"taxonomy":"pwb-brand","embeddable":true,"href":"https:\/\/www.autonvaraosahaku.fi\/index.php?rest_route=%2Fwp%2Fv2%2Fpwb-brand&post=14676"},{"taxonomy":"product_cat","embeddable":true,"href":"https:\/\/www.autonvaraosahaku.fi\/index.php?rest_route=%2Fwp%2Fv2%2Fproduct_cat&post=14676"},{"taxonomy":"product_tag","embeddable":true,"href":"https:\/\/www.autonvaraosahaku.fi\/index.php?rest_route=%2Fwp%2Fv2%2Fproduct_tag&post=14676"}],"curies":[{"name":"wp","href":"https:\/\/api.w.org\/{rel}","templated":true}]}}