{"id":14697,"date":"2021-02-21T14:21:40","date_gmt":"2021-02-21T14:21:40","guid":{"rendered":"https:\/\/www.autonvaraosahaku.fi\/?product=ridex-82b0014-jarrulevyt"},"modified":"2021-02-21T14:21:42","modified_gmt":"2021-02-21T14:21:42","slug":"ridex-82b0014-jarrulevyt","status":"publish","type":"product","link":"https:\/\/www.autonvaraosahaku.fi\/?product=ridex-82b0014-jarrulevyt","title":{"rendered":"RIDEX 82B0014 Jarrulevyt"},"content":{"rendered":"<p>Jarrulevytyyppi: Vakiomalli; Ulkol\u00e4pimitta [mm]: 253; Jarrulevyn paksuus (mm): 10,2; V\u00e4himm\u00e4ispaksuus (mm): 8,9; Korkeus (mm): 33,0; Reik\u00e4kuvio\/-m\u00e4\u00e4r\u00e4: 04\/04; Reik\u00e4ympyr\u00e4-\u00d8 [mm]: 108,0; keskitt\u00e4misl\u00e4pimitta [mm]: 63,6; Korvaava tuote\/korvaava tiedote 2: Ilman py\u00f6r\u00e4nnapaa, Ilman py\u00f6r\u00e4nkiinnityspultteja; Napa-\u00d8 (mm): 155; Kierremitta: 13,5; Asennuspuoli: Hinterachse; FORD: FIESTA V JH_, JD_,FIESTA VI,FOCUS Kombi DNW,FOCUS DAW, DBW,FIESTA Stufenheck JA8 JR8,FOCUS Stufenheck DFW,FIESTA Stufenheck JAS JBS,SIERRA GBG, GB4,FIESTA VI Van,SCORPIO II GFR, GGR,SIERRA Schr\u00e4gheck GBC, GBG,SIERRA Schr\u00e4gheck GBC,FUSION Stufenheck CD3,SIERRA Kombi BNG,SIERRA Kombi BNC; 1073756, 1197572, 1323621, 1373781, 1456666, 1473006, 1507058, 1514237, 1630149, 1637969, 1659810, 1756882, 1780880, 2M512A315A4A, 4083484, 5022483, 5022666, 5023483, 5030658, 7204066, 7S612A315AA, 85GB2A315BA, 95GB2A315B1C, 95GB2A315BA, 95GB2A315EA, 95GB2A315F1B, 95GB2A315FA, 95GB2A315FB, 95GJ2A315EC, 95GX2A315EA, 95GX2A315EB, 95GX2A315FB, A89SX19346AA, C1BC2A315AA, V85BB2A315AA, V85BB2A315AB, V85BB2A315BA, V85BX2A315AB, V85BX2A315BA, 1S4Z2C026BA, 7S6Z2C026A; Jarrulevy<\/p>\n","protected":false},"excerpt":{"rendered":"<p>RIDEX Jarrulevyt 82B0014 Jarrulevy FORD,FIESTA V JH_, JD_,FIESTA VI,FOCUS Kombi DNW,FOCUS DAW, DBW,FIESTA Stufenheck JA8 JR8,FOCUS Stufenheck DFW<\/p>\n","protected":false},"featured_media":0,"template":"","meta":{"site-sidebar-layout":"default","site-content-layout":"default","ast-global-header-display":"","ast-main-header-display":"","ast-hfb-above-header-display":"","ast-hfb-below-header-display":"","ast-hfb-mobile-header-display":"","site-post-title":"","ast-breadcrumbs-content":"","ast-featured-img":"","footer-sml-layout":"","theme-transparent-header-meta":"","adv-header-id-meta":"","stick-header-meta":"","header-above-stick-meta":"","header-main-stick-meta":"","header-below-stick-meta":""},"pwb-brand":[157],"product_cat":[66],"product_tag":[],"class_list":{"0":"post-14697","1":"product","2":"type-product","3":"status-publish","5":"pwb-brand-ridex","6":"product_cat-jarrulevyt","7":"desktop-align-left","8":"tablet-align-left","9":"mobile-align-left","11":"first","12":"instock","13":"product-type-external"},"brands":[{"id":157,"name":"RIDEX","slug":"ridex"}],"_links":{"self":[{"href":"https:\/\/www.autonvaraosahaku.fi\/index.php?rest_route=\/wp\/v2\/product\/14697","targetHints":{"allow":["GET"]}}],"collection":[{"href":"https:\/\/www.autonvaraosahaku.fi\/index.php?rest_route=\/wp\/v2\/product"}],"about":[{"href":"https:\/\/www.autonvaraosahaku.fi\/index.php?rest_route=\/wp\/v2\/types\/product"}],"wp:attachment":[{"href":"https:\/\/www.autonvaraosahaku.fi\/index.php?rest_route=%2Fwp%2Fv2%2Fmedia&parent=14697"}],"wp:term":[{"taxonomy":"pwb-brand","embeddable":true,"href":"https:\/\/www.autonvaraosahaku.fi\/index.php?rest_route=%2Fwp%2Fv2%2Fpwb-brand&post=14697"},{"taxonomy":"product_cat","embeddable":true,"href":"https:\/\/www.autonvaraosahaku.fi\/index.php?rest_route=%2Fwp%2Fv2%2Fproduct_cat&post=14697"},{"taxonomy":"product_tag","embeddable":true,"href":"https:\/\/www.autonvaraosahaku.fi\/index.php?rest_route=%2Fwp%2Fv2%2Fproduct_tag&post=14697"}],"curies":[{"name":"wp","href":"https:\/\/api.w.org\/{rel}","templated":true}]}}