{"id":14707,"date":"2021-02-21T14:21:43","date_gmt":"2021-02-21T14:21:43","guid":{"rendered":"https:\/\/www.autonvaraosahaku.fi\/?product=ridex-654w0067-pyoranlaakerit"},"modified":"2021-02-21T14:21:44","modified_gmt":"2021-02-21T14:21:44","slug":"ridex-654w0067-pyoranlaakerit","status":"publish","type":"product","link":"https:\/\/www.autonvaraosahaku.fi\/?product=ridex-654w0067-pyoranlaakerit","title":{"rendered":"RIDEX 654W0067 Py\u00f6r\u00e4nlaakerit"},"content":{"rendered":"<p>Leveys (mm): 33; Sis\u00e4l\u00e4pimitta [mm]: 37; Ulkol\u00e4pimitta [mm]: 72; Asennuspuoli: etuakseli molemminpuoleinen, Vorderachse; CITRO\u00cbN: C2 JM_,C3 I FC_,BERLINGO B9,C4 I LC_,DS3,C3 Picasso,C3 II,C4 Coupe LA_,C3 Pluriel HB_,C4 II B7,BERLINGO Kasten B9,DS4,DS3 Cabriolet,C2 ENTERPRISE,BERLINGO Pritsche\/Fahrgestell B9,C-ELYSEE,C4 CACTUS,C3 III SX; PEUGEOT: 207 WA_, WC_,307 3A\/C,207 SW WK_,208,308 4A_, 4C_,5008,3008,PARTNER Tepee,308 CC,1007 KM_,2008,PARTNER Kasten,207 Stufenheck,301,207 Van,PARTNER Pritsche\/Fahrgestell,5008 II,208 Kasten; DS: DS 3,DS 4 \/ DS 4 CROSSBACK,DS 3 Cabriolet; 335072, 335086, 335092, 335072, 335086, 335092; Py\u00f6r\u00e4nlaakerisarja<\/p>\n","protected":false},"excerpt":{"rendered":"<p>RIDEX Py\u00f6r\u00e4nlaakerit 654W0067 Py\u00f6r\u00e4nlaakerisarja CITRO\u00cbN,PEUGEOT,DS,C2 JM_,C3 I FC_,BERLINGO B9,C4 I LC_,DS3,C3 Picasso,C3 II,C4 Coupe LA_<\/p>\n","protected":false},"featured_media":0,"template":"","meta":{"site-sidebar-layout":"default","site-content-layout":"default","ast-global-header-display":"","ast-main-header-display":"","ast-hfb-above-header-display":"","ast-hfb-below-header-display":"","ast-hfb-mobile-header-display":"","site-post-title":"","ast-breadcrumbs-content":"","ast-featured-img":"","footer-sml-layout":"","theme-transparent-header-meta":"","adv-header-id-meta":"","stick-header-meta":"","header-above-stick-meta":"","header-main-stick-meta":"","header-below-stick-meta":""},"pwb-brand":[157],"product_cat":[83],"product_tag":[],"class_list":{"0":"post-14707","1":"product","2":"type-product","3":"status-publish","5":"pwb-brand-ridex","6":"product_cat-pyoranlaakerit","7":"desktop-align-left","8":"tablet-align-left","9":"mobile-align-left","11":"first","12":"instock","13":"product-type-external"},"brands":[{"id":157,"name":"RIDEX","slug":"ridex"}],"_links":{"self":[{"href":"https:\/\/www.autonvaraosahaku.fi\/index.php?rest_route=\/wp\/v2\/product\/14707","targetHints":{"allow":["GET"]}}],"collection":[{"href":"https:\/\/www.autonvaraosahaku.fi\/index.php?rest_route=\/wp\/v2\/product"}],"about":[{"href":"https:\/\/www.autonvaraosahaku.fi\/index.php?rest_route=\/wp\/v2\/types\/product"}],"wp:attachment":[{"href":"https:\/\/www.autonvaraosahaku.fi\/index.php?rest_route=%2Fwp%2Fv2%2Fmedia&parent=14707"}],"wp:term":[{"taxonomy":"pwb-brand","embeddable":true,"href":"https:\/\/www.autonvaraosahaku.fi\/index.php?rest_route=%2Fwp%2Fv2%2Fpwb-brand&post=14707"},{"taxonomy":"product_cat","embeddable":true,"href":"https:\/\/www.autonvaraosahaku.fi\/index.php?rest_route=%2Fwp%2Fv2%2Fproduct_cat&post=14707"},{"taxonomy":"product_tag","embeddable":true,"href":"https:\/\/www.autonvaraosahaku.fi\/index.php?rest_route=%2Fwp%2Fv2%2Fproduct_tag&post=14707"}],"curies":[{"name":"wp","href":"https:\/\/api.w.org\/{rel}","templated":true}]}}